{"id":4269,"date":"2014-08-15T22:31:35","date_gmt":"2014-08-15T20:31:35","guid":{"rendered":"http:\/\/klubmamgdynia.pl\/index.php\/produkt\/mega-creative-supermarket-nella-koszyk-z-akcesoriami-zabawka\/"},"modified":"2026-05-17T22:17:07","modified_gmt":"2026-05-17T20:17:07","slug":"mega-creative-supermarket-nella-koszyk-z-akcesoriami-zabawka","status":"publish","type":"product","link":"http:\/\/klubmamgdynia.pl\/index.php\/produkt\/mega-creative-supermarket-nella-koszyk-z-akcesoriami-zabawka\/","title":{"rendered":"Mega Creative Supermarket Nella Koszyk Z Akcesoriami &#8211; Zabawka"},"content":{"rendered":"<p>Dzi\u0119ki zestawowi supermarket warzyw w koszyku od MEGA CREATIVE Twoje dziecko w formie zabawy pozna przer\u00f3\u017cne owoce i warzywa. Atrakcyjne jest to \u017ce koszyk zawiera du\u017cy wybor warzyw. Dodatkowym atutem zestawu jest koszyk w kt\u00f3rym mo\u017cna ca\u0142o\u015b\u0107 zapakowa\u0107 i zabra\u0107 ze sob\u0105 wsz\u0119dzie i kontynuowa\u0107 zabaw\u0119.Zestaw zawiera 7 r\u00f3\u017cnych warzyw bak\u0142a\u017can ,marchew, papryk\u0119 czerwon\u0105, orzech laskowy, kapust\u0119 x2, kukurydz\u0119, karczoch. Produkt wykonany w ca\u0142o\u015bci z plastiku. Przeznaczony dla dzieci w wieku 3.<\/p>\n<h2>Mega Creative Supermarket Nella Koszyk Z Akcesoriami &#8211; Zabawka Mega Creative<\/h2>\n<p>tupu tup po \u015bniegu tekst, quizy miko\u0142ajek, quizy psi patrol, jad\u0105 jad\u0105 misie tekst, prezenty na 1 roczek, ahmed<\/p>\n<p>yyyyy<\/p>\n<p>&nbsp;<\/p>\n","protected":false},"excerpt":{"rendered":"<p>Dzi\u0119ki zestawowi supermarket warzyw w koszyku od MEGA CREATIVE Twoje dziecko w formie zabawy pozna przer\u00f3\u017cne owoce i warzywa. Atrakcyjne jest to \u017ce koszyk zawiera du\u017cy wybor warzyw. Dodatkowym atutem zestawu jest koszyk w kt\u00f3rym mo\u017cna ca\u0142o\u015b\u0107 zapakowa\u0107 i zabra\u0107 ze sob\u0105 wsz\u0119dzie i kontynuowa\u0107 zabaw\u0119.Zestaw zawiera 7 r\u00f3\u017cnych warzyw bak\u0142a\u017can ,marchew, papryk\u0119 czerwon\u0105, orzech [&hellip;]<\/p>\n","protected":false},"featured_media":4270,"comment_status":"closed","ping_status":"open","template":"","meta":[],"product_cat":[53,64],"product_tag":[781,656,613,835,698],"class_list":["post-4269","product","type-product","status-publish","has-post-thumbnail","hentry","product_cat-kaciki-zabaw","product_cat-mega-creative","product_tag-cytaty-o-wychowaniu-dzieci","product_tag-kolorowanki-lol","product_tag-na-wyspach-bergamutach","product_tag-radosc-dziecka-cytaty","product_tag-zagadki-dla-przedszkolakow"],"_links":{"self":[{"href":"http:\/\/klubmamgdynia.pl\/index.php\/wp-json\/wp\/v2\/product\/4269","targetHints":{"allow":["GET"]}}],"collection":[{"href":"http:\/\/klubmamgdynia.pl\/index.php\/wp-json\/wp\/v2\/product"}],"about":[{"href":"http:\/\/klubmamgdynia.pl\/index.php\/wp-json\/wp\/v2\/types\/product"}],"replies":[{"embeddable":true,"href":"http:\/\/klubmamgdynia.pl\/index.php\/wp-json\/wp\/v2\/comments?post=4269"}],"wp:featuredmedia":[{"embeddable":true,"href":"http:\/\/klubmamgdynia.pl\/index.php\/wp-json\/wp\/v2\/media\/4270"}],"wp:attachment":[{"href":"http:\/\/klubmamgdynia.pl\/index.php\/wp-json\/wp\/v2\/media?parent=4269"}],"wp:term":[{"taxonomy":"product_cat","embeddable":true,"href":"http:\/\/klubmamgdynia.pl\/index.php\/wp-json\/wp\/v2\/product_cat?post=4269"},{"taxonomy":"product_tag","embeddable":true,"href":"http:\/\/klubmamgdynia.pl\/index.php\/wp-json\/wp\/v2\/product_tag?post=4269"}],"curies":[{"name":"wp","href":"https:\/\/api.w.org\/{rel}","templated":true}]}}