{"id":4271,"date":"2019-01-10T06:32:57","date_gmt":"2019-01-10T05:32:57","guid":{"rendered":"http:\/\/klubmamgdynia.pl\/index.php\/produkt\/gra-planszowa-alexander-prawda-czy-wyzwanie-2109\/"},"modified":"2026-04-02T11:05:38","modified_gmt":"2026-04-02T09:05:38","slug":"gra-planszowa-alexander-prawda-czy-wyzwanie-2109","status":"publish","type":"product","link":"http:\/\/klubmamgdynia.pl\/index.php\/produkt\/gra-planszowa-alexander-prawda-czy-wyzwanie-2109\/","title":{"rendered":"Gra planszowa Alexander Prawda Czy Wyzwanie 2109"},"content":{"rendered":"<p>Prawda czy Wyzwanie\u015amia\u0142a gra towarzyska dla odwa\u017cnych. Gracze staj\u0105 w obliczu wyzwa\u0144 i musz\u0105 zmierzy\u0107 si\u0119 z trudnymi pytaniami. Przygotuj si\u0119 na ekscytuj\u0105c\u0105\u00a0zabaw\u0119 ze swoimi przyjaci\u00f3\u0142mi, pe\u0142n\u0105 szale\u0144stw i wyzwa\u0144. Czekaj\u0105 ci\u0119 zwariowane zadania, zaskakuj\u0105ce pytania, trudne decyzje, mn\u00f3stwo \u015bmiechu i zabawnych sytuacji.SZCZERO\u015a\u0106, ODWAGA, ZABAWA!Wyj\u0105tkowa jako\u015bc wykonania produktu.Zawarto\u015b\u0107 opakowaniaplansza &#8211; 1 szt., klepsydra &#8211; 1 szt., pionki drewniane &#8211; 6 szt., karty dwustronne \u201ePrawda\u201d- 55 szt.,\u00a0 karty dwustronne \u201eWyzwanie\u201d- 55 szt., karty dwustronne \u201eDla odwa\u017cnych\u201d- 55 szt., \u017cetony &#8211; 80 szt., znaczniki drewniane &#8211; 18 szt., kostka &#8211; 1 szt., instrukcja                            <\/p>\n<p>Nagrody                            <\/p>\n<p>Jak gra\u0107:1.\tGracze rozstawiaj\u0105 pionki na polu START, karty k\u0142ad\u0105 w 3 stosach na wyznaczonych miejscach na planszy. Wszyscy zawodnicy otrzymuj\u0105 po 3 drewniane znaczniki.\u00a0                            <\/p>\n<p>2.\tUczestnicy rzucaj\u0105 kostk\u0105, przesuwaj\u0105 pionek o wyrzucon\u0105 ilo\u015b\u0107 oczek i stawiaj\u0105 go na polu, kt\u00f3re wyznacza kolor karty, z kt\u00f3rej nale\u017cy przeczyta\u0107 pytanie\/zadanie. Zawodnicy wykonuj\u0105 je, aby zdobywa\u0107 punkty i nie straci\u0107 drewnianych znacznik\u00f3w.                            <\/p>\n<p>3.\tW przypadku, gdy gracz uchyli si\u0119 od odpowiedzi lub odm\u00f3wi wykonania zadania (albo nie uda mu si\u0119 go wykona\u0107), oddaje sw\u00f3j drewniany znacznik. Gdy straci wszystkie trzy, musi zako\u0144czy\u0107 gr\u0119. Gra trwa ustalon\u0105 przez graczy ilo\u015b\u0107 okr\u0105\u017ce\u0144 planszy lub dop\u00f3ki w grze nie pozostanie tylko jeden uczestnik.                            <\/p>\n<p>Produkty                            <\/p>\n<p>            Alexander Szalone Balony 2258<\/p>\n<p>            Alexander Ucieczka Z Lochu 2274<\/p>\n<p>            Opinia od Maksymilian2020-05-09<\/p>\n<p>                Generalnie jestem fanem gier planszowych i karcianych &#8211; st\u0105d ten zakup. Jednak gra typowo dla dzieci. Dla doros\u0142ych to zabawa na kilka chwil, raczej przeznaczone dla m\u0142odszych u\u017cytkownik\u00f3w. <\/p>\n<p>            Alexander Kolejowy Zawr\u00f3t G\u0142owy 2052<\/p>\n<p>            Opinia od a&#8230;o2020-12-07<\/p>\n<p>                \u0141adnie wykonana, kolorowa, wci\u0105gaj\u0105ca, dzieci graj\u0105 same i z rodzicami.<\/p>\n<p>            Alexander Opowie\u015bci Dziwnej Tre\u015bci 2102<\/p>\n<p>            Opinia od p&#8230;n2021-10-16<\/p>\n<p>                Gra spe\u0142nia oczekiwania.<\/p>\n<p>            Alexander Pantomima Gold 2107<\/p>\n<p>            Alexander Pantomima Hot 2113<\/p>\n<p>            Alexander Prawda Czy Wyzwanie 2109<\/p>\n<h2>Gra planszowa Alexander Prawda Czy Wyzwanie 2109 Alexander<\/h2>\n<p>imi\u0119 marcel, pi\u0119kne cytaty o synku, \u017cyczenia na lany poniedzia\u0142ek wielkanocny, buziak gify na dobranoc smieszne, kostek imi\u0119, anio\u0142ki do druku, kolorowe listki tekst, test z lektury felix net i nika oraz gang niewidzialnych ludzi, quiz z bajek, warszawa atrakcje dla m\u0142odzie\u017cy, z\u0142ote my\u015bli pedagogiczne, sentencja dla dziecka<\/p>\n<p>yyyyy<\/p>\n<p>&nbsp;<\/p>\n","protected":false},"excerpt":{"rendered":"<p>Prawda czy Wyzwanie\u015amia\u0142a gra towarzyska dla odwa\u017cnych. Gracze staj\u0105 w obliczu wyzwa\u0144 i musz\u0105 zmierzy\u0107 si\u0119 z trudnymi pytaniami. Przygotuj si\u0119 na ekscytuj\u0105c\u0105\u00a0zabaw\u0119 ze swoimi przyjaci\u00f3\u0142mi, pe\u0142n\u0105 szale\u0144stw i wyzwa\u0144. Czekaj\u0105 ci\u0119 zwariowane zadania, zaskakuj\u0105ce pytania, trudne decyzje, mn\u00f3stwo \u015bmiechu i zabawnych sytuacji.SZCZERO\u015a\u0106, ODWAGA, ZABAWA!Wyj\u0105tkowa jako\u015bc wykonania produktu.Zawarto\u015b\u0107 opakowaniaplansza &#8211; 1 szt., klepsydra &#8211; 1 [&hellip;]<\/p>\n","protected":false},"featured_media":4272,"comment_status":"closed","ping_status":"open","template":"","meta":[],"product_cat":[246,235],"product_tag":[640,743,794,725],"class_list":["post-4271","product","type-product","status-publish","has-post-thumbnail","hentry","product_cat-alexander","product_cat-gry-planszowe","product_tag-prezent-dla-rocznej-dziewczynki","product_tag-quiz-dla-dzieci","product_tag-test-opowiesci-z-narnii-lew-czarownica-i-stara-szafa-do-druku","product_tag-zgadywanki"],"_links":{"self":[{"href":"http:\/\/klubmamgdynia.pl\/index.php\/wp-json\/wp\/v2\/product\/4271","targetHints":{"allow":["GET"]}}],"collection":[{"href":"http:\/\/klubmamgdynia.pl\/index.php\/wp-json\/wp\/v2\/product"}],"about":[{"href":"http:\/\/klubmamgdynia.pl\/index.php\/wp-json\/wp\/v2\/types\/product"}],"replies":[{"embeddable":true,"href":"http:\/\/klubmamgdynia.pl\/index.php\/wp-json\/wp\/v2\/comments?post=4271"}],"wp:featuredmedia":[{"embeddable":true,"href":"http:\/\/klubmamgdynia.pl\/index.php\/wp-json\/wp\/v2\/media\/4272"}],"wp:attachment":[{"href":"http:\/\/klubmamgdynia.pl\/index.php\/wp-json\/wp\/v2\/media?parent=4271"}],"wp:term":[{"taxonomy":"product_cat","embeddable":true,"href":"http:\/\/klubmamgdynia.pl\/index.php\/wp-json\/wp\/v2\/product_cat?post=4271"},{"taxonomy":"product_tag","embeddable":true,"href":"http:\/\/klubmamgdynia.pl\/index.php\/wp-json\/wp\/v2\/product_tag?post=4271"}],"curies":[{"name":"wp","href":"https:\/\/api.w.org\/{rel}","templated":true}]}}