{"id":4277,"date":"2025-02-01T07:17:00","date_gmt":"2025-02-01T06:17:00","guid":{"rendered":"http:\/\/klubmamgdynia.pl\/?post_type=product&#038;p=4277"},"modified":"2026-04-20T03:15:30","modified_gmt":"2026-04-20T01:15:30","slug":"bigtoys-malpki-bgr4497","status":"publish","type":"product","link":"http:\/\/klubmamgdynia.pl\/index.php\/produkt\/bigtoys-malpki-bgr4497\/","title":{"rendered":"BigToys Ma\u0142pki BGR4497"},"content":{"rendered":"<p>Zestaw do gry w spadajce mapki. Wycignij wybrany patyczek i sprawd, czy mapki nie spadn z drzewa. Zawarto: 1 drzewo, 20 patyczkw, 12 figurek mapek. Wymiary opakowania: 30,5 x 20,5 x 6,5 cmWiek: 4+<\/p>\n<h2>BigToys Ma\u0142pki BGR4497 Bigtoys<\/h2>\n<p>quiz bo\u017ce narodzenie, prezent dla 16 latki, rozalia imie, zagadki \u015bmieszne, quiz bajki, quiz bo\u017ce narodzenie, matylda imie, jad\u0105 jad\u0105 misie tekst, zagadki o wio\u015bnie dla dzieci, prezent dla dziecka 1 rok<\/p>\n<p>yyyyy<\/p>\n<p>&nbsp;<\/p>\n","protected":false},"excerpt":{"rendered":"<p>Zestaw do gry w spadajce mapki. Wycignij wybrany patyczek i sprawd, czy mapki nie spadn z drzewa. Zawarto: 1 drzewo, 20 patyczkw, 12 figurek mapek. Wymiary opakowania: 30,5 x 20,5 x 6,5 cmWiek: 4+ BigToys Ma\u0142pki BGR4497 Bigtoys quiz bo\u017ce narodzenie, prezent dla 16 latki, rozalia imie, zagadki \u015bmieszne, quiz bajki, quiz bo\u017ce narodzenie, matylda [&hellip;]<\/p>\n","protected":false},"featured_media":4278,"comment_status":"closed","ping_status":"open","template":"","meta":[],"product_cat":[331,130],"product_tag":[666,664,744,630,709],"class_list":["post-4277","product","type-product","status-publish","has-post-thumbnail","hentry","product_cat-bigtoys","product_cat-gry-dzieciece","product_tag-afrykanskie-imiona","product_tag-atrakcje-dla-dzieci-trojmiasto","product_tag-kolorowanki-swiateczne-do-wydruku","product_tag-podchwytliwe-zagadki-z-odpowiedziami","product_tag-zagadki-dla-dzieci-6-7-lat"],"_links":{"self":[{"href":"http:\/\/klubmamgdynia.pl\/index.php\/wp-json\/wp\/v2\/product\/4277","targetHints":{"allow":["GET"]}}],"collection":[{"href":"http:\/\/klubmamgdynia.pl\/index.php\/wp-json\/wp\/v2\/product"}],"about":[{"href":"http:\/\/klubmamgdynia.pl\/index.php\/wp-json\/wp\/v2\/types\/product"}],"replies":[{"embeddable":true,"href":"http:\/\/klubmamgdynia.pl\/index.php\/wp-json\/wp\/v2\/comments?post=4277"}],"wp:featuredmedia":[{"embeddable":true,"href":"http:\/\/klubmamgdynia.pl\/index.php\/wp-json\/wp\/v2\/media\/4278"}],"wp:attachment":[{"href":"http:\/\/klubmamgdynia.pl\/index.php\/wp-json\/wp\/v2\/media?parent=4277"}],"wp:term":[{"taxonomy":"product_cat","embeddable":true,"href":"http:\/\/klubmamgdynia.pl\/index.php\/wp-json\/wp\/v2\/product_cat?post=4277"},{"taxonomy":"product_tag","embeddable":true,"href":"http:\/\/klubmamgdynia.pl\/index.php\/wp-json\/wp\/v2\/product_tag?post=4277"}],"curies":[{"name":"wp","href":"https:\/\/api.w.org\/{rel}","templated":true}]}}