{"id":4279,"date":"2024-02-07T06:23:47","date_gmt":"2024-02-07T05:23:47","guid":{"rendered":"http:\/\/klubmamgdynia.pl\/?post_type=product&#038;p=4279"},"modified":"2026-05-17T22:46:33","modified_gmt":"2026-05-17T20:46:33","slug":"nuby-laktator-reczny-comfort-zestaw-nbnt67636f","status":"publish","type":"product","link":"http:\/\/klubmamgdynia.pl\/index.php\/produkt\/nuby-laktator-reczny-comfort-zestaw-nbnt67636f\/","title":{"rendered":"Nuby Laktator R\u0119czny Comfort Zestaw NBNT67636F"},"content":{"rendered":"<p>Zobacz program Zbigniewa Urba\u0144skiego &#8222;Baby lab: Test laktator\u00f3w&#8221;Beata Sadowska o Laktatorze ComfortLaktator r\u0119czny Comfort\u2122 Zapewnia on wi\u0119ksz\u0105 elastyczno\u015b\u0107 oraz wygod\u0119 podczas karmienia piersi\u0105 &#8211; teraz mo\u017cesz odci\u0105gn\u0105\u0107 i przechowywa\u0107 mleko, a nast\u0119pnie za pomoc\u0105 za\u0142\u0105czonej butelki lub kubeczka NUBY\u2122 Natural Touch\u2122 u\u017cy\u0107 go do karmienia dziecka. Pomo\u017ce Ci to w przed\u0142u\u017ceniu okresu karmienia piersi\u0105, a Twojemu dziecku pozwoli czerpa\u0107 korzy\u015bci p\u0142yn\u0105ce z karmienia mlekiem matki.Zestaw z laktatorem Comfort \u0142\u0105czy nowe technologie ze sprawdzonymi zasadami projektowania jest bardziej efektywnyi wygodniejszy. Laktator jest w 100% wolny od bisphenolu A.Zestaw zawiera:silikonowy &#8222;lejek&#8221; z prost\u0105 szyjk\u0105 i higieniczn\u0105 os\u0142onk\u0105 podr\u00f3\u017cn\u0105butelk\u0119 &#8211; 240ml z pier\u015bcieniow\u0105 nakr\u0119tk\u0105 i nak\u0142adk\u0105 os\u0142aniaj\u0105c\u0105butelk\u0119 &#8211; 150mlpodstawk\u0119 pod odci\u0105gaczsilikonow\u0105 przykrywk\u01194 jednorazowe wk\u0142adki laktacyjneinstrukcj\u0119 obs\u0142ugiLaktator &#8211; mi\u0119kka, silikonowa warstwa w\u015bcielaj\u0105ca wn\u0119trze lejka laktatora jest w delikatna, naturalna i zapewnia jego doskonalsze przyleganie, a to pozwala na lepsze zassanie i \u0142atwiejsze \u015bci\u0105gni\u0119cie pokarmu. Zaworek wyposa\u017cony jest w regulacj\u0119 si\u0142y ssania, umo\u017cliwia wi\u0119c dopasowanie jej do indywidualnych potrzeb ka\u017cdej mamy. Laktator Nuby pasuje do wszystkich butelek i kubk\u00f3w Natural Touch\u2122:Butelka &#8211; wykonana z wysokiej jako\u015bci polipropylenu, kt\u00f3ry jest w 100 % wolny od bisfenolu A.Smoczek &#8211; Wykonany z mi\u0119kkiego silikonu. Dla zwi\u0119kszenia komfortu Twojego dziecka zosta\u0142 wyposa\u017cony w system antykolkowy, kt\u00f3ry zapobiega po\u0142ykaniu przez dziecko powietrza, zmniejszaj\u0105c w ten spos\u00f3b mo\u017cliwo\u015b\u0107 wyst\u0105pienia kolki. Smoczek posiada specjalne guzki masuj\u0105ce (Guzki N\u00fbby\u2122), kt\u00f3re masuj\u0105 delikatne dzi\u0105s\u0142a niemowl\u0119cia, wspomagaj\u0105c tym samym proces z\u0105bkowania.Nagroda:Z rado\u015bci\u0105 informujemy, \u017ce nasz produkt otrzyma\u0142,&#8221;DIAMENT&#8221; Targ\u00f3w Brzuszek i Maluszek w kategorii: Bezpiecze\u0144stwo i Innowacyjno\u015b\u0107 &#8211; Pozna\u0144 21-22.05.2011<\/p>\n<h2>Nuby Laktator R\u0119czny Comfort Zestaw NBNT67636F Nuby<\/h2>\n<p>1 listopada dzie\u0144 wszystkich \u015bwi\u0119tych kolorowanki, zagadki logiczne i odpowiedzi, testy katarynka, quiz psi patrol, z\u0142ote my\u015bli kubu\u015b puchatek cytaty, test z lektury dzieci z bullerbyn, sandra imie, gabriel imie, karyna, pan twardowski na ksi\u0119\u017cycu wiersz, wierszyki o wakacjach kr\u00f3tkie, alan imie<\/p>\n<p>yyyyy<\/p>\n<p>&nbsp;<\/p>\n","protected":false},"excerpt":{"rendered":"<p>Zobacz program Zbigniewa Urba\u0144skiego &#8222;Baby lab: Test laktator\u00f3w&#8221;Beata Sadowska o Laktatorze ComfortLaktator r\u0119czny Comfort\u2122 Zapewnia on wi\u0119ksz\u0105 elastyczno\u015b\u0107 oraz wygod\u0119 podczas karmienia piersi\u0105 &#8211; teraz mo\u017cesz odci\u0105gn\u0105\u0107 i przechowywa\u0107 mleko, a nast\u0119pnie za pomoc\u0105 za\u0142\u0105czonej butelki lub kubeczka NUBY\u2122 Natural Touch\u2122 u\u017cy\u0107 go do karmienia dziecka. Pomo\u017ce Ci to w przed\u0142u\u017ceniu okresu karmienia piersi\u0105, a [&hellip;]<\/p>\n","protected":false},"featured_media":4280,"comment_status":"closed","ping_status":"open","template":"","meta":[],"product_cat":[1016,1211],"product_tag":[775,752,638,745,738],"class_list":["post-4279","product","type-product","status-publish","has-post-thumbnail","hentry","product_cat-laktatory","product_cat-nuby","product_tag-kolorowanki-do-druku-pokemon","product_tag-kuba-imie","product_tag-miastodzieci","product_tag-prezent-dla-15-latki","product_tag-wroclaw-dla-dzieci"],"_links":{"self":[{"href":"http:\/\/klubmamgdynia.pl\/index.php\/wp-json\/wp\/v2\/product\/4279","targetHints":{"allow":["GET"]}}],"collection":[{"href":"http:\/\/klubmamgdynia.pl\/index.php\/wp-json\/wp\/v2\/product"}],"about":[{"href":"http:\/\/klubmamgdynia.pl\/index.php\/wp-json\/wp\/v2\/types\/product"}],"replies":[{"embeddable":true,"href":"http:\/\/klubmamgdynia.pl\/index.php\/wp-json\/wp\/v2\/comments?post=4279"}],"wp:featuredmedia":[{"embeddable":true,"href":"http:\/\/klubmamgdynia.pl\/index.php\/wp-json\/wp\/v2\/media\/4280"}],"wp:attachment":[{"href":"http:\/\/klubmamgdynia.pl\/index.php\/wp-json\/wp\/v2\/media?parent=4279"}],"wp:term":[{"taxonomy":"product_cat","embeddable":true,"href":"http:\/\/klubmamgdynia.pl\/index.php\/wp-json\/wp\/v2\/product_cat?post=4279"},{"taxonomy":"product_tag","embeddable":true,"href":"http:\/\/klubmamgdynia.pl\/index.php\/wp-json\/wp\/v2\/product_tag?post=4279"}],"curies":[{"name":"wp","href":"https:\/\/api.w.org\/{rel}","templated":true}]}}