{"id":4281,"date":"2011-03-14T09:10:27","date_gmt":"2011-03-14T08:10:27","guid":{"rendered":"http:\/\/klubmamgdynia.pl\/index.php\/produkt\/bigtoys-kombajn-ba6177\/"},"modified":"2026-05-17T23:23:13","modified_gmt":"2026-05-17T21:23:13","slug":"bigtoys-kombajn-ba6177","status":"publish","type":"product","link":"http:\/\/klubmamgdynia.pl\/index.php\/produkt\/bigtoys-kombajn-ba6177\/","title":{"rendered":"Bigtoys Kombajn (BA6177)"},"content":{"rendered":"<p>KOMBAJN Z NAP\u0118DEM to fantastyczna zabawka dla dzieci ciekawych pracy na farmie ! Wykonana z wysokiej jako\u015bci tworzywa z dba\u0142o\u015bci\u0105 o szczeg\u00f3\u0142y.Produkt odzwierciedla prawdziwy kombajn, a ruchome cz\u0119\u015bci pobudzaj\u0105 wyobra\u017ani\u0119 dziecka.Dzi\u0119ki nap\u0119dowi, po pchni\u0119ciu pojazd porusza si\u0119 sam.Zabawka posiada certyfikat CE bezpiecze\u0144stwa. Model &#8211; Du\u017cy kombajn zbo\u017cowy z hederem. Wykonanie z tworzywa wysokiej jako\u015bci \u017bywe kolory odporne na blakni\u0119cie Kombajn posiada cz\u0119\u015bci ruchome Nap\u0119d Pomys\u0142 na prezent Od lat 3 Wymiary: 29,5 x 19 x 14 cm 2 kolory mix<\/p>\n<h2>Bigtoys Kombajn (BA6177) Bigtoys<\/h2>\n<p>kr\u00f3tkie bajki do czytania na dobranoc, prezent dla siedemnastolatka, ozdoby \u015bwi\u0105teczne z rolek po papierze toaletowym, ka\u0142u\u017cy\u015bci<\/p>\n<p>yyyyy<\/p>\n<p>&nbsp;<\/p>\n","protected":false},"excerpt":{"rendered":"<p>KOMBAJN Z NAP\u0118DEM to fantastyczna zabawka dla dzieci ciekawych pracy na farmie ! Wykonana z wysokiej jako\u015bci tworzywa z dba\u0142o\u015bci\u0105 o szczeg\u00f3\u0142y.Produkt odzwierciedla prawdziwy kombajn, a ruchome cz\u0119\u015bci pobudzaj\u0105 wyobra\u017ani\u0119 dziecka.Dzi\u0119ki nap\u0119dowi, po pchni\u0119ciu pojazd porusza si\u0119 sam.Zabawka posiada certyfikat CE bezpiecze\u0144stwa. Model &#8211; Du\u017cy kombajn zbo\u017cowy z hederem. Wykonanie z tworzywa wysokiej jako\u015bci \u017bywe [&hellip;]<\/p>\n","protected":false},"featured_media":4282,"comment_status":"closed","ping_status":"open","template":"","meta":[],"product_cat":[83,331],"product_tag":[807,751,649,634],"class_list":["post-4281","product","type-product","status-publish","has-post-thumbnail","hentry","product_cat-auta-i-inne-pojazdy-do-zabawy","product_cat-bigtoys","product_tag-logiczne-zagadki","product_tag-psi-patrol-kolorowanka","product_tag-zagadki-dla-nastolatkow","product_tag-zagadki-wielkanocne-dla-dzieci"],"_links":{"self":[{"href":"http:\/\/klubmamgdynia.pl\/index.php\/wp-json\/wp\/v2\/product\/4281","targetHints":{"allow":["GET"]}}],"collection":[{"href":"http:\/\/klubmamgdynia.pl\/index.php\/wp-json\/wp\/v2\/product"}],"about":[{"href":"http:\/\/klubmamgdynia.pl\/index.php\/wp-json\/wp\/v2\/types\/product"}],"replies":[{"embeddable":true,"href":"http:\/\/klubmamgdynia.pl\/index.php\/wp-json\/wp\/v2\/comments?post=4281"}],"wp:featuredmedia":[{"embeddable":true,"href":"http:\/\/klubmamgdynia.pl\/index.php\/wp-json\/wp\/v2\/media\/4282"}],"wp:attachment":[{"href":"http:\/\/klubmamgdynia.pl\/index.php\/wp-json\/wp\/v2\/media?parent=4281"}],"wp:term":[{"taxonomy":"product_cat","embeddable":true,"href":"http:\/\/klubmamgdynia.pl\/index.php\/wp-json\/wp\/v2\/product_cat?post=4281"},{"taxonomy":"product_tag","embeddable":true,"href":"http:\/\/klubmamgdynia.pl\/index.php\/wp-json\/wp\/v2\/product_tag?post=4281"}],"curies":[{"name":"wp","href":"https:\/\/api.w.org\/{rel}","templated":true}]}}