{"id":4287,"date":"2018-04-07T23:55:23","date_gmt":"2018-04-07T21:55:23","guid":{"rendered":"http:\/\/klubmamgdynia.pl\/index.php\/produkt\/nice-zabawa-edukacyjna-dino-dentino\/"},"modified":"2026-05-17T22:59:22","modified_gmt":"2026-05-17T20:59:22","slug":"nice-zabawa-edukacyjna-dino-dentino","status":"publish","type":"product","link":"http:\/\/klubmamgdynia.pl\/index.php\/produkt\/nice-zabawa-edukacyjna-dino-dentino\/","title":{"rendered":"Nice Zabawa Edukacyjna Dino Dentino"},"content":{"rendered":"<p>Dzieci zas\u0142uguj\u0105 na to co najlepsze, dlatego przedstawiamy Ci Zabawa Edukacyjna Dino Dentino, idealny dla tych, kt\u00f3rzy szukaj\u0105 produkt\u00f3w wysokiej jako\u015bci dla dzieci! Zdob\u0105d\u017a i inne produkty markowe i licencyjne w najlepszych cenach!Zalecany Wiek: + 3 latZasilana bateriami: Nie&#8230;<\/p>\n<h2>Nice Zabawa Edukacyjna Dino Dentino Bigbuy Fun<\/h2>\n<p>papuga kolorowanka, najlepsze zagadki, sing 2 multikino, wydarzenia dla dzieci warszawa, m\u0105dre bajki dla dzieci do czytania, rezolutna dziewczynka z wiersza tuwima, quiz znaki drogowe, cytaty o dzieciach, motyl kolorowanka, kolorowanka robot, prezent dla rocznego dziecka, paloma, prezent dla dwunastolatka, zagadki dla dzieci, choinka z bibu\u0142y, logiczne zagadki<\/p>\n<p>yyyyy<\/p>\n<p>&nbsp;<\/p>\n","protected":false},"excerpt":{"rendered":"<p>Dzieci zas\u0142uguj\u0105 na to co najlepsze, dlatego przedstawiamy Ci Zabawa Edukacyjna Dino Dentino, idealny dla tych, kt\u00f3rzy szukaj\u0105 produkt\u00f3w wysokiej jako\u015bci dla dzieci! Zdob\u0105d\u017a i inne produkty markowe i licencyjne w najlepszych cenach!Zalecany Wiek: + 3 latZasilana bateriami: Nie&#8230; Nice Zabawa Edukacyjna Dino Dentino Bigbuy Fun papuga kolorowanka, najlepsze zagadki, sing 2 multikino, wydarzenia dla [&hellip;]<\/p>\n","protected":false},"featured_media":4288,"comment_status":"closed","ping_status":"open","template":"","meta":[],"product_cat":[223,537],"product_tag":[583,858,623,721],"class_list":["post-4287","product","type-product","status-publish","has-post-thumbnail","hentry","product_cat-bigbuy-fun","product_cat-pozostale-zabawki-edukacyjne","product_tag-kolysanki-dla-dzieci-tekst","product_tag-podchwytliwe-zagadki","product_tag-zagadki-logiczne-smieszne","product_tag-zagadki-matematyczne"],"_links":{"self":[{"href":"http:\/\/klubmamgdynia.pl\/index.php\/wp-json\/wp\/v2\/product\/4287","targetHints":{"allow":["GET"]}}],"collection":[{"href":"http:\/\/klubmamgdynia.pl\/index.php\/wp-json\/wp\/v2\/product"}],"about":[{"href":"http:\/\/klubmamgdynia.pl\/index.php\/wp-json\/wp\/v2\/types\/product"}],"replies":[{"embeddable":true,"href":"http:\/\/klubmamgdynia.pl\/index.php\/wp-json\/wp\/v2\/comments?post=4287"}],"wp:featuredmedia":[{"embeddable":true,"href":"http:\/\/klubmamgdynia.pl\/index.php\/wp-json\/wp\/v2\/media\/4288"}],"wp:attachment":[{"href":"http:\/\/klubmamgdynia.pl\/index.php\/wp-json\/wp\/v2\/media?parent=4287"}],"wp:term":[{"taxonomy":"product_cat","embeddable":true,"href":"http:\/\/klubmamgdynia.pl\/index.php\/wp-json\/wp\/v2\/product_cat?post=4287"},{"taxonomy":"product_tag","embeddable":true,"href":"http:\/\/klubmamgdynia.pl\/index.php\/wp-json\/wp\/v2\/product_tag?post=4287"}],"curies":[{"name":"wp","href":"https:\/\/api.w.org\/{rel}","templated":true}]}}