{"id":429,"date":"2018-04-18T00:59:37","date_gmt":"2018-04-17T22:59:37","guid":{"rendered":"http:\/\/klubmamgdynia.pl\/index.php\/produkt\/lillitoy-plaszczyk-przeciwdeszczowy-flora-rozmiar-38-ubranko-dla-lalek-miniland\/"},"modified":"2026-05-17T22:29:28","modified_gmt":"2026-05-17T20:29:28","slug":"lillitoy-plaszczyk-przeciwdeszczowy-flora-rozmiar-38-ubranko-dla-lalek-miniland","status":"publish","type":"product","link":"http:\/\/klubmamgdynia.pl\/index.php\/produkt\/lillitoy-plaszczyk-przeciwdeszczowy-flora-rozmiar-38-ubranko-dla-lalek-miniland\/","title":{"rendered":"Lillitoy P\u0142aszczyk Przeciwdeszczowy Flora Rozmiar 38 Ubranko Dla Lalek Miniland"},"content":{"rendered":"<p>P\u0142aszczyk idealny na deszczow\u0105 pogod\u0119. Wykonany z wodoodpornego ortalionu w radosny kwiecisty wz\u00f3r.<\/p>\n<h2>Lillitoy P\u0142aszczyk Przeciwdeszczowy Flora Rozmiar 38 Ubranko Dla Lalek Miniland <\/h2>\n<p>zabawy dla 5-6 latk\u00f3w, kolorowanki pokemon, kolorowanki do druku dla dziewczyn, cyferki do druku, rzadkie imiona \u017ce\u0144skie, platformy edukacyjne dla dzieci, peppa do czytania, pomys\u0142y na dzie\u0144 dziecka dla nastolatk\u00f3w, cytaty ma\u0142y ksi\u0105\u017ce, ch\u0142opcy z placu broni &#8211; test<\/p>\n<p>yyyyy<\/p>\n<p>&nbsp;<\/p>\n","protected":false},"excerpt":{"rendered":"<p>P\u0142aszczyk idealny na deszczow\u0105 pogod\u0119. Wykonany z wodoodpornego ortalionu w radosny kwiecisty wz\u00f3r. Lillitoy P\u0142aszczyk Przeciwdeszczowy Flora Rozmiar 38 Ubranko Dla Lalek Miniland zabawy dla 5-6 latk\u00f3w, kolorowanki pokemon, kolorowanki do druku dla dziewczyn, cyferki do druku, rzadkie imiona \u017ce\u0144skie, platformy edukacyjne dla dzieci, peppa do czytania, pomys\u0142y na dzie\u0144 dziecka dla nastolatk\u00f3w, cytaty ma\u0142y [&hellip;]<\/p>\n","protected":false},"featured_media":430,"comment_status":"closed","ping_status":"open","template":"","meta":[],"product_cat":[50],"product_tag":[806,631,721],"class_list":["post-429","product","type-product","status-publish","has-post-thumbnail","hentry","product_cat-ubranka-i-buty-dla-lalek","product_tag-prezent-dla-dziecka-na-roczek","product_tag-prezent-na-roczek","product_tag-zagadki-matematyczne"],"_links":{"self":[{"href":"http:\/\/klubmamgdynia.pl\/index.php\/wp-json\/wp\/v2\/product\/429","targetHints":{"allow":["GET"]}}],"collection":[{"href":"http:\/\/klubmamgdynia.pl\/index.php\/wp-json\/wp\/v2\/product"}],"about":[{"href":"http:\/\/klubmamgdynia.pl\/index.php\/wp-json\/wp\/v2\/types\/product"}],"replies":[{"embeddable":true,"href":"http:\/\/klubmamgdynia.pl\/index.php\/wp-json\/wp\/v2\/comments?post=429"}],"wp:featuredmedia":[{"embeddable":true,"href":"http:\/\/klubmamgdynia.pl\/index.php\/wp-json\/wp\/v2\/media\/430"}],"wp:attachment":[{"href":"http:\/\/klubmamgdynia.pl\/index.php\/wp-json\/wp\/v2\/media?parent=429"}],"wp:term":[{"taxonomy":"product_cat","embeddable":true,"href":"http:\/\/klubmamgdynia.pl\/index.php\/wp-json\/wp\/v2\/product_cat?post=429"},{"taxonomy":"product_tag","embeddable":true,"href":"http:\/\/klubmamgdynia.pl\/index.php\/wp-json\/wp\/v2\/product_tag?post=429"}],"curies":[{"name":"wp","href":"https:\/\/api.w.org\/{rel}","templated":true}]}}