{"id":4295,"date":"2025-04-21T20:53:03","date_gmt":"2025-04-21T18:53:03","guid":{"rendered":"http:\/\/klubmamgdynia.pl\/?post_type=product&#038;p=4295"},"modified":"2026-04-04T14:45:29","modified_gmt":"2026-04-04T12:45:29","slug":"babyono-549-dwustronna-ksiazeczka-sensoryczna-friendly-forest","status":"publish","type":"product","link":"http:\/\/klubmamgdynia.pl\/index.php\/produkt\/babyono-549-dwustronna-ksiazeczka-sensoryczna-friendly-forest\/","title":{"rendered":"Babyono 549 Dwustronna Ksi\u0105\u017ceczka Sensoryczna Friendly Forest"},"content":{"rendered":"<p>Interesuj\u0105ca ksi\u0105\u017ceczkasensoryczna FRIENDLY FOREST przeznaczonajest z jednej strony dla niemowl\u0105t a z drugiej dla dzieci. Stymuluje rozw\u00f3jdziecka od najwcze\u015bniejszego etapu.Strona dlaniemowl\u0105t oparta jest na du\u017cym kontra\u015bciekolorystycznym. Czarny, bia\u0142y, czerwony u\u017cyte s\u0105 zgodnie z mo\u017cliwo\u015bci\u0105 dostrzeganiabarw przez dziecko we wczesnej fazie. Nadruk przedstawia du\u017ce elementy \u2013 le\u015bnezwierz\u0119ta i ro\u015bliny. Rozwija motoryk\u0119 &#8211; wspomaga proces przekr\u0119cania ipodnoszenia g\u0142\u00f3wki, a w p\u00f3\u017aniejszym czasie przekr\u0119cania si\u0119 na boki i brzuszek.Strona dlastarszych dzieci pobudza spostrzegawczo\u015b\u0107 dzi\u0119kizr\u00f3\u017cnicowanym wielobarwnym obrazkom oraz lusterku. Zach\u0119ca do wyci\u0105ganiar\u0105czek, wspomaga odruch chwytu dzi\u0119ki przestrzennym kolorowym tasiemkom.Dodatkowo rozwija s\u0142uch dziecka za pomoc\u0105 delikatnie szeleszcz\u0105cych element\u00f3w iumieszczonej wewn\u0105trz piszcza\u0142ki, a tak\u017ce percepcj\u0119 poprzez r\u00f3\u017cne fakturymateria\u0142\u00f3w.Ksi\u0105\u017ceczka pomaga nawi\u0105zywa\u0107 interakcj\u0119 z dzieckiem \u2013 rodzic mo\u017ce nazywa\u0107,opisywa\u0107 le\u015bny \u015bwiat, uczy\u0107 dziecko odg\u0142os\u00f3w, s\u0142\u00f3w. Ten wsp\u00f3lnie sp\u0119dzonyczas z wykorzystaniem odpowiedniej zabawki ma du\u017cy wp\u0142yw na pog\u0142\u0119bienie wi\u0119ziemocjonalnej.Produkt jestmi\u0119kki i mi\u0142y w dotyku, przez co dziecko z przyjemno\u015bci\u0105 mo\u017ce bawi\u0107 si\u0119 \u2013sk\u0142ada\u0107, rozk\u0142ada\u0107 i obraca\u0107 ksi\u0105\u017ceczk\u0119.Do\u0142\u0105czone do produktu funkcjonalnetasiemki mo\u017cna przywi\u0105za\u0107 do \u0142\u00f3\u017ceczka, przez co ksi\u0105\u017ceczka nie tylko staje si\u0119produktem edukacyjnym, lecz r\u00f3wnie\u017c pe\u0142ni funkcj\u0119 ochraniacza.Wraz z kostk\u0105 i mat\u0105FRIENDLY FOREST tworz\u0105 unikalna kolekcj\u0119 zaprojektowan\u0105 specjalnie z my\u015bl\u0105 orozwoju psycho-motorycznym dzieci.Produkt jest \u0142atwy wutrzymaniu w czysto\u015bci. Mo\u017cna go pra\u0107 r\u0119cznie w temperaturze 30 stopniCelsjusza.Babyono WE HELPTO GROW \u2013 to motto przy\u015bwieca nam w tworzeniu specjalnych rozwi\u0105za\u0144 dlanajm\u0142odszych.W\u0142a\u015bciwo\u015bci:rozwija wyobra\u017ani\u0119 dzieckawystaj\u0105ce metki i dodatkowe elementy piszcz\u0105ce, grzechocz\u0105ce przyci\u0105gaj\u0105ce uwag\u0119rozwija umiej\u0119tno\u015bci poznawcze poprzez stymuluj\u0105ce kszta\u0142ty i d\u017awi\u0119ki oraz dodane lusterkomi\u0119kka i mi\u0142a w dotykupe\u0142ni funkcj\u0119 ochraniacza na \u0142\u00f3\u017ceczkoDane techniczne:Materia\u0142: 100% poliester Wymiary roz\u0142o\u017conej ksi\u0105\u017ceczki: szer. 84 cm x wys. 15 cm Wymiary opakowania: szer. 16 cm x wys. 41 cm x g\u0142. 3 cmWaga: 0, 08 kg<\/p>\n<h2>Babyono 549 Dwustronna Ksi\u0105\u017ceczka Sensoryczna Friendly Forest BabyOno<\/h2>\n<p>ziemia wyspa zielona tekst, kolorowanka potwory, kolorowanka elsa, prezenty dla m\u0142odzie\u017cy<\/p>\n<p>yyyyy<\/p>\n<p>&nbsp;<\/p>\n","protected":false},"excerpt":{"rendered":"<p>Interesuj\u0105ca ksi\u0105\u017ceczkasensoryczna FRIENDLY FOREST przeznaczonajest z jednej strony dla niemowl\u0105t a z drugiej dla dzieci. Stymuluje rozw\u00f3jdziecka od najwcze\u015bniejszego etapu.Strona dlaniemowl\u0105t oparta jest na du\u017cym kontra\u015bciekolorystycznym. Czarny, bia\u0142y, czerwony u\u017cyte s\u0105 zgodnie z mo\u017cliwo\u015bci\u0105 dostrzeganiabarw przez dziecko we wczesnej fazie. Nadruk przedstawia du\u017ce elementy \u2013 le\u015bnezwierz\u0119ta i ro\u015bliny. Rozwija motoryk\u0119 &#8211; wspomaga proces przekr\u0119cania ipodnoszenia [&hellip;]<\/p>\n","protected":false},"featured_media":4296,"comment_status":"closed","ping_status":"open","template":"","meta":[],"product_cat":[27,61],"product_tag":[861,669,690,587,873],"class_list":["post-4295","product","type-product","status-publish","has-post-thumbnail","hentry","product_cat-babyono","product_cat-zabawki-edukacyjne-dla-niemowlat","product_tag-jak-narysowac-psa","product_tag-kolorowanki","product_tag-pieski-male-dwa-tekst","product_tag-skalne-miasto","product_tag-zagadki-z-odpowiedziami-dla-dzieci"],"_links":{"self":[{"href":"http:\/\/klubmamgdynia.pl\/index.php\/wp-json\/wp\/v2\/product\/4295","targetHints":{"allow":["GET"]}}],"collection":[{"href":"http:\/\/klubmamgdynia.pl\/index.php\/wp-json\/wp\/v2\/product"}],"about":[{"href":"http:\/\/klubmamgdynia.pl\/index.php\/wp-json\/wp\/v2\/types\/product"}],"replies":[{"embeddable":true,"href":"http:\/\/klubmamgdynia.pl\/index.php\/wp-json\/wp\/v2\/comments?post=4295"}],"wp:featuredmedia":[{"embeddable":true,"href":"http:\/\/klubmamgdynia.pl\/index.php\/wp-json\/wp\/v2\/media\/4296"}],"wp:attachment":[{"href":"http:\/\/klubmamgdynia.pl\/index.php\/wp-json\/wp\/v2\/media?parent=4295"}],"wp:term":[{"taxonomy":"product_cat","embeddable":true,"href":"http:\/\/klubmamgdynia.pl\/index.php\/wp-json\/wp\/v2\/product_cat?post=4295"},{"taxonomy":"product_tag","embeddable":true,"href":"http:\/\/klubmamgdynia.pl\/index.php\/wp-json\/wp\/v2\/product_tag?post=4295"}],"curies":[{"name":"wp","href":"https:\/\/api.w.org\/{rel}","templated":true}]}}