{"id":4299,"date":"2017-06-04T05:46:55","date_gmt":"2017-06-04T03:46:55","guid":{"rendered":"http:\/\/klubmamgdynia.pl\/index.php\/produkt\/amaryllo-niania-icam-ibabi-hd-360-acc1308c1pkeu\/"},"modified":"2026-04-18T17:42:06","modified_gmt":"2026-04-18T15:42:06","slug":"amaryllo-niania-icam-ibabi-hd-360-acc1308c1pkeu","status":"publish","type":"product","link":"http:\/\/klubmamgdynia.pl\/index.php\/produkt\/amaryllo-niania-icam-ibabi-hd-360-acc1308c1pkeu\/","title":{"rendered":"Amaryllo Niania Icam Ibabi Hd 360 (Acc1308C1Pkeu)"},"content":{"rendered":"<p>Amaryllo tworzand#261; coraz wiand#281;kszand#261; gamand#281; bezprzewodowych inteligentnych produkt\u00f3w ze wsparciem magazynowania materiaand#322;\u00f3w tzw. Cloud Storage. Amaryllo posiada certyfikaty najbardziej liczacych siand#281; partner\u00f3w na rynku IT z Apple MFI, Microsoft Windows, Android, WebRTC, Bluetooth SIG i innych. Zostaand#322;o uznane przez Gartner (wiodand#261;cy na and#347;wiecie badacz technologii informacyjnych) jako jeden z ich najlepszych produkt\u00f3wAlarm obrazkowy Otrzymuj powiadomienia alarmu z dowolnego miejsca na and#347;wiecie za darmo. Powiadomienie przyjdzie kiedy zostanie wyzwolony czujnik ruchu lub dand#378;wiand#281;ku. Migawka wand#322;and#261;czy siand#281; i przeniesie Ciand#281; do aplikacji, gdzie band#281;dzie moand#380;na uruchomiand#263; podgland#261;d na and#380;ywo, sprawdziand#263; co sie dzieje i odpowiednio zareagowaand#263;.Wykrywanie ruchu i dand#378;wiand#281;ku iBabi Plus posiada czujnik PIR do wykrywania ruchu i dwa mikrofony do wykrywania dand#378;wieku. W momencie gdy wykryjand#261; ruch lub dand#378;wiek natychmiast zostaniesz o tym poinformowany na sw\u00f3j smartfon lub tablet.HD 1280&#215;720 Zobacz swoich najbliand#380;szych, zwierzand#281;ta i wszystko to co sie dzieje w domu w krystalicznie czystej jakoand#347;ci HD.Opcjonalna podczerwieand#324; W trosce o zdrowie dajemy Ci mozliwoand#347;c wand#322;and#261;czenia lub wyand#322;and#261;czenia diod IRAntena wewnand#281;trzna Antena Wi-Fi znajduje siand#281; wewnand#261;trz kamery, co czyni jand#261; bardziej atrakcyjnand#261;, a takand#380;e emituje mniej szkodliwego promeniowania.256 &#8211; bitowe szyfrowanie Wszystkie produkty Amaryllo posiadajand#261; profesjonalne zabezpieczenie 256-bitowy algorytm szyfrujand#261;cy, dziand#281;ki kt\u00f3remy jesteand#347;my wstanie zagwarantowaand#263; bezpieczeand#324;stwo i pewnoand#347;and#263; and#380;e nagranie z kamery jest tylko nasze, chyba and#380;e chcemy inaczej.360anddeg; obszar widzenia Przesuwajand#261;c po ekranie swojego urzand#261;dzenia mobilnego mamy bezpoand#347;redni dostand#281;p do podgland#261;du z kamery. Moand#380;esz przesuwaand#263; iBabi Plus w obszarze 360anddeg;.Strumieniowa stransmisja wideo w czasie rzeczyswistym W produktach Amaryllo zastosowanao najnowszej klasy procesor o duand#380;ej mocy obliczeniowej dziand#281;ki czemu mamy nejlepszand#261; jakoand#347;and#263; obrazu i dand#378;wiand#281;ku. Zmniejsza to takand#380;e wszelakie op\u00f3and#378;nienia do mniej niand#380; 0,5 sekundy.Chmura wewnand#281;trzna 24h darmowego zapisu Ostatnie 24h bezpand#322;atnego podgland#261;du do filmu, dziand#281;ki czemu moand#380;esz pyc pewny and#380;e nagrania przechowywane w chmurze sand#261; bezpieczne i moand#380;esz do nich zajrzec lub je pobraand#263;.W zestawie: &#8211; Kamera ACC1308C2 PK\/AZ iBabi Plus &#8211; 1szt. &#8211; Zasilacz sieciowy 5V\/2A &#8211; 1szt. &#8211; Kod QR do aktywacji chmury &#8211; darmowy plan podstawowy &#8211; 1szt.Aplikacja do and#347;ciand#261;gniand#281;cia Android Aplikacja do and#347;ciand#261;gniand#281;cia IOS !! UWAGA !!Jeand#347;li masz zamiar zwr\u00f3ciand#263; zakupiony towar prosimy nie aktywowaand#263; chmury Amaryllo, wiand#261;and#380;e to siand#281; z obniand#380;eniem koszt\u00f3w produktu.PLAN PODSTAWOWY &#8211; zawiera peand#322;ne wsparcie, alarmy i filmy z ostatnich 24 godzin. Wszystkie nagrania przechowywane sand#261; w chmurze a Ty masz do nich peand#322;en dostand#281;p.PLAN Zand#321;OTY &#8211; idealny do cel\u00f3w bezpieczeand#324;stwa, moand#380;esz czuand#263; siand#281; bezpiecznie nawet jeand#347;li jesteand#347; kilka dni poza domem. Wszystkie nagrania z ostatnich 30 dni sand#261; przechowywane w chmurze a Ty masz do nich dostand#281;p band#281;dand#261;c nawet poza domem.PLAN PLATYNOWY &#8211; idealny dla maand#322;ych firm jak i dla os\u00f3b, kt\u00f3re chcand#261; posiadaand#263; alarmy i nagrania z caand#322;ego roku. Wszystkie nagrania sand#261; przechowywane w chmurze i masz do nich peand#322;en dostand#281;p z kaand#380;dego miejsca na ziemi. ___________________________________________________________________________________________________________O Amaryllo: Amaryllo International znajduje siand#281; w Amsterdamie, holenderska firma projektuje i sprzedaje produkty bezprzewodowe dla bezpieczeand#324;stwa os\u00f3b i domu. Mand#322;ody i ambitny zespoand#322; z powodzeniem opracowaand#322; szereg produkt\u00f3w, kt\u00f3re sand#261; obecnie sprzedawane w wielu renomowanych sklepach na caand#322;ym and#347;wiecie. Sieand#263; sprzedaand#380;y Amaryllo &#8222;obejmuje ponad 70 kraj\u00f3w i 200 kanaand#322;\u00f3w sprzedaand#380;y. Amaryllo tworzand#261; coraz wiand#281;kszand#261; gamand#281; bezprzewodowych inteligentnych produkt\u00f3w ze wsparciem magazynowania materiaand#322;\u00f3w tzw. Cloud Storage. Amaryllo posiada certyfikaty najbardziej liczacych siand#281; partner\u00f3w na rynku IT z Apple MFI, Microsoft Windows, Android, WebRTC, Bluetooth SIG i innych. Zostaand#322;o uznane przez Gartner (wiodand#261;cy na and#347;wiecie badacz technologii informacyjnych) jako jeden z ich najlepszych produkt\u00f3w nagroda &#8222;Cool Vender 2014&#8221;. Kolejne nagrody to najlepszy wyr\u00f3b na targach Computex 2014, dalej to I nagroda Top Brand na 11 rocznice Yushan Brand Krajowych Nagr\u00f3d produktu, zand#322;otand#261; Nagrodand#281; za 2014 rok ICT Innowacyjna Elite. Amaryllo produkty zostaand#322;y wybrane z 20.000 produkt\u00f3w do nagrody innowacji w technologii wbudowanych kategorii na targach CES 2015 i produkt roku 2015 WebRTC. Rok 2016 to kolejne targi i kolejne produkty, kt\u00f3re wchodzand#261; dopiero w fazand#281; wand#322;aand#347;ciwand#261;. and#346;wiatowe nagrody i uznania dla Amaryllo:Zaand#322;\u00f3and#380; sw\u00f3j prywatny lub publiczny kanaand#322; aby Twoi znajomi mogli ogland#261;daand#263; przekaz na and#380;ywo. Livestream jest bezpand#322;atnand#261; platformand#261; do strumieniowego przesyand#322;u wideo na and#380;ywo, kt\u00f3ry pozwala Ci na nadawanie na and#380;ywo treand#347;ci wideo przy uand#380;yciu kamery i komputera przez przegland#261;darkand#281; Firefox. Amaryllo livestream oferuje bezpand#322;atne miejsce do udostand#281;pniania Twoich film\u00f3w znajomym jak i ustawienie podgland#261;du na and#380;ywo z miejsca gdzie jest umieszczona Twoja kamera. W tym wypadku bardzo dobrze sprawdza siand#281; podgland#261;d z takich miejsc jak restauracje, kawiarnie, parkingi, strychy, piwnice czy teand#380; miejsca wok\u00f3and#322; Twojego domu, kt\u00f3re moand#380;esz mieand#263; pod staand#322;and#261; kontroland#261;.<\/p>\n<h2>Amaryllo Niania Icam Ibabi Hd 360 (Acc1308C1Pkeu) <\/h2>\n<p>kolorowanka spiderman, otto, quiz o polsce dla dzieci, mira imie, aurelia imie, kolorowanki antystresowe, daniel imie, ninjago kolorowanka, z\u0142ote my\u015bli pedagogiczne<\/p>\n<p>yyyyy<\/p>\n<p>&nbsp;<\/p>\n","protected":false},"excerpt":{"rendered":"<p>Amaryllo tworzand#261; coraz wiand#281;kszand#261; gamand#281; bezprzewodowych inteligentnych produkt\u00f3w ze wsparciem magazynowania materiaand#322;\u00f3w tzw. Cloud Storage. Amaryllo posiada certyfikaty najbardziej liczacych siand#281; partner\u00f3w na rynku IT z Apple MFI, Microsoft Windows, Android, WebRTC, Bluetooth SIG i innych. Zostaand#322;o uznane przez Gartner (wiodand#261;cy na and#347;wiecie badacz technologii informacyjnych) jako jeden z ich najlepszych produkt\u00f3wAlarm obrazkowy Otrzymuj powiadomienia [&hellip;]<\/p>\n","protected":false},"featured_media":4300,"comment_status":"closed","ping_status":"open","template":"","meta":[],"product_cat":[899],"product_tag":[700,716,688,780,609],"class_list":["post-4299","product","type-product","status-publish","has-post-thumbnail","hentry","product_cat-nianie-elektroniczne-i-monitory-oddechu","product_tag-bajki-do-czytania-dla-dzieci","product_tag-filmy-animowane-o-swietach","product_tag-kolysanki-tekst","product_tag-krecik-bajka","product_tag-quiz-flagi-europy"],"_links":{"self":[{"href":"http:\/\/klubmamgdynia.pl\/index.php\/wp-json\/wp\/v2\/product\/4299","targetHints":{"allow":["GET"]}}],"collection":[{"href":"http:\/\/klubmamgdynia.pl\/index.php\/wp-json\/wp\/v2\/product"}],"about":[{"href":"http:\/\/klubmamgdynia.pl\/index.php\/wp-json\/wp\/v2\/types\/product"}],"replies":[{"embeddable":true,"href":"http:\/\/klubmamgdynia.pl\/index.php\/wp-json\/wp\/v2\/comments?post=4299"}],"wp:featuredmedia":[{"embeddable":true,"href":"http:\/\/klubmamgdynia.pl\/index.php\/wp-json\/wp\/v2\/media\/4300"}],"wp:attachment":[{"href":"http:\/\/klubmamgdynia.pl\/index.php\/wp-json\/wp\/v2\/media?parent=4299"}],"wp:term":[{"taxonomy":"product_cat","embeddable":true,"href":"http:\/\/klubmamgdynia.pl\/index.php\/wp-json\/wp\/v2\/product_cat?post=4299"},{"taxonomy":"product_tag","embeddable":true,"href":"http:\/\/klubmamgdynia.pl\/index.php\/wp-json\/wp\/v2\/product_tag?post=4299"}],"curies":[{"name":"wp","href":"https:\/\/api.w.org\/{rel}","templated":true}]}}