{"id":4301,"date":"2019-02-23T01:48:24","date_gmt":"2019-02-23T00:48:24","guid":{"rendered":"http:\/\/klubmamgdynia.pl\/index.php\/produkt\/mattel-masters-of-the-universe-prince-adam-sky-sled-gpp30\/"},"modified":"2026-04-03T17:31:48","modified_gmt":"2026-04-03T15:31:48","slug":"mattel-masters-of-the-universe-prince-adam-sky-sled-gpp30","status":"publish","type":"product","link":"http:\/\/klubmamgdynia.pl\/index.php\/produkt\/mattel-masters-of-the-universe-prince-adam-sky-sled-gpp30\/","title":{"rendered":"Mattel Masters of The Universe Prince Adam &amp; Sky Sled GPP30"},"content":{"rendered":"<p>Figurka Prince Adam wraz z pojazdem Sky Sled, wyprodukowana przez cenion\u0105 mark\u0119 Mattel. Wzorowana bezpo\u015brednio na oryginalnej serii figurek, jak i animowanym serialu Masters of the Universe \/ W\u0142adcy wszech\u015bwiata.                            <\/p>\n<p>Figurka mierzy oko\u0142o 14 cm wysoko\u015bci i zosta\u0142a wykonana na styl oryginalnej serii z dawnych lat. Posiada w zestawie dodatkowe akcesoria, jak i jest w pe\u0142ni ruchoma. Mo\u017cna j\u0105 r\u00f3wnie\u017c posadzi\u0107 na poje\u017adzie. Ca\u0142o\u015b\u0107 zosta\u0142a zapakowana w pude\u0142ko z okienkiem.                            <\/p>\n<p>Masters of The Universe to kultowy film i serial animowany opowiadaj\u0105cy o losach najsilniejszego cz\u0142owieka we wszech\u015bwiecie &#8211; He-Mana oraz jego przyjaci\u00f3\u0142 i ich najwi\u0119kszego wroga z\u0142ego Skeletora, kt\u00f3ry pragnie zdoby\u0107 moc Pos\u0119pnego Czerepu.                            <\/p>\n<p>Zbierz pozosta\u0142e figurki z serii, by wzbogaci\u0107 swoj\u0105 kolekcj\u0119 i wymy\u015bla\u0107 jeszcze wi\u0119cej historyjek                            <\/p>\n<p>            Mattel MASTERS OF THE UNIVERSE Figurka Panthor GVN49<\/p>\n<p>            Mattel MASTERS OF THE UNIVERSE Figurka Ram Man + Akcesoria GVL78<\/p>\n<p>            Mattel MASTERS OF THE UNIVERSE Figurka Clamp Champ + Akcesoria GVL79<\/p>\n<p>            Mattel figurka Masters of the Universe Origins Orko GNN93<\/p>\n<p>            Mattel Masters of The Universe Figurka Skeletor GNN84 GNN88 <\/p>\n<p>            Mattel Masters of The Universe Figurka He Man GNN84 GNN85 <\/p>\n<p>            Mattel Masters of The Universe Scare Glow GNN84 GNN94 <\/p>\n<p>            Mattel Masters of The Universe Prince Adam &amp; Sky Sled GPP30 <\/p>\n<p>            Mattel Masters of The Universe Figurka Battle Cat GNN70<\/p>\n<h2>Mattel Masters of The Universe Prince Adam &amp; Sky Sled GPP30 Mattel<\/h2>\n<p>ma\u0142y ksi\u0105\u017ce cytaty o przyja\u017ani, co kupi\u0107 nastolatce na urodziny, tupu tup po \u015bniegu tekst, kolorowanka super zings, testy z zemsty, kolorowanki do druku pokemon, karty pracy obrazki do wyklejania plastelin\u0105, bajka dla dzieci do czytania, kolorowanka star wars, pytania do lektury asiunia, kubu\u015b puchatek cytaty, wszystkie flagi \u015bwiata quiz, wierszyk o marzannie, imi\u0119 liwia, kolorowanki harry potter<\/p>\n<p>yyyyy<\/p>\n<p>&nbsp;<\/p>\n","protected":false},"excerpt":{"rendered":"<p>Figurka Prince Adam wraz z pojazdem Sky Sled, wyprodukowana przez cenion\u0105 mark\u0119 Mattel. Wzorowana bezpo\u015brednio na oryginalnej serii figurek, jak i animowanym serialu Masters of the Universe \/ W\u0142adcy wszech\u015bwiata. Figurka mierzy oko\u0142o 14 cm wysoko\u015bci i zosta\u0142a wykonana na styl oryginalnej serii z dawnych lat. Posiada w zestawie dodatkowe akcesoria, jak i jest w [&hellip;]<\/p>\n","protected":false},"featured_media":4302,"comment_status":"closed","ping_status":"open","template":"","meta":[],"product_cat":[95,289],"product_tag":[780,858,826,760],"class_list":["post-4301","product","type-product","status-publish","has-post-thumbnail","hentry","product_cat-figurki-makiety-i-zestawy","product_cat-mattel","product_tag-krecik-bajka","product_tag-podchwytliwe-zagadki","product_tag-prezent-dla-15-latka","product_tag-zagadka-matematyczna"],"_links":{"self":[{"href":"http:\/\/klubmamgdynia.pl\/index.php\/wp-json\/wp\/v2\/product\/4301","targetHints":{"allow":["GET"]}}],"collection":[{"href":"http:\/\/klubmamgdynia.pl\/index.php\/wp-json\/wp\/v2\/product"}],"about":[{"href":"http:\/\/klubmamgdynia.pl\/index.php\/wp-json\/wp\/v2\/types\/product"}],"replies":[{"embeddable":true,"href":"http:\/\/klubmamgdynia.pl\/index.php\/wp-json\/wp\/v2\/comments?post=4301"}],"wp:featuredmedia":[{"embeddable":true,"href":"http:\/\/klubmamgdynia.pl\/index.php\/wp-json\/wp\/v2\/media\/4302"}],"wp:attachment":[{"href":"http:\/\/klubmamgdynia.pl\/index.php\/wp-json\/wp\/v2\/media?parent=4301"}],"wp:term":[{"taxonomy":"product_cat","embeddable":true,"href":"http:\/\/klubmamgdynia.pl\/index.php\/wp-json\/wp\/v2\/product_cat?post=4301"},{"taxonomy":"product_tag","embeddable":true,"href":"http:\/\/klubmamgdynia.pl\/index.php\/wp-json\/wp\/v2\/product_tag?post=4301"}],"curies":[{"name":"wp","href":"https:\/\/api.w.org\/{rel}","templated":true}]}}