{"id":4303,"date":"2024-08-10T22:19:37","date_gmt":"2024-08-10T20:19:37","guid":{"rendered":"http:\/\/klubmamgdynia.pl\/?post_type=product&#038;p=4303"},"modified":"2026-04-05T20:02:58","modified_gmt":"2026-04-05T18:02:58","slug":"newell-poland-graco-lovinhug-hustawka-patchwork-grey","status":"publish","type":"product","link":"http:\/\/klubmamgdynia.pl\/index.php\/produkt\/newell-poland-graco-lovinhug-hustawka-patchwork-grey\/","title":{"rendered":"Newell Poland Graco Lovin&#8217;Hug Hu\u015btawka Patchwork Grey"},"content":{"rendered":"<p>LOVING HUG HU\u015aTAWKA z wtyczk\u0105 Hu\u015btawka z pozytywk\u0105, 6 pr\u0119dko\u015bciami ko\u0142ysania i siedzeniem z 4 pozycjami oparcia gwarantuje, \u017ce dziecko b\u0119dzie spokojne i zrelaksowane. Hu\u015btawka z 3 mi\u0119kkimi zabawkami &#8222;\u015bwietna stymulacja wzrokowa. Elektroniczna pozytywka z muzyk\u0105 i wy\u0142\u0105cznikiem czasowym. Od 0 do 9 miesi\u0119cy Dodatkowo: wy\u015bcie\u0142ana podk\u0142adka dla maksymalnej wygody 5-punktowe pasy bezpiecze\u0144stwa tacka z zabawkami Hu\u015btawka z pozytywk\u0105, 6 pr\u0119dko\u015bciami ko\u0142ysania i siedzeniem z 4 pozycjami oparcia gwarantuje, \u017ce dziecko b\u0119dzie spokojne i zrelaksowane. Hu\u015btawka z 3 mi\u0119kkimi zabawkami \u2013 \u015bwietna stymulacja wzrokowa Elektroniczna pozytywka z muzyk\u0105 i wy\u0142\u0105cznikiem czasowym Dodatkowo wy\u015bcie\u0142ana podk\u0142adka dla maksymalnej wygody Zasilanie: 3 bateria LR20 (poza zestawem) Cechy i korzy\u015bci: Wyj\u0105tkowo mi\u0119kkie, komfortowe siedzisko Mi\u0119kki wy\u015bcie\u0142any zag\u0142\u00f3wek Sk\u0142adana &#8211; wygodna do przechowywania Ruchoma tacka u\u0142atwia w\u0142o\u017cenie dziecka do hu\u015btawki Zdejmowany zag\u0142\u00f3wek Pokrycie siedziska nadaje si\u0119 do prania w pralce Hu\u015btawka z 3 mi\u0119kkimi zabawkami \u2013 doskonale stymuluje zmys\u0142 wzroku dziecka Elektroniczna pozytywka z muzyk\u0105 i wy\u0142\u0105cznikiem czasowym 6 pr\u0119dko\u015bci ko\u0142ysania Odpowiednia dla dziecka o wadze do 11kg 4 pozycje siedziska 5-punktowe pasy bezpiecze\u0144stwa Dane techniczne: Zasilanie: Sieciowe lub 3 baterie LR20 (poza zestawem) Wymiary: po roz\u0142o\u017ceniu wys 94 cm x g\u0142\u0119b. 88 cm x szer. 67 cm po z\u0142o\u017ceniu: wys 105 cm x g\u0142\u0119b. 50 cmWaga: 6,5 kg Efekty d\u017awi\u0119kowe &#8211; Tak Interaktywne &#8211; Tak Kategoria wagowa (kg) 3 &#8211; 11 Mo\u017cliwo\u015b\u0107 czyszczenia tapicerki &#8211; Tak Pa\u0142\u0105k bezpiecze\u0144stwa &#8211; Nie Regulacja oparcia Tak Regulacja pr\u0119dko\u015bci i rodzaju ko\u0142ysania &#8211; Tak Uprz\u0105\u017c 5 punktowa Wiek 0+ Zasilanie &#8211; na baterie<\/p>\n<h2>Newell Poland Graco LovinHug Hu\u015btawka Patchwork Grey Graco<\/h2>\n<p>bajki na dobranoc, stare piosenki, cytaty o przyja\u017ani, kondrad imie, u\u015bmiech dziecka wiersz, krecik bajka<\/p>\n<p>yyyyy<\/p>\n<p>&nbsp;<\/p>\n","protected":false},"excerpt":{"rendered":"<p>LOVING HUG HU\u015aTAWKA z wtyczk\u0105 Hu\u015btawka z pozytywk\u0105, 6 pr\u0119dko\u015bciami ko\u0142ysania i siedzeniem z 4 pozycjami oparcia gwarantuje, \u017ce dziecko b\u0119dzie spokojne i zrelaksowane. Hu\u015btawka z 3 mi\u0119kkimi zabawkami &#8222;\u015bwietna stymulacja wzrokowa. Elektroniczna pozytywka z muzyk\u0105 i wy\u0142\u0105cznikiem czasowym. Od 0 do 9 miesi\u0119cy Dodatkowo: wy\u015bcie\u0142ana podk\u0142adka dla maksymalnej wygody 5-punktowe pasy bezpiecze\u0144stwa tacka z [&hellip;]<\/p>\n","protected":false},"featured_media":4304,"comment_status":"closed","ping_status":"open","template":"","meta":[],"product_cat":[973,1156],"product_tag":[785,769,726,796],"class_list":["post-4303","product","type-product","status-publish","has-post-thumbnail","hentry","product_cat-graco","product_cat-lezaczki-bujaki-i-hustawki-niemowlece","product_tag-prezent-dla-nastolatkow","product_tag-psi-patrol-do-czytania","product_tag-quiz-zemsta","product_tag-zagatki"],"_links":{"self":[{"href":"http:\/\/klubmamgdynia.pl\/index.php\/wp-json\/wp\/v2\/product\/4303","targetHints":{"allow":["GET"]}}],"collection":[{"href":"http:\/\/klubmamgdynia.pl\/index.php\/wp-json\/wp\/v2\/product"}],"about":[{"href":"http:\/\/klubmamgdynia.pl\/index.php\/wp-json\/wp\/v2\/types\/product"}],"replies":[{"embeddable":true,"href":"http:\/\/klubmamgdynia.pl\/index.php\/wp-json\/wp\/v2\/comments?post=4303"}],"wp:featuredmedia":[{"embeddable":true,"href":"http:\/\/klubmamgdynia.pl\/index.php\/wp-json\/wp\/v2\/media\/4304"}],"wp:attachment":[{"href":"http:\/\/klubmamgdynia.pl\/index.php\/wp-json\/wp\/v2\/media?parent=4303"}],"wp:term":[{"taxonomy":"product_cat","embeddable":true,"href":"http:\/\/klubmamgdynia.pl\/index.php\/wp-json\/wp\/v2\/product_cat?post=4303"},{"taxonomy":"product_tag","embeddable":true,"href":"http:\/\/klubmamgdynia.pl\/index.php\/wp-json\/wp\/v2\/product_tag?post=4303"}],"curies":[{"name":"wp","href":"https:\/\/api.w.org\/{rel}","templated":true}]}}