{"id":4305,"date":"2019-09-30T01:26:26","date_gmt":"2019-09-29T23:26:26","guid":{"rendered":"http:\/\/klubmamgdynia.pl\/index.php\/produkt\/dk-skaczace-zabki-jumping-frog\/"},"modified":"2026-04-04T02:18:25","modified_gmt":"2026-04-04T00:18:25","slug":"dk-skaczace-zabki-jumping-frog","status":"publish","type":"product","link":"http:\/\/klubmamgdynia.pl\/index.php\/produkt\/dk-skaczace-zabki-jumping-frog\/","title":{"rendered":"DK Skacz\u0105ce \u017babki, Jumping Frog"},"content":{"rendered":"<p>Gra Planszowa &#8211; Skacz\u0105ce \u017babkiGra &#8222;skacz\u0105ce \u017cabki&#8221; to \u015bwietny pomys\u0142 na mi\u0142e sp\u0119dzenie czasu, uczy dok\u0142adno\u015bci, zr\u0119czno\u015bci, cierpliwo\u015bci i wytrwa\u0142o\u015bci.Tarcza z skacz\u0105cymi \u017cabkami to idealna zabawka umo\u017cliwiaj\u0105ca \u0107wiczenie celno\u015bci oraz zr\u0119czno\u015bci ju\u017c od najm\u0142odszych lat. Gra dobrze wp\u0142ywa na prawid\u0142owy rozw\u00f3j koordynacji wzrokowo-ruchowej.Jest to gra opieraj\u0105ca si\u0119 na tradycyjnym Darcie dla doros\u0142ych ale jest przewidziana przede wszystkim dla dzieci &#8211; nie posiada niebezpiecznych element\u00f3w, zamiast rzutek s\u0105 skoczne \u017cabki.Zasady gry nr 1:1. Nale\u017cy u\u0142o\u017cy\u0107 okr\u0105g\u0142\u0105 plansz\u0119 na stole oraz po\u0142o\u017cy\u0107 na polu &#8222;100&#8221; miseczk\u0119.2. Ka\u017cdy z graczy bierze po 5 \u017cabek w tym samym kolorze.3. Gr\u0119 rozpoczyna najm\u0142odszy uczestnik, umieszcza \u017cabk\u0119 na polu &#8222;START&#8221; i naciskaj\u0105c ogonek \u017caby, wprawia j\u0105 w lot.4. Gracz zabiera monety odpowiadaj\u0105ce punktacji z pola na kt\u00f3re spad\u0142a \u017caba.5. Rozgrywka jest prowadzona zgodnie z wskaz\u00f3wkami zegara p\u00f3ki wszystkie \u017caby nie zostan\u0105 u\u017cyte.6. Wygrywa osoba kt\u00f3ra zgromadzi najwi\u0119cej punkt\u00f3w.Zasady gry nr 2:1. Nale\u017cy u\u0142o\u017cy\u0107 okr\u0105g\u0142\u0105 plansz\u0119 na stole oraz po\u0142o\u017cy\u0107 na polu &#8222;100&#8221; miseczk\u0119.2. Ka\u017cdy z graczy bierze po 5 \u017cabek w tym samym kolorze.3. Gr\u0119 rozpoczyna najm\u0142odszy uczestnik, umieszcza \u017cabk\u0119 na polu &#8222;START&#8221; i naciskaj\u0105c ogonek \u017caby, wprawia j\u0105 w lot.4. Wszystkie monety z punktami s\u0105 rozdzielane mi\u0119dzy uczestnik\u00f3w w takiej samej warto\u015bci.5. Rozgrywka jest prowadzona zgodnie z wskaz\u00f3wkami zegara.6. Gracz odk\u0142ada na bok monety z swojej puli odpowiadaj\u0105ce punktacji z pola na kt\u00f3re spad\u0142a \u017caba.7. Uczestnicy kt\u00f3rzy mieli mniejsz\u0105 ilo\u015b\u0107 punkt\u00f3w oddaj\u0105 od\u0142o\u017cone monety osobie, kt\u00f3ra zdoby\u0142a najwy\u017cszy wynik.8. Wygrywa osoba kt\u00f3ra zgromadzi najwi\u0119cej punkt\u00f3w.Zawarto\u015b\u0107 zestawu:planszamiska20 \u017cabek w 4 kolorachmonety z punktamiSpecyfikacja: \u015arednica planszy: ok. 56 cmWymiary \u017cabki: 5,5 x 6 x 2 cmWymiary opakowania: 36 x 29 x 6,5 cm<\/p>\n<h2>DK Skacz\u0105ce \u017babki, Jumping Frog Dk<\/h2>\n<p>opis o dziecku, najlepsze \u017carty na prima aprilis, kiekrz, prezenty dla nastolatki, imiona dla ch\u0142opc\u00f3w, kolorowanki antystresowe do druku<\/p>\n<p>yyyyy<\/p>\n<p>&nbsp;<\/p>\n","protected":false},"excerpt":{"rendered":"<p>Gra Planszowa &#8211; Skacz\u0105ce \u017babkiGra &#8222;skacz\u0105ce \u017cabki&#8221; to \u015bwietny pomys\u0142 na mi\u0142e sp\u0119dzenie czasu, uczy dok\u0142adno\u015bci, zr\u0119czno\u015bci, cierpliwo\u015bci i wytrwa\u0142o\u015bci.Tarcza z skacz\u0105cymi \u017cabkami to idealna zabawka umo\u017cliwiaj\u0105ca \u0107wiczenie celno\u015bci oraz zr\u0119czno\u015bci ju\u017c od najm\u0142odszych lat. Gra dobrze wp\u0142ywa na prawid\u0142owy rozw\u00f3j koordynacji wzrokowo-ruchowej.Jest to gra opieraj\u0105ca si\u0119 na tradycyjnym Darcie dla doros\u0142ych ale jest przewidziana [&hellip;]<\/p>\n","protected":false},"featured_media":4306,"comment_status":"closed","ping_status":"open","template":"","meta":[],"product_cat":[408,130],"product_tag":[837,781,641,824,698,712],"class_list":["post-4305","product","type-product","status-publish","has-post-thumbnail","hentry","product_cat-dk","product_cat-gry-dzieciece","product_tag-cicha-noc-po-angielsku","product_tag-cytaty-o-wychowaniu-dzieci","product_tag-trudne-zagadki-logiczne","product_tag-warszawa-atrakcje-dla-dzieci","product_tag-zagadki-dla-przedszkolakow","product_tag-zagadki-o-zwierzetach"],"_links":{"self":[{"href":"http:\/\/klubmamgdynia.pl\/index.php\/wp-json\/wp\/v2\/product\/4305","targetHints":{"allow":["GET"]}}],"collection":[{"href":"http:\/\/klubmamgdynia.pl\/index.php\/wp-json\/wp\/v2\/product"}],"about":[{"href":"http:\/\/klubmamgdynia.pl\/index.php\/wp-json\/wp\/v2\/types\/product"}],"replies":[{"embeddable":true,"href":"http:\/\/klubmamgdynia.pl\/index.php\/wp-json\/wp\/v2\/comments?post=4305"}],"wp:featuredmedia":[{"embeddable":true,"href":"http:\/\/klubmamgdynia.pl\/index.php\/wp-json\/wp\/v2\/media\/4306"}],"wp:attachment":[{"href":"http:\/\/klubmamgdynia.pl\/index.php\/wp-json\/wp\/v2\/media?parent=4305"}],"wp:term":[{"taxonomy":"product_cat","embeddable":true,"href":"http:\/\/klubmamgdynia.pl\/index.php\/wp-json\/wp\/v2\/product_cat?post=4305"},{"taxonomy":"product_tag","embeddable":true,"href":"http:\/\/klubmamgdynia.pl\/index.php\/wp-json\/wp\/v2\/product_tag?post=4305"}],"curies":[{"name":"wp","href":"https:\/\/api.w.org\/{rel}","templated":true}]}}