{"id":4307,"date":"2014-05-25T05:58:17","date_gmt":"2014-05-25T03:58:17","guid":{"rendered":"http:\/\/klubmamgdynia.pl\/index.php\/produkt\/gazelo-ciastolina-masa-plastyczna-dinozaur-akcesoria\/"},"modified":"2026-05-17T22:28:56","modified_gmt":"2026-05-17T20:28:56","slug":"gazelo-ciastolina-masa-plastyczna-dinozaur-akcesoria","status":"publish","type":"product","link":"http:\/\/klubmamgdynia.pl\/index.php\/produkt\/gazelo-ciastolina-masa-plastyczna-dinozaur-akcesoria\/","title":{"rendered":"Gazelo Ciastolina Masa Plastyczna Dinozaur Akcesoria"},"content":{"rendered":"<p>CIASTOLINA Masa Plastyczna DINOZAUR + AkcesoriaWyr\u00f3\u017c w podr\u00f3\u017c do prehistorii i baw si\u0119 z pot\u0119\u017cnym dinozaurem!Masa plastyczna to wspania\u0142y pomys\u0142 na zabaw\u0119 z dzieckiem! Wp\u0142ywa na rozw\u00f3j zdolno\u015bci manualnych, kreatywno\u015b\u0107, wyobra\u017ani\u0119 i tw\u00f3rcze my\u015blenie dzieci.Mi\u0119kka ciastolina z kt\u00f3rej Twoje dziecko b\u0119dzie mog\u0142o formowa\u0107 co tylko przyjdzie mu do g\u0142owy. Dzieci uwielbiaj\u0105 zgniata\u0107, rozci\u0105ga\u0107, nak\u0142ada\u0107, przek\u0142ada\u0107, wycina\u0107, przycina\u0107 i kreowa\u0107.W zestawie:DinozaurAkcesoria, m.in. wulkan, skamielina, 4 pojemniczki z r\u00f3\u017cnokolorow\u0105 mas\u0105 plastyczn\u0105 Wspania\u0142a zabawa gwarantowana!<\/p>\n<h2>Gazelo Ciastolina Masa Plastyczna Dinozaur Akcesoria Gazelo<\/h2>\n<p>rzadkie imiona japo\u0144skie, ciekawe zagadki i odpowiedzi, quizy ortograficzne trudne, na wyspach bergamutach tekst, leonardo imie, ko\u0142ysanka dla dzieci tekst, lol do druku, sara, zrobi\u0107 laurk\u0119 laurka dla babci, mia, piosenka przyjed\u017a do nas miko\u0142aju, zagadki zimowe dla dzieci, konkurencje sportowe dla dzieci, w\u0119gierska g\u00f3rka, \u0142amig\u0142\u00f3wki s\u0142owne, \u015bwinka peppa bajka do czytania, najpi\u0119kniejsze cytaty o przyja\u017ani, traktor z przyczep\u0105 kolorowanka do druku, cytat z ma\u0142ego ksi\u0119cia o przyja\u017ani<\/p>\n<p>yyyyy<\/p>\n<p>&nbsp;<\/p>\n","protected":false},"excerpt":{"rendered":"<p>CIASTOLINA Masa Plastyczna DINOZAUR + AkcesoriaWyr\u00f3\u017c w podr\u00f3\u017c do prehistorii i baw si\u0119 z pot\u0119\u017cnym dinozaurem!Masa plastyczna to wspania\u0142y pomys\u0142 na zabaw\u0119 z dzieckiem! Wp\u0142ywa na rozw\u00f3j zdolno\u015bci manualnych, kreatywno\u015b\u0107, wyobra\u017ani\u0119 i tw\u00f3rcze my\u015blenie dzieci.Mi\u0119kka ciastolina z kt\u00f3rej Twoje dziecko b\u0119dzie mog\u0142o formowa\u0107 co tylko przyjdzie mu do g\u0142owy. Dzieci uwielbiaj\u0105 zgniata\u0107, rozci\u0105ga\u0107, nak\u0142ada\u0107, przek\u0142ada\u0107, [&hellip;]<\/p>\n","protected":false},"featured_media":4308,"comment_status":"closed","ping_status":"open","template":"","meta":[],"product_cat":[1213,21],"product_tag":[792,622,716,689,751,771],"class_list":["post-4307","product","type-product","status-publish","has-post-thumbnail","hentry","product_cat-gazelo","product_cat-zabawki-plastyczne","product_tag-cytaty-o-mamie","product_tag-fajne-zagadki","product_tag-filmy-animowane-o-swietach","product_tag-linda","product_tag-psi-patrol-kolorowanka","product_tag-stolice-europy-quiz"],"_links":{"self":[{"href":"http:\/\/klubmamgdynia.pl\/index.php\/wp-json\/wp\/v2\/product\/4307","targetHints":{"allow":["GET"]}}],"collection":[{"href":"http:\/\/klubmamgdynia.pl\/index.php\/wp-json\/wp\/v2\/product"}],"about":[{"href":"http:\/\/klubmamgdynia.pl\/index.php\/wp-json\/wp\/v2\/types\/product"}],"replies":[{"embeddable":true,"href":"http:\/\/klubmamgdynia.pl\/index.php\/wp-json\/wp\/v2\/comments?post=4307"}],"wp:featuredmedia":[{"embeddable":true,"href":"http:\/\/klubmamgdynia.pl\/index.php\/wp-json\/wp\/v2\/media\/4308"}],"wp:attachment":[{"href":"http:\/\/klubmamgdynia.pl\/index.php\/wp-json\/wp\/v2\/media?parent=4307"}],"wp:term":[{"taxonomy":"product_cat","embeddable":true,"href":"http:\/\/klubmamgdynia.pl\/index.php\/wp-json\/wp\/v2\/product_cat?post=4307"},{"taxonomy":"product_tag","embeddable":true,"href":"http:\/\/klubmamgdynia.pl\/index.php\/wp-json\/wp\/v2\/product_tag?post=4307"}],"curies":[{"name":"wp","href":"https:\/\/api.w.org\/{rel}","templated":true}]}}