{"id":4309,"date":"2019-03-02T07:06:25","date_gmt":"2019-03-02T06:06:25","guid":{"rendered":"http:\/\/klubmamgdynia.pl\/index.php\/produkt\/melissa-doug-suspend-junior\/"},"modified":"2026-04-26T22:37:30","modified_gmt":"2026-04-26T20:37:30","slug":"melissa-doug-suspend-junior","status":"publish","type":"product","link":"http:\/\/klubmamgdynia.pl\/index.php\/produkt\/melissa-doug-suspend-junior\/","title":{"rendered":"Melissa &amp; Doug Suspend Junior"},"content":{"rendered":"<p>Suspend Junior Gra Zr\u0119czno\u015bciowa Bierki 3d<\/p>\n<p>Suspend<br \/>\nJunior to gra zr\u0119czno\u015bciowa, kt\u00f3ra zapewni Twojemu dziecku wspania\u0142\u0105 zabaw\u0119. <\/p>\n<p>\u00a0<\/p>\n<p>Na czym to<br \/>\npolega? <\/p>\n<p>&#8211; ustawiamy<br \/>\nbaz\u0119 na drewnianej podstawce, <\/p>\n<p>&#8211; rozdajemy<br \/>\nka\u017cdemu z graczy takie same druciki i losujemy kostk\u0105, kto zaczyna, <\/p>\n<p>&#8211; kr\u0119cimy<br \/>\nwska\u017anikiem na podk\u0142adce, aby wybra\u0107 kolor drucika, kt\u00f3ry mamy zawiesi\u0107, <\/p>\n<p>&#8211; zawieszamy<br \/>\npr\u0119cik na metalowym stojaki za pomoc\u0105 jednej r\u0119ki, tak, aby nie dotkn\u0105\u0107 innego<br \/>\ni nic nie spad\u0142o, w przeciwnym razie zabieramy sw\u00f3j i tracimy kolejk\u0119, <\/p>\n<p>&#8211; mo\u017cemy<br \/>\npowiesi\u0107 sw\u00f3j drucik w ka\u017cdej cz\u0119\u015bci innego, z wyj\u0105tkiem miejsca, kt\u00f3re jest<br \/>\nju\u017c zaj\u0119te, ale uwa\u017caj ka\u017cdy dodatkowy drucik zmienia \u015brodek ci\u0119\u017cko\u015b\u0107 naszej<br \/>\nkonstrukcji, <\/p>\n<p>&#8211; je\u015bli<br \/>\npodczas zawieszania drucika spowodujemy spadni\u0119cie innego lub wi\u0119kszej ilo\u015bci,<br \/>\nmusimy je zebra\u0107 jako swoje, <\/p>\n<p>&#8211; wygrywa<br \/>\nosoba, kt\u00f3ra jako pierwsza pozb\u0119dzie si\u0119 swoich drucik\u00f3w.                            <\/p>\n<p>Zalety gry <\/p>\n<p>* Proste<br \/>\nzasady gry. <\/p>\n<p>* Dzieci<br \/>\nucz\u0105 si\u0119 zr\u0119czno\u015bci, poznaj\u0105 zasady r\u00f3wnowagi i przeciwwagi, a tak\u017ce musz\u0105<br \/>\nprzewidzie\u0107 skutki swojego ruchu. <\/p>\n<p>* Zapewnia<br \/>\nmn\u00f3stwo emocji i dobrej zabawy. <\/p>\n<p>* Wci\u0105gnie<br \/>\ndo zabawy ka\u017cde dziecko.                            <\/p>\n<p>Zestaw<br \/>\nzawiera: <\/p>\n<p>&#8211; 24 pr\u0119ciki<br \/>\nw 6 kolorach, o r\u00f3\u017cnych d\u0142ugo\u015bciach, <\/p>\n<p>&#8211; podk\u0142adka\u00a0Zestaw<br \/>\nzawiera:<\/p>\n<p>&#8211; 24 pr\u0119ciki<br \/>\nw 6 kolorach, o r\u00f3\u017cnych d\u0142ugo\u015bciach, <\/p>\n<p>&#8211; podk\u0142adka<br \/>\nz wska\u017anikiem, <\/p>\n<p>&#8211; drewniana<br \/>\npodstawka i metalowe pr\u0119ty &#8211; baza konstrukcji. <\/p>\n<p>\u00a0<\/p>\n<p>Zabawka dla<br \/>\n1 do 4 graczy w wieku od 4 lat. <\/p>\n<p>\u00a0<\/p>\n<p>Wymiary<br \/>\nopakowania 28,5 cm x 11 cmz wska\u017anikiem, <\/p>\n<p>&#8211; drewniana<br \/>\npodstawka i metalowe pr\u0119ty &#8211; baza konstrukcji. <\/p>\n<p>\u00a0<\/p>\n<p>Zabawka dla<br \/>\n1 do 4 graczy w wieku od 4 lat. <\/p>\n<p>\u00a0<\/p>\n<p>Wymiary<br \/>\nopakowania 28,5 cm x 11 cm<\/p>\n<h2>Melissa &amp; Doug Suspend Junior Melissa &amp; Doug<\/h2>\n<p>halloween 2021 dla dzieci, wulkan eksperyment, magiczne drzewo czerwone krzes\u0142o test, najrzadsze imiona w polsce, karty pracy dla uczni\u00f3w z ukrainy, szablony papierowe lalki do ubierania do wydruku, quizy \u015bwi\u0105teczne bo\u017ce narodzenie, \u015bmieszne zagadki logiczne, jak narysowa\u0107 sanie miko\u0142aja, dobrej nocy i sza, malowanki \u015bwi\u0105teczne, pranki na prima aprilis dla rodzic\u00f3w, kolorowanka super zings, zagadki o zwierz\u0119tach dla dzieci, prima aprilis pomys\u0142y, kartk\u00f3wki z zegara, dziecko cytaty, prezenty na roczek dla ch\u0142opca, test z lektury dynastia mizio\u0142k\u00f3w, prezent dla m\u0142odzie\u017cy, zagadki na logiczne my\u015blenie<\/p>\n<p>yyyyy<\/p>\n<p>&nbsp;<\/p>\n","protected":false},"excerpt":{"rendered":"<p>Suspend Junior Gra Zr\u0119czno\u015bciowa Bierki 3d Suspend Junior to gra zr\u0119czno\u015bciowa, kt\u00f3ra zapewni Twojemu dziecku wspania\u0142\u0105 zabaw\u0119. \u00a0 Na czym to polega? &#8211; ustawiamy baz\u0119 na drewnianej podstawce, &#8211; rozdajemy ka\u017cdemu z graczy takie same druciki i losujemy kostk\u0105, kto zaczyna, &#8211; kr\u0119cimy wska\u017anikiem na podk\u0142adce, aby wybra\u0107 kolor drucika, kt\u00f3ry mamy zawiesi\u0107, &#8211; zawieszamy [&hellip;]<\/p>\n","protected":false},"featured_media":4310,"comment_status":"closed","ping_status":"open","template":"","meta":[],"product_cat":[130,1204],"product_tag":[832,619,618,628],"class_list":["post-4309","product","type-product","status-publish","has-post-thumbnail","hentry","product_cat-gry-dzieciece","product_cat-melissa-doug","product_tag-desery-dla-dzieci","product_tag-iwo-imie","product_tag-lato-lato-lato-czeka-tekst","product_tag-zagadka"],"_links":{"self":[{"href":"http:\/\/klubmamgdynia.pl\/index.php\/wp-json\/wp\/v2\/product\/4309","targetHints":{"allow":["GET"]}}],"collection":[{"href":"http:\/\/klubmamgdynia.pl\/index.php\/wp-json\/wp\/v2\/product"}],"about":[{"href":"http:\/\/klubmamgdynia.pl\/index.php\/wp-json\/wp\/v2\/types\/product"}],"replies":[{"embeddable":true,"href":"http:\/\/klubmamgdynia.pl\/index.php\/wp-json\/wp\/v2\/comments?post=4309"}],"wp:featuredmedia":[{"embeddable":true,"href":"http:\/\/klubmamgdynia.pl\/index.php\/wp-json\/wp\/v2\/media\/4310"}],"wp:attachment":[{"href":"http:\/\/klubmamgdynia.pl\/index.php\/wp-json\/wp\/v2\/media?parent=4309"}],"wp:term":[{"taxonomy":"product_cat","embeddable":true,"href":"http:\/\/klubmamgdynia.pl\/index.php\/wp-json\/wp\/v2\/product_cat?post=4309"},{"taxonomy":"product_tag","embeddable":true,"href":"http:\/\/klubmamgdynia.pl\/index.php\/wp-json\/wp\/v2\/product_tag?post=4309"}],"curies":[{"name":"wp","href":"https:\/\/api.w.org\/{rel}","templated":true}]}}