{"id":431,"date":"2023-06-22T20:31:00","date_gmt":"2023-06-22T18:31:00","guid":{"rendered":"http:\/\/klubmamgdynia.pl\/index.php\/produkt\/barbie-fashions-bluzeczka-z-falbanka-flp59\/"},"modified":"2026-05-17T22:46:31","modified_gmt":"2026-05-17T20:46:31","slug":"barbie-fashions-bluzeczka-z-falbanka-flp59","status":"publish","type":"product","link":"http:\/\/klubmamgdynia.pl\/index.php\/produkt\/barbie-fashions-bluzeczka-z-falbanka-flp59\/","title":{"rendered":"Barbie Fashions Bluzeczka Z Falbank\u0105 Flp59"},"content":{"rendered":"<p>Ubierz lalk\u0119 Barbie\u00ae na dzie\u0144 lub na wiecz\u00f3r w te fantastyczne ubranka zgodne z najnowszymi trendami mody!Modne i ca\u0142kiem od\u015bwie\u017cone wzorniczo elementy garderoby Barbie zachwycaj\u0105 kolorami, wzorami i akcentami, kt\u00f3re odpowiadaj\u0105 gustom dziewczynek. Maj\u0105 one do wyboru bluzeczki, sp\u00f3dniczki, topy, spodnie i tuniki &#8211; wszystkie skrojone na idealn\u0105 figur\u0119 Barbie, co gwarantuje r\u00f3\u017cnorodno\u015b\u0107 i ca\u0142\u0105 gam\u0119 mo\u017cliwo\u015bci doboru kreacji, w kt\u00f3rej ma prezentowa\u0107 si\u0119 Babie. Zbierz wszystkie niesamowite ubranka lalki Barbie\u00ae i \u0142\u0105cz je na r\u00f3\u017cne sposoby, aby czerpa\u0107 maksimum rado\u015bci z zabawy w tworzenie opowie\u015bci! W zestawie jedno ubranko<\/p>\n<h2>Barbie Fashions Bluzeczka Z Falbank\u0105 Flp59 Barbie<\/h2>\n<p>zagadki na dzie\u0144 przedszkolaka, kryspinow, quizy online, quiz o bo\u017cym narodzeniu, paj\u0105czek na rowerze test, zagadki dla nastolatk\u00f3w, pytania zagadki<\/p>\n<p>yyyyy<\/p>\n<p>&nbsp;<\/p>\n","protected":false},"excerpt":{"rendered":"<p>Ubierz lalk\u0119 Barbie\u00ae na dzie\u0144 lub na wiecz\u00f3r w te fantastyczne ubranka zgodne z najnowszymi trendami mody!Modne i ca\u0142kiem od\u015bwie\u017cone wzorniczo elementy garderoby Barbie zachwycaj\u0105 kolorami, wzorami i akcentami, kt\u00f3re odpowiadaj\u0105 gustom dziewczynek. Maj\u0105 one do wyboru bluzeczki, sp\u00f3dniczki, topy, spodnie i tuniki &#8211; wszystkie skrojone na idealn\u0105 figur\u0119 Barbie, co gwarantuje r\u00f3\u017cnorodno\u015b\u0107 i ca\u0142\u0105 [&hellip;]<\/p>\n","protected":false},"featured_media":432,"comment_status":"closed","ping_status":"open","template":"","meta":[],"product_cat":[173,50],"product_tag":[828,612,594,717,794,741,679],"class_list":["post-431","product","type-product","status-publish","has-post-thumbnail","hentry","product_cat-barbie","product_cat-ubranka-i-buty-dla-lalek","product_tag-filmy-wigilijne-dla-dzieci","product_tag-kolorowanki-do-druku","product_tag-podchwytliwe-zagadki-dla-dzieci","product_tag-prezent-roczek","product_tag-test-opowiesci-z-narnii-lew-czarownica-i-stara-szafa-do-druku","product_tag-wlochy","product_tag-zabawki-na-roczek-dla-dziewczynki"],"_links":{"self":[{"href":"http:\/\/klubmamgdynia.pl\/index.php\/wp-json\/wp\/v2\/product\/431","targetHints":{"allow":["GET"]}}],"collection":[{"href":"http:\/\/klubmamgdynia.pl\/index.php\/wp-json\/wp\/v2\/product"}],"about":[{"href":"http:\/\/klubmamgdynia.pl\/index.php\/wp-json\/wp\/v2\/types\/product"}],"replies":[{"embeddable":true,"href":"http:\/\/klubmamgdynia.pl\/index.php\/wp-json\/wp\/v2\/comments?post=431"}],"wp:featuredmedia":[{"embeddable":true,"href":"http:\/\/klubmamgdynia.pl\/index.php\/wp-json\/wp\/v2\/media\/432"}],"wp:attachment":[{"href":"http:\/\/klubmamgdynia.pl\/index.php\/wp-json\/wp\/v2\/media?parent=431"}],"wp:term":[{"taxonomy":"product_cat","embeddable":true,"href":"http:\/\/klubmamgdynia.pl\/index.php\/wp-json\/wp\/v2\/product_cat?post=431"},{"taxonomy":"product_tag","embeddable":true,"href":"http:\/\/klubmamgdynia.pl\/index.php\/wp-json\/wp\/v2\/product_tag?post=431"}],"curies":[{"name":"wp","href":"https:\/\/api.w.org\/{rel}","templated":true}]}}