{"id":4311,"date":"2023-08-30T20:45:05","date_gmt":"2023-08-30T18:45:05","guid":{"rendered":"http:\/\/klubmamgdynia.pl\/?post_type=product&#038;p=4311"},"modified":"2026-04-06T01:17:12","modified_gmt":"2026-04-05T23:17:12","slug":"mega-construx-barbie-plazowanie-w-malibu-gwr79","status":"publish","type":"product","link":"http:\/\/klubmamgdynia.pl\/index.php\/produkt\/mega-construx-barbie-plazowanie-w-malibu-gwr79\/","title":{"rendered":"Mega Construx Barbie Pla\u017cowanie w Malibu GWR79"},"content":{"rendered":"<p>Mega Construx Barbie Pla\u017cowanie w MalibuWyrusz na pla\u017cow\u0105 przygod\u0119 z 2 mikrolalkami Barbie. Baw si\u0119, konstruuj\u0105c r\u00f3\u017cowy kabriolet i akcesoria takie jak le\u017caki, palma i nie tylko. Wypocznij na pla\u017cy i pom\u00f3\u017c uroczym \u017c\u00f3\u0142wikom bezpiecznie wr\u00f3ci\u0107 do oceanu. Z Barbie mo\u017cesz by\u0107, kim chcesz. Ten zestaw konstrukcyjny jest \u0142atwy do z\u0142o\u017cenia i zapewnia wy\u015bmienit\u0105 zabaw\u0119 na ka\u017cdym etapie budowy. Idealny prezent dla dzieci od 4 roku \u017cycia.                            <\/p>\n<p>W sk\u0142ad zestawu wchodz\u0105 2 mikrolalki Barbie, 2 \u017c\u00f3\u0142wiki, 70 klock\u00f3w ze specjalnymi elementami i akcesoriami oraz 1 podstawa w kszta\u0142cie serca, na kt\u00f3rej mo\u017cna budowa\u0107.                            <\/p>\n<p>Baw si\u0119 \u015bwietnie podczas konstruowania akcesori\u00f3w takich jak kabriolet, le\u017caki, palma i nie tylko.                            <\/p>\n<p>U\u017cyj 5 akcesori\u00f3w modowych, aby wzbogaci\u0107 styl mikrolalek \u2013 mo\u017cesz zamienia\u0107 je mi\u0119dzy postaciami!                            <\/p>\n<p>Klocki s\u0105 kompatybilne z wszystkimi zestawami konstrukcyjnymi Barbie i Mega Construx oraz z klockami innych wiod\u0105cych marek.<br \/>\nDzi\u0119ki mo\u017cliwo\u015bci samodzielnego konstruowania dzieci rozwijaj\u0105 kreatywno\u015b\u0107 i umiej\u0119tno\u015b\u0107 rozwi\u0105zywania problem\u00f3w. Idealne dla dzieci od 4 roku \u017cycia.<\/p>\n<h2>Mega Construx Barbie Pla\u017cowanie w Malibu GWR79 Barbie<\/h2>\n<p>najrzadsze imiona dla dziewczynek, zima z\u0142a tekst, pisanie po \u015bladzie do druku pdf, alan imie, oryginalny prezent na roczek dla dziewczynki, jeremi, cookie dough przepis, test z lektury pies kt\u00f3ry je\u017adzi\u0142 kolej\u0105, fabian, jak zrobi\u0107 wulkan<\/p>\n<p>yyyyy<\/p>\n<p>&nbsp;<\/p>\n","protected":false},"excerpt":{"rendered":"<p>Mega Construx Barbie Pla\u017cowanie w MalibuWyrusz na pla\u017cow\u0105 przygod\u0119 z 2 mikrolalkami Barbie. Baw si\u0119, konstruuj\u0105c r\u00f3\u017cowy kabriolet i akcesoria takie jak le\u017caki, palma i nie tylko. Wypocznij na pla\u017cy i pom\u00f3\u017c uroczym \u017c\u00f3\u0142wikom bezpiecznie wr\u00f3ci\u0107 do oceanu. Z Barbie mo\u017cesz by\u0107, kim chcesz. Ten zestaw konstrukcyjny jest \u0142atwy do z\u0142o\u017cenia i zapewnia wy\u015bmienit\u0105 zabaw\u0119 [&hellip;]<\/p>\n","protected":false},"featured_media":4312,"comment_status":"closed","ping_status":"open","template":"","meta":[],"product_cat":[173,113],"product_tag":[795,724,701],"class_list":["post-4311","product","type-product","status-publish","has-post-thumbnail","hentry","product_cat-barbie","product_cat-klocki","product_tag-mini-zoo-warszawa","product_tag-zagadki-podchwytliwe","product_tag-zgadywanki-dla-dzieci"],"_links":{"self":[{"href":"http:\/\/klubmamgdynia.pl\/index.php\/wp-json\/wp\/v2\/product\/4311","targetHints":{"allow":["GET"]}}],"collection":[{"href":"http:\/\/klubmamgdynia.pl\/index.php\/wp-json\/wp\/v2\/product"}],"about":[{"href":"http:\/\/klubmamgdynia.pl\/index.php\/wp-json\/wp\/v2\/types\/product"}],"replies":[{"embeddable":true,"href":"http:\/\/klubmamgdynia.pl\/index.php\/wp-json\/wp\/v2\/comments?post=4311"}],"wp:featuredmedia":[{"embeddable":true,"href":"http:\/\/klubmamgdynia.pl\/index.php\/wp-json\/wp\/v2\/media\/4312"}],"wp:attachment":[{"href":"http:\/\/klubmamgdynia.pl\/index.php\/wp-json\/wp\/v2\/media?parent=4311"}],"wp:term":[{"taxonomy":"product_cat","embeddable":true,"href":"http:\/\/klubmamgdynia.pl\/index.php\/wp-json\/wp\/v2\/product_cat?post=4311"},{"taxonomy":"product_tag","embeddable":true,"href":"http:\/\/klubmamgdynia.pl\/index.php\/wp-json\/wp\/v2\/product_tag?post=4311"}],"curies":[{"name":"wp","href":"https:\/\/api.w.org\/{rel}","templated":true}]}}