{"id":4315,"date":"2012-05-26T04:24:05","date_gmt":"2012-05-26T02:24:05","guid":{"rendered":"http:\/\/klubmamgdynia.pl\/index.php\/produkt\/graco-evo-xt-storm-gleboko-spacerowy-logico-s\/"},"modified":"2026-05-04T00:23:08","modified_gmt":"2026-05-03T22:23:08","slug":"graco-evo-xt-storm-gleboko-spacerowy-logico-s","status":"publish","type":"product","link":"http:\/\/klubmamgdynia.pl\/index.php\/produkt\/graco-evo-xt-storm-gleboko-spacerowy-logico-s\/","title":{"rendered":"Graco Evo Xt Storm G\u0142\u0119boko spacerowy + Logico S"},"content":{"rendered":"<p>W\u00d3ZEK G\u0141\u0118BOKO SPACEROWY EVO XT 4w1- NOWO\u015a\u0106 !!! od 0 do oko\u0142o 3 lat (od 0 do 15 kg)W zestaw wchodz\u0105: Spacer\u00f3wka Stela\u017c Budka z ochrona UV Gondola Pit Stop CZARNA LUB STORMFotelik Logico Shp Adapter do fotelika na stela\u017cBaza do Logico Shp Folia p\/deszczowa (spacer\u00f3wka) Ko\u0142a z amortyzacj\u0105 Kosz na zakupy Torba do w\u00f3zka lub \u015apiw\u00f3r czarny Graco XT -Gratis!!! Dost\u0119pne kolory: &#8211; STORM &#8211; ROCK W\u00f3zek GRACO EVO XT Zaprojektowany tak, aby \u0142atwo pokona\u0107 ka\u017cd\u0105 przeszkod\u0119: dzi\u0119ki du\u017cym ko\u0142om oraz specjalnym oponom, kt\u00f3re nie ulegn\u0105 przebiciu np. w czasie spaceru. Trwa\u0142e tkaniny i wyko\u0144czenia powoduj\u0105, \u017ce Graco Evo XT doskonale nadaje si\u0119 na spacer w ka\u017cd\u0105 pogod\u0119. Du\u017ca, przed\u0142u\u017cona budka ochroni malucha w trudnych warunkach atmosferycznych. Przek\u0142adane siedzisko: przodem lub ty\u0142em do kierunku jazdy. 3 pozycje odchylenia siedziska. Kompaktowe sk\u0142adanie, jedn\u0105 r\u0119k\u0105 Ergonomiczna r\u0105czka ( z regulowan\u0105 wysoko\u015bci\u0105 dostosowan\u0105 do wzrostu rodzic\u00f3w) u\u0142atwia prowadzenie w\u00f3zka. Blokowane, skr\u0119tne ko\u0142a przednie B\u0142otniki nad ko\u0142ami przednimi i tylnymi chroni\u0105ce przed rozpryskiwaniem si\u0119 brudu i b\u0142ota. Kompatybilny z gondol\u0105 oraz fotelikiem samochodowym (przy zastosowaniu adaptera Du\u017cy kosz na zakupy Zawiera foli\u0119 przeciwdeszczow\u0105 Fotelik Logico Shp**** Komfort dla Twojego Noworodka &#8211; oko\u0142o 0-12 miesi\u0119cy (od 0 do 13 kg) Bezpiecze\u0144stwo Wzmacniana wk\u0142adka Bezpieczne przytwierdzenie do podstawy \u2013 bez ryzyka przemieszczenia 3-punktowe pasy bezpiecze\u0144stwa Dodatkowe os\u0142onki na pasy P\u0142ynna regulacja uchwytu. \u0141atwo\u015b\u0107 u\u017cytkowania Wska\u017anik w\u0142a\u015bciwej pozycji przytwierdzenia fotelika do bazy Wystarczy jeden ruch, by przytwierdzi\u0107 fotelik do bazy. Poszycie siedzenia z mo\u017cliwo\u015bci\u0105 przeprania Wygodne noszenie dzi\u0119ki mi\u0119kkiemu wyko\u0144czeniu r\u0105czki Komfort Naro\u017cna poduszka Mi\u0119kkie materia\u0142owe os\u0142onki Budka ochronna Gondola Pit Stop do w\u00f3zka EVO Gwarantuje bezpieczn\u0105, poziom\u0105 pozycj\u0119 Od urodzenia do oko\u0142o 6 miesi\u0105ca (0-10 kg) w samochodzie. Do stosowania z w\u00f3zkiem EVO Wygodny materacyk dla noworodka i os\u0142onka na n\u00f3\u017cki. Budka z 2 pozycjami System one-click u\u0142atwiaj\u0105cy mocowanie do w\u00f3zka. Baza Graco Logico SHP Mo\u017cliwo\u015b\u0107 perfekcyjnego zamocowania w ka\u017cdym samochodzie dzi\u0119ki pasom bezpiecze\u0144stwa i dodatkowemu wspornikowi, b\u0142yskawiczne mocowanie fotelika do bazy, intuicyjne prowadzenie pasa, regulacja wysoko\u015bci jednym ruchem.<\/p>\n<h2>Graco Evo Xt Storm G\u0142\u0119boko spacerowy + Logico S Graco<\/h2>\n<p>pomys\u0142 na laurk\u0119, warszawa dla dzieci, filmy animowane o \u015bwi\u0119tach, traktor do druku, pokemon kolorowanki, kr\u00f3tkie bajki dla dzieci, ju\u017c blisko kol\u0119da tekst, quizy dla dzieci 10 lat, kostek imi\u0119, \u015bmieszne zagadki logiczne, zagadki o zwierz\u0119tach dla dzieci, atrakcje dla dzieci wroc\u0142aw, szlaczki do druku, zagadki logiczne na inteligencj\u0119 dla doros\u0142ych, quiz psi patrol, lol surprise kolorowanki, kolorowanka peppa, test z pana kleksa, prezent dla dziecka na roczek<\/p>\n<p>yyyyy<\/p>\n<p>&nbsp;<\/p>\n","protected":false},"excerpt":{"rendered":"<p>W\u00d3ZEK G\u0141\u0118BOKO SPACEROWY EVO XT 4w1- NOWO\u015a\u0106 !!! od 0 do oko\u0142o 3 lat (od 0 do 15 kg)W zestaw wchodz\u0105: Spacer\u00f3wka Stela\u017c Budka z ochrona UV Gondola Pit Stop CZARNA LUB STORMFotelik Logico Shp Adapter do fotelika na stela\u017cBaza do Logico Shp Folia p\/deszczowa (spacer\u00f3wka) Ko\u0142a z amortyzacj\u0105 Kosz na zakupy Torba do w\u00f3zka [&hellip;]<\/p>\n","protected":false},"featured_media":4316,"comment_status":"closed","ping_status":"open","template":"","meta":[],"product_cat":[973,110],"product_tag":[603,802,623],"class_list":["post-4315","product","type-product","status-publish","has-post-thumbnail","hentry","product_cat-graco","product_cat-wozki-wielofunkcyjne","product_tag-bajki-do-czytania","product_tag-co-kupic-dziewczynce-na-roczek","product_tag-zagadki-logiczne-smieszne"],"_links":{"self":[{"href":"http:\/\/klubmamgdynia.pl\/index.php\/wp-json\/wp\/v2\/product\/4315","targetHints":{"allow":["GET"]}}],"collection":[{"href":"http:\/\/klubmamgdynia.pl\/index.php\/wp-json\/wp\/v2\/product"}],"about":[{"href":"http:\/\/klubmamgdynia.pl\/index.php\/wp-json\/wp\/v2\/types\/product"}],"replies":[{"embeddable":true,"href":"http:\/\/klubmamgdynia.pl\/index.php\/wp-json\/wp\/v2\/comments?post=4315"}],"wp:featuredmedia":[{"embeddable":true,"href":"http:\/\/klubmamgdynia.pl\/index.php\/wp-json\/wp\/v2\/media\/4316"}],"wp:attachment":[{"href":"http:\/\/klubmamgdynia.pl\/index.php\/wp-json\/wp\/v2\/media?parent=4315"}],"wp:term":[{"taxonomy":"product_cat","embeddable":true,"href":"http:\/\/klubmamgdynia.pl\/index.php\/wp-json\/wp\/v2\/product_cat?post=4315"},{"taxonomy":"product_tag","embeddable":true,"href":"http:\/\/klubmamgdynia.pl\/index.php\/wp-json\/wp\/v2\/product_tag?post=4315"}],"curies":[{"name":"wp","href":"https:\/\/api.w.org\/{rel}","templated":true}]}}