{"id":4321,"date":"2022-11-17T00:18:38","date_gmt":"2022-11-16T23:18:38","guid":{"rendered":"http:\/\/klubmamgdynia.pl\/?post_type=product&#038;p=4321"},"modified":"2026-04-05T00:07:02","modified_gmt":"2026-04-04T22:07:02","slug":"fotelik-samochodowy-graco-junior-maxi-pompeian-red-15-36kg","status":"publish","type":"product","link":"http:\/\/klubmamgdynia.pl\/index.php\/produkt\/fotelik-samochodowy-graco-junior-maxi-pompeian-red-15-36kg\/","title":{"rendered":"Fotelik samochodowy Graco Junior Maxi Pompeian Red 15-36Kg"},"content":{"rendered":"<p>Fotelik samochodowy Graco Junior Maxi 15-36kg Czy poszukujesz bezpiecznego, a zarazem wygodnego fotelika samochodowego dla Twojego dziecka, najwy\u017cszej jako\u015bci? Z pewno\u015bci\u0105 zale\u017cy Ci tak\u017ce na \u0142atwym i bezproblemowym u\u017cytkowaniu? Mamy dla Ciebie co\u015b w sam raz &#8211; fotelik z kolekcji GRACO. Graco w Europie rozpocz\u0119\u0142o swoj\u0105 dzia\u0142alno\u015b\u0107 we wrze\u015bniu 1997 roku. Buduj\u0105c wizerunek marki dzi\u0119ki innowacyjno\u015bci, bezpiecze\u0144stwu i wysokiej jako\u015bci produkt\u00f3w. Zesp\u00f3\u0142 Bada\u0144 i Rozwoju Graco nieprzerwanie pracuje nad dostosowaniem produkt\u00f3w do stylu \u017cycia mam, \u015brodowiska oraz bud\u017cetu dzisiejszych rodzic\u00f3w. Jest to kombinacja jako\u015bci, innowacyjno\u015bci oraz dobrej ceny, kt\u00f3ra pozwoli\u0142a Graco na bycie mark\u0105 numer jeden w\u015br\u00f3d w\u00f3zk\u00f3w oraz numerem dwa w\u015br\u00f3d fotelik\u00f3w samochodowych w Wielkiej Brytanii. Dzi\u015b tak\u017ce klienci w Polsce mog\u0105 przekona\u0107 si\u0119 o zaletach produkt\u00f3w Graco. Junior Maxi to fotelik samochodowy przeznaczony dla dzieci o wadze od 15 do 36 kg &#8211; grupa 2 i 3. Do najwa\u017cniejszych jego cech nale\u017cy: przeznaczenie wagowe 15-36 kg regulowana wysoko\u015b\u0107 zag\u0142\u00f3wka \u015bci\u0105gane oparcie uchwyty na kubek Bezpiecze\u0144stwo: solidna konstrukcja, wykonana z wysokiej jako\u015bci tworzywa, daj\u0105ca bezpiecze\u0144stwo i ochron\u0119 w podr\u00f3\u017cy ochrona przed uderzeniami bocznymi, zapewniona dzi\u0119ki specjalistycznemu wyprofilowaniu oparcia Komfort dla Dziecka: Regulacja wysoko\u015bci zag\u0142\u00f3wka, pozwalaj\u0105ca na wygodne oparcie g\u0142\u00f3wki niezale\u017cnie od wzrostu Dziecka mi\u0119ciutka tapicerka &#8211; fotelik nie gniecie w pup\u0119 ani plecy, a Dziecko mo\u017ce komfortowo podr\u00f3\u017cowa\u0107 demontowane oparcie &#8211; kiedy Dziecko podro\u015bnie \u015bci\u0105gamy oparcie fotelika i zostaje wy\u0142\u0105cznie podstawka: booster oparcie regulowane w 2 pozycjach 2 uchwyty na kubki, zapobiegaj\u0105ce wylaniu si\u0119 napoju i gwarantuj\u0105ce, \u017ce Dziecko b\u0119dzie go mia\u0142o zawsze pod r\u0119k\u0105 regulowana wysoko\u015b\u0107 pod\u0142okietnik\u00f3w \u0141atwo\u015b\u0107 u\u017cytkowania:Proste i szybkie dopasowanie pas\u00f3w bezpiecze\u0144stwa regulacja wysoko\u015bci oparcia jednym ruchem r\u0119ki do fotelika do\u0142\u0105czona jest przejrzysta instrukcja obs\u0142ugi tapicerk\u0119 fotelika mo\u017cna zdj\u0105\u0107 i wypra\u0107 gdy zajdzie taka potrzeba fotelik pasuje do ka\u017cdego samochodu wyposa\u017conego w pasyfotelik jest solidnie wykonany, zapewniaj\u0105c d\u0142ugie i bezproblemowe u\u017cytkowanie Pozosta\u0142e informacje produkt obj\u0119ty jest 24-miesi\u0119czn\u0105 gwarancj\u0105 Serwis Door to DoorMonta\u017c przodem do kierunku jazdy za pomoc\u0105 pas\u00f3w samochodowych waga: 3.6 kg d\u0142ugo\u015b\u0107: 41 cm szeroko\u015b\u0107: 41 cm wysoko\u015b\u0107: 68-81 cm<\/p>\n<h2>Fotelik samochodowy Graco Junior Maxi Pompeian Red 15-36Kg Graco<\/h2>\n<p>kinderbal przepisy, zrobi\u0107 laurk\u0119 laurka dla babci, zagadki dla doros\u0142ych z odpowiedziami, ninjago kolorowanka, imie lilianna, najtrudniejsze zagadki, przyjazn, zosia samosia wiersz, zagadki dla 7 latk\u00f3w<\/p>\n<p>yyyyy<\/p>\n<p>&nbsp;<\/p>\n","protected":false},"excerpt":{"rendered":"<p>Fotelik samochodowy Graco Junior Maxi 15-36kg Czy poszukujesz bezpiecznego, a zarazem wygodnego fotelika samochodowego dla Twojego dziecka, najwy\u017cszej jako\u015bci? Z pewno\u015bci\u0105 zale\u017cy Ci tak\u017ce na \u0142atwym i bezproblemowym u\u017cytkowaniu? Mamy dla Ciebie co\u015b w sam raz &#8211; fotelik z kolekcji GRACO. Graco w Europie rozpocz\u0119\u0142o swoj\u0105 dzia\u0142alno\u015b\u0107 we wrze\u015bniu 1997 roku. Buduj\u0105c wizerunek marki dzi\u0119ki [&hellip;]<\/p>\n","protected":false},"featured_media":4322,"comment_status":"closed","ping_status":"open","template":"","meta":[],"product_cat":[32,973],"product_tag":[702,586,757,647,649],"class_list":["post-4321","product","type-product","status-publish","has-post-thumbnail","hentry","product_cat-foteliki-samochodowe","product_cat-graco","product_tag-co-kupic-na-roczek-dla-dziewczynki","product_tag-smieszne-zagadki","product_tag-test-z-lektury-ania-z-zielonego-wzgorza-klasa-6-z-odpowiedziami","product_tag-warszawa-z-dzieckiem","product_tag-zagadki-dla-nastolatkow"],"_links":{"self":[{"href":"http:\/\/klubmamgdynia.pl\/index.php\/wp-json\/wp\/v2\/product\/4321","targetHints":{"allow":["GET"]}}],"collection":[{"href":"http:\/\/klubmamgdynia.pl\/index.php\/wp-json\/wp\/v2\/product"}],"about":[{"href":"http:\/\/klubmamgdynia.pl\/index.php\/wp-json\/wp\/v2\/types\/product"}],"replies":[{"embeddable":true,"href":"http:\/\/klubmamgdynia.pl\/index.php\/wp-json\/wp\/v2\/comments?post=4321"}],"wp:featuredmedia":[{"embeddable":true,"href":"http:\/\/klubmamgdynia.pl\/index.php\/wp-json\/wp\/v2\/media\/4322"}],"wp:attachment":[{"href":"http:\/\/klubmamgdynia.pl\/index.php\/wp-json\/wp\/v2\/media?parent=4321"}],"wp:term":[{"taxonomy":"product_cat","embeddable":true,"href":"http:\/\/klubmamgdynia.pl\/index.php\/wp-json\/wp\/v2\/product_cat?post=4321"},{"taxonomy":"product_tag","embeddable":true,"href":"http:\/\/klubmamgdynia.pl\/index.php\/wp-json\/wp\/v2\/product_tag?post=4321"}],"curies":[{"name":"wp","href":"https:\/\/api.w.org\/{rel}","templated":true}]}}