{"id":4323,"date":"2012-04-22T15:10:13","date_gmt":"2012-04-22T13:10:13","guid":{"rendered":"http:\/\/klubmamgdynia.pl\/index.php\/produkt\/little-dutch-karuzela-do-lozeczka-sailors-bay-ld8600\/"},"modified":"2026-05-01T10:47:08","modified_gmt":"2026-05-01T08:47:08","slug":"little-dutch-karuzela-do-lozeczka-sailors-bay-ld8600","status":"publish","type":"product","link":"http:\/\/klubmamgdynia.pl\/index.php\/produkt\/little-dutch-karuzela-do-lozeczka-sailors-bay-ld8600\/","title":{"rendered":"Little Dutch Karuzela Do \u0141\u00f3\u017ceczka Sailors Bay Ld8600"},"content":{"rendered":"<p>Karuzela do \u0142\u00f3\u017ceczka na drewnianej ramie z kolekcji Sailors Bay to nowoczesny produkt, kt\u00f3ry doskonale sprawdzi si\u0119 w pokoju maluszka.<\/p>\n<h2>Little Dutch Karuzela Do \u0141\u00f3\u017ceczka Sailors Bay Ld8600 Little Dutch<\/h2>\n<p>lol surprise kolorowanki, quizy online, smok wawelski bajka, olaf znaczenie imienia, loga samochod\u00f3w, kolorowanki konie, z\u0142ote my\u015bli pedagogiczne, gabriel imie, test asiunia joanna papuzi\u0144ska, prezent na urodziny dla nastolatk\u00f3w, weso\u0142e pisanki tekst, cytaty o mamie, zabawy ruchowe dla dzieci, podchwytliwe zagadki i odpowiedzi, jak narysowa\u0107, nietypowe imiona, szybkie zagadki matematyczne, bajki dla dzieci na dobranoc do czytania, litera y do druku<\/p>\n<p>yyyyy<\/p>\n<p>&nbsp;<\/p>\n","protected":false},"excerpt":{"rendered":"<p>Karuzela do \u0142\u00f3\u017ceczka na drewnianej ramie z kolekcji Sailors Bay to nowoczesny produkt, kt\u00f3ry doskonale sprawdzi si\u0119 w pokoju maluszka. Little Dutch Karuzela Do \u0141\u00f3\u017ceczka Sailors Bay Ld8600 Little Dutch lol surprise kolorowanki, quizy online, smok wawelski bajka, olaf znaczenie imienia, loga samochod\u00f3w, kolorowanki konie, z\u0142ote my\u015bli pedagogiczne, gabriel imie, test asiunia joanna papuzi\u0144ska, prezent [&hellip;]<\/p>\n","protected":false},"featured_media":4324,"comment_status":"closed","ping_status":"open","template":"","meta":[],"product_cat":[167,26],"product_tag":[845,855,840,872],"class_list":["post-4323","product","type-product","status-publish","has-post-thumbnail","hentry","product_cat-little-dutch","product_cat-zabawki-do-wozka-lozeczka-i-fotelika","product_tag-ach-spij-kochanie-tekst","product_tag-nietypowe-imiona-zenskie","product_tag-stare-bajki","product_tag-zagadki-dla-dzieci-6-lat"],"_links":{"self":[{"href":"http:\/\/klubmamgdynia.pl\/index.php\/wp-json\/wp\/v2\/product\/4323","targetHints":{"allow":["GET"]}}],"collection":[{"href":"http:\/\/klubmamgdynia.pl\/index.php\/wp-json\/wp\/v2\/product"}],"about":[{"href":"http:\/\/klubmamgdynia.pl\/index.php\/wp-json\/wp\/v2\/types\/product"}],"replies":[{"embeddable":true,"href":"http:\/\/klubmamgdynia.pl\/index.php\/wp-json\/wp\/v2\/comments?post=4323"}],"wp:featuredmedia":[{"embeddable":true,"href":"http:\/\/klubmamgdynia.pl\/index.php\/wp-json\/wp\/v2\/media\/4324"}],"wp:attachment":[{"href":"http:\/\/klubmamgdynia.pl\/index.php\/wp-json\/wp\/v2\/media?parent=4323"}],"wp:term":[{"taxonomy":"product_cat","embeddable":true,"href":"http:\/\/klubmamgdynia.pl\/index.php\/wp-json\/wp\/v2\/product_cat?post=4323"},{"taxonomy":"product_tag","embeddable":true,"href":"http:\/\/klubmamgdynia.pl\/index.php\/wp-json\/wp\/v2\/product_tag?post=4323"}],"curies":[{"name":"wp","href":"https:\/\/api.w.org\/{rel}","templated":true}]}}