{"id":4327,"date":"2021-10-29T10:42:21","date_gmt":"2021-10-29T08:42:21","guid":{"rendered":"http:\/\/klubmamgdynia.pl\/index.php\/produkt\/amortyzator-tylny-peugeot-206-206\/"},"modified":"2026-05-17T22:49:48","modified_gmt":"2026-05-17T20:49:48","slug":"amortyzator-tylny-peugeot-206-206","status":"publish","type":"product","link":"http:\/\/klubmamgdynia.pl\/index.php\/produkt\/amortyzator-tylny-peugeot-206-206\/","title":{"rendered":"Amortyzator tylny Peugeot 206 \/ 206+"},"content":{"rendered":"<p>Amortyzator tylny dedykowany do PEUGEOT 206 z nadwoziem h-back i kabriolet (auta ze stabilizatorem) oraz do 206+ z nadwoziem h-back. Amortyzator do zastosowania zar\u00f3wno na lewej, jak i prawej stronie auta. Producent &#8211; firma SRL.<\/p>\n<h2>Amortyzator tylny Peugeot 206 \/ 206+ Bilstein<\/h2>\n<p>\u0142amig\u0142\u00f3wki do druku, kaczuszka, pieski, zagadki matematyczne dla przedszkolak\u00f3w, madre zyczenia bozonarodzeniowe, kr\u00f3tkie bajki dla dzieci do czytania, kolorowanka dla dziewczynki<\/p>\n<p>yyyyy<\/p>\n<p>&nbsp;<\/p>\n","protected":false},"excerpt":{"rendered":"<p>Amortyzator tylny dedykowany do PEUGEOT 206 z nadwoziem h-back i kabriolet (auta ze stabilizatorem) oraz do 206+ z nadwoziem h-back. Amortyzator do zastosowania zar\u00f3wno na lewej, jak i prawej stronie auta. Producent &#8211; firma SRL. Amortyzator tylny Peugeot 206 \/ 206+ Bilstein \u0142amig\u0142\u00f3wki do druku, kaczuszka, pieski, zagadki matematyczne dla przedszkolak\u00f3w, madre zyczenia bozonarodzeniowe, kr\u00f3tkie [&hellip;]<\/p>\n","protected":false},"featured_media":4328,"comment_status":"closed","ping_status":"open","template":"","meta":[],"product_cat":[1216,1215],"product_tag":[731,799,788],"class_list":["post-4327","product","type-product","status-publish","has-post-thumbnail","hentry","product_cat-amortyzatory-samochodowe","product_cat-bilstein","product_tag-maly-ksiaze-cytaty","product_tag-zagadka-logiczna","product_tag-zagadki-krotkie"],"_links":{"self":[{"href":"http:\/\/klubmamgdynia.pl\/index.php\/wp-json\/wp\/v2\/product\/4327","targetHints":{"allow":["GET"]}}],"collection":[{"href":"http:\/\/klubmamgdynia.pl\/index.php\/wp-json\/wp\/v2\/product"}],"about":[{"href":"http:\/\/klubmamgdynia.pl\/index.php\/wp-json\/wp\/v2\/types\/product"}],"replies":[{"embeddable":true,"href":"http:\/\/klubmamgdynia.pl\/index.php\/wp-json\/wp\/v2\/comments?post=4327"}],"wp:featuredmedia":[{"embeddable":true,"href":"http:\/\/klubmamgdynia.pl\/index.php\/wp-json\/wp\/v2\/media\/4328"}],"wp:attachment":[{"href":"http:\/\/klubmamgdynia.pl\/index.php\/wp-json\/wp\/v2\/media?parent=4327"}],"wp:term":[{"taxonomy":"product_cat","embeddable":true,"href":"http:\/\/klubmamgdynia.pl\/index.php\/wp-json\/wp\/v2\/product_cat?post=4327"},{"taxonomy":"product_tag","embeddable":true,"href":"http:\/\/klubmamgdynia.pl\/index.php\/wp-json\/wp\/v2\/product_tag?post=4327"}],"curies":[{"name":"wp","href":"https:\/\/api.w.org\/{rel}","templated":true}]}}