{"id":433,"date":"2014-06-23T05:27:14","date_gmt":"2014-06-23T03:27:14","guid":{"rendered":"http:\/\/klubmamgdynia.pl\/index.php\/produkt\/vogue-eyewear-vo-5452-2884-53-rozm-m\/"},"modified":"2026-04-29T21:46:07","modified_gmt":"2026-04-29T19:46:07","slug":"vogue-eyewear-vo-5452-2884-53-rozm-m","status":"publish","type":"product","link":"http:\/\/klubmamgdynia.pl\/index.php\/produkt\/vogue-eyewear-vo-5452-2884-53-rozm-m\/","title":{"rendered":"Vogue Eyewear Vo 5452 2884 53 Rozm. M"},"content":{"rendered":"<p>Teraz w Aurum-Optics do ka\u017cdego zam\u00f3wienia dodajemy wyj\u0105tkowe korzy\u015bci &#8211; w zale\u017cno\u015bci od rodzaju okular\u00f3w.SPRAWD\u0179 DODATKOWE KORZY\u015aCIOkulary VO 5452 2884 53 &#8211; wysoka jako\u015b\u0107 i doskona\u0142y stylOkulary korekcyjne Vogue Eyewear VO 5452 2884 53 to doskona\u0142y wyb\u00f3r dla ka\u017cdej kobiety poszukuj\u0105cej stylowego dodatku. Te oprawki korekcyjne charakteryzuje nie tylko doskona\u0142y design &#8211; gwarantuj\u0105 one tak\u017ce najwy\u017cszy komfort widzenia. Markowe okulary Vogue EyewearVogue Eyewear to nowoczesna okularowa marka o kilkudziesi\u0119cioletniej tradycji. Dzi\u0119ki szerokiemu asortymentowi i modnemu designowi sta\u0142a si\u0119 prawdziwie mi\u0119dzynarodow\u0105 wsp\u00f3\u0142czesn\u0105 mark\u0105 modow\u0105 skierowan\u0105 do pewnych siebie m\u0142odych ludzi, uto\u017csamiaj\u0105cych si\u0119 z postaciami \u015bwiatowego \u015bwiata mody, takimi jak Gigi Hadid&#8230;.<\/p>\n<h2>Vogue Eyewear Vo 5452 2884 53 Rozm. M Vogue<\/h2>\n<p>hymn g\u00f3rniczy, gry i zabawy dla dzieci, atrakcje dla dzieci wroclaw, agroturystyka dla dzieci ze zwierz\u0119tami, karteczki wydruku wr\u00f3\u017cby andrzejkowe dla dzieci, rzadkie imiona \u017ce\u0144skie polskie, jan pawe\u0142 2 rysunek \u0142atwy dla dzieci, milosc do dzieci, pomysly na prima aprilis, \u015bwinka peppa bajka do czytania, logiczne zagadki dla dzieci, quizy o miko\u0142ajku, niech \u017cyj\u0105 wakacje tekst, nauka zegara do druku pdf, jan pawe\u0142 2 rysunek \u0142atwy dla dzieci<\/p>\n<p>yyyyy<\/p>\n<p>&nbsp;<\/p>\n","protected":false},"excerpt":{"rendered":"<p>Teraz w Aurum-Optics do ka\u017cdego zam\u00f3wienia dodajemy wyj\u0105tkowe korzy\u015bci &#8211; w zale\u017cno\u015bci od rodzaju okular\u00f3w.SPRAWD\u0179 DODATKOWE KORZY\u015aCIOkulary VO 5452 2884 53 &#8211; wysoka jako\u015b\u0107 i doskona\u0142y stylOkulary korekcyjne Vogue Eyewear VO 5452 2884 53 to doskona\u0142y wyb\u00f3r dla ka\u017cdej kobiety poszukuj\u0105cej stylowego dodatku. Te oprawki korekcyjne charakteryzuje nie tylko doskona\u0142y design &#8211; gwarantuj\u0105 one tak\u017ce [&hellip;]<\/p>\n","protected":false},"featured_media":434,"comment_status":"closed","ping_status":"open","template":"","meta":[],"product_cat":[149,174],"product_tag":[836,639,743,601],"class_list":["post-433","product","type-product","status-publish","has-post-thumbnail","hentry","product_cat-okulary-oprawki-i-szkla","product_cat-vogue","product_tag-co-kupic-dziecku-na-roczek","product_tag-nela-imie","product_tag-quiz-dla-dzieci","product_tag-zagadki-co-to-jest"],"_links":{"self":[{"href":"http:\/\/klubmamgdynia.pl\/index.php\/wp-json\/wp\/v2\/product\/433","targetHints":{"allow":["GET"]}}],"collection":[{"href":"http:\/\/klubmamgdynia.pl\/index.php\/wp-json\/wp\/v2\/product"}],"about":[{"href":"http:\/\/klubmamgdynia.pl\/index.php\/wp-json\/wp\/v2\/types\/product"}],"replies":[{"embeddable":true,"href":"http:\/\/klubmamgdynia.pl\/index.php\/wp-json\/wp\/v2\/comments?post=433"}],"wp:featuredmedia":[{"embeddable":true,"href":"http:\/\/klubmamgdynia.pl\/index.php\/wp-json\/wp\/v2\/media\/434"}],"wp:attachment":[{"href":"http:\/\/klubmamgdynia.pl\/index.php\/wp-json\/wp\/v2\/media?parent=433"}],"wp:term":[{"taxonomy":"product_cat","embeddable":true,"href":"http:\/\/klubmamgdynia.pl\/index.php\/wp-json\/wp\/v2\/product_cat?post=433"},{"taxonomy":"product_tag","embeddable":true,"href":"http:\/\/klubmamgdynia.pl\/index.php\/wp-json\/wp\/v2\/product_tag?post=433"}],"curies":[{"name":"wp","href":"https:\/\/api.w.org\/{rel}","templated":true}]}}