{"id":4331,"date":"2017-05-13T17:20:41","date_gmt":"2017-05-13T15:20:41","guid":{"rendered":"http:\/\/klubmamgdynia.pl\/index.php\/produkt\/babyfehn-zabawka-do-raczki-z-piszczalka-konik\/"},"modified":"2026-04-24T00:04:02","modified_gmt":"2026-04-23T22:04:02","slug":"babyfehn-zabawka-do-raczki-z-piszczalka-konik","status":"publish","type":"product","link":"http:\/\/klubmamgdynia.pl\/index.php\/produkt\/babyfehn-zabawka-do-raczki-z-piszczalka-konik\/","title":{"rendered":"Babyfehn Zabawka Do R\u0105czki Z Piszcza\u0142k\u0105 Konik"},"content":{"rendered":"<p>Zabawka do R\u0105czki z Piszcza\u0142k\u0105, Konik z Kolekcji: Kolorowi Przyjaciele Stworzona dla ma\u0142ych r\u0105czek, delikatna w dotyku, urocza maskotka Konik, z kolekcji: Kolorowi Przyjaciele szybko zdob\u0119dzie serce dziecka. Przyjazny Konik, piszczy rado\u015bnie, gdy dziecko go \u015bciska. To budzi ciekawo\u015b\u0107 dzieci, pobudza pierwsze \u0107wiczenia chwytania. Kolorowe tasiemki s\u0142u\u017c\u0105 do ci\u0105gni\u0119cia i szarpania. Doskona\u0142y towarzysz w domu i podczas podr\u00f3\u017cy.Rozwija i pobudza zmys\u0142y.Doskonali zdolno\u015bci motoryczne.Posiada piszcza\u0142k\u0119, kt\u00f3ra wydaje d\u017awi\u0119k przy \u015bciskaniu.Wymiary produktu: 17 cm x 8 cm x 4 cm.Wszystkie zabawki niemieckiej marki FEHN s\u0105 bezpieczne dla dzieci od 0 lat.Wykonane s\u0105 z najlepszej jako\u015bci materia\u0142\u00f3w.Spe\u0142niaj\u0105 normy EN71, CE, badane w instytutach Stiftung Warentest lub kotest.<\/p>\n<h2>Babyfehn Zabawka Do R\u0105czki Z Piszcza\u0142k\u0105 Konik Fehn<\/h2>\n<p>henryk, zagadki wiosna, skalne miasto, filmy wigilijne dla dzieci, dzie\u0144 pluszowego misia, magiczne drzewo czerwone krzes\u0142o test, psi patrol kolorowanka, prezent dla nastolatk\u00f3w, bajka o kreciku, anio\u0142 rysunek prosty, quizy miko\u0142ajek, \u015bwinka peppa bajka do czytania, mitologia test wiedzy, zagadki dla dzieci 9 10 lat z odpowiedziami, testy na znaki drogowe, prezent na roczek dla ch\u0142opca, rzadkie imiona, zagadki o dinozaurach, zagadki dla nastolatk\u00f3w, konkurencje sportowe dla dzieci<\/p>\n<p>yyyyy<\/p>\n<p>&nbsp;<\/p>\n","protected":false},"excerpt":{"rendered":"<p>Zabawka do R\u0105czki z Piszcza\u0142k\u0105, Konik z Kolekcji: Kolorowi Przyjaciele Stworzona dla ma\u0142ych r\u0105czek, delikatna w dotyku, urocza maskotka Konik, z kolekcji: Kolorowi Przyjaciele szybko zdob\u0119dzie serce dziecka. Przyjazny Konik, piszczy rado\u015bnie, gdy dziecko go \u015bciska. To budzi ciekawo\u015b\u0107 dzieci, pobudza pierwsze \u0107wiczenia chwytania. Kolorowe tasiemki s\u0142u\u017c\u0105 do ci\u0105gni\u0119cia i szarpania. Doskona\u0142y towarzysz w domu [&hellip;]<\/p>\n","protected":false},"featured_media":4332,"comment_status":"closed","ping_status":"open","template":"","meta":[],"product_cat":[44,26],"product_tag":[728,610,612,708],"class_list":["post-4331","product","type-product","status-publish","has-post-thumbnail","hentry","product_cat-fehn","product_cat-zabawki-do-wozka-lozeczka-i-fotelika","product_tag-bezwarunkowa-milosc-do-dziecka-cytaty","product_tag-co-na-prezent-dla-nastolatkow","product_tag-kolorowanki-do-druku","product_tag-zabawy-ruchowe-dla-dzieci"],"_links":{"self":[{"href":"http:\/\/klubmamgdynia.pl\/index.php\/wp-json\/wp\/v2\/product\/4331","targetHints":{"allow":["GET"]}}],"collection":[{"href":"http:\/\/klubmamgdynia.pl\/index.php\/wp-json\/wp\/v2\/product"}],"about":[{"href":"http:\/\/klubmamgdynia.pl\/index.php\/wp-json\/wp\/v2\/types\/product"}],"replies":[{"embeddable":true,"href":"http:\/\/klubmamgdynia.pl\/index.php\/wp-json\/wp\/v2\/comments?post=4331"}],"wp:featuredmedia":[{"embeddable":true,"href":"http:\/\/klubmamgdynia.pl\/index.php\/wp-json\/wp\/v2\/media\/4332"}],"wp:attachment":[{"href":"http:\/\/klubmamgdynia.pl\/index.php\/wp-json\/wp\/v2\/media?parent=4331"}],"wp:term":[{"taxonomy":"product_cat","embeddable":true,"href":"http:\/\/klubmamgdynia.pl\/index.php\/wp-json\/wp\/v2\/product_cat?post=4331"},{"taxonomy":"product_tag","embeddable":true,"href":"http:\/\/klubmamgdynia.pl\/index.php\/wp-json\/wp\/v2\/product_tag?post=4331"}],"curies":[{"name":"wp","href":"https:\/\/api.w.org\/{rel}","templated":true}]}}