{"id":4333,"date":"2018-01-26T10:34:54","date_gmt":"2018-01-26T09:34:54","guid":{"rendered":"http:\/\/klubmamgdynia.pl\/index.php\/produkt\/lol-surprise-sekretne-wiadomosci-z-playdoll-51444\/"},"modified":"2026-05-17T22:52:20","modified_gmt":"2026-05-17T20:52:20","slug":"lol-surprise-sekretne-wiadomosci-z-playdoll-51444","status":"publish","type":"product","link":"http:\/\/klubmamgdynia.pl\/index.php\/produkt\/lol-surprise-sekretne-wiadomosci-z-playdoll-51444\/","title":{"rendered":"LOL Surprise Sekretne Wiadomo\u015bci Z Playdoll 51444"},"content":{"rendered":"<p>LOL Surprise Sekretne wiadomo\u015bci z Playdoll                            <\/p>\n<p>OL Surprise Sekretne wiadomo\u015bci z Playdoll to produkt na uwielbianej na ca\u0142ym \u015bwiecie licencji LOL, dzi\u0119ki kt\u00f3remu dzieci mog\u0105 przesy\u0142a\u0107 sobie sekretne wiadomo\u015bci, niedost\u0119pne dla oczu doros\u0142ych! Wszystko to jest mo\u017cliwe dzi\u0119ki magicznym d\u0142ugopisom, kt\u00f3rych tusz jest widoczny jedynie pod odpowiednim o\u015bwietleniem. Ka\u017cde opakowanie zawiera tak\u017ce kartonow\u0105 LOL, kt\u00f3r\u0105 dziewczynki mog\u0105 kolekcjonowa\u0107.<\/p>\n<p>Dla dzieci w wieku od 5 lat<\/p>\n<h2>LOL Surprise Sekretne Wiadomo\u015bci Z Playdoll 51444 LOL Surprise<\/h2>\n<p>zagadki dla dzieci 10-12 lat trudne, zagadki o wielkanocy dla dzieci, co mo\u017cna zrobi\u0107 z rolek po papierze toaletowym, zagadki o psach, list do miko\u0142aja wz\u00f3r pdf, fajne \u017carty na prima aprilis, darmowy szablon list do miko\u0142aja, bajka do czytania na dobranoc, ptak b\u0105k, alina, jak narysowa\u0107, zabawka na roczek dla dziewczynki<\/p>\n<p>yyyyy<\/p>\n<p>&nbsp;<\/p>\n","protected":false},"excerpt":{"rendered":"<p>LOL Surprise Sekretne wiadomo\u015bci z Playdoll OL Surprise Sekretne wiadomo\u015bci z Playdoll to produkt na uwielbianej na ca\u0142ym \u015bwiecie licencji LOL, dzi\u0119ki kt\u00f3remu dzieci mog\u0105 przesy\u0142a\u0107 sobie sekretne wiadomo\u015bci, niedost\u0119pne dla oczu doros\u0142ych! Wszystko to jest mo\u017cliwe dzi\u0119ki magicznym d\u0142ugopisom, kt\u00f3rych tusz jest widoczny jedynie pod odpowiednim o\u015bwietleniem. Ka\u017cde opakowanie zawiera tak\u017ce kartonow\u0105 LOL, kt\u00f3r\u0105 [&hellip;]<\/p>\n","protected":false},"featured_media":4334,"comment_status":"closed","ping_status":"open","template":"","meta":[],"product_cat":[294,295],"product_tag":[781,859,723],"class_list":["post-4333","product","type-product","status-publish","has-post-thumbnail","hentry","product_cat-lol-surprise","product_cat-pozostale-zabawki","product_tag-cytaty-o-wychowaniu-dzieci","product_tag-dobranoc-pchly-na-noc","product_tag-krotkie-bajki-do-czytania-na-dobranoc"],"_links":{"self":[{"href":"http:\/\/klubmamgdynia.pl\/index.php\/wp-json\/wp\/v2\/product\/4333","targetHints":{"allow":["GET"]}}],"collection":[{"href":"http:\/\/klubmamgdynia.pl\/index.php\/wp-json\/wp\/v2\/product"}],"about":[{"href":"http:\/\/klubmamgdynia.pl\/index.php\/wp-json\/wp\/v2\/types\/product"}],"replies":[{"embeddable":true,"href":"http:\/\/klubmamgdynia.pl\/index.php\/wp-json\/wp\/v2\/comments?post=4333"}],"wp:featuredmedia":[{"embeddable":true,"href":"http:\/\/klubmamgdynia.pl\/index.php\/wp-json\/wp\/v2\/media\/4334"}],"wp:attachment":[{"href":"http:\/\/klubmamgdynia.pl\/index.php\/wp-json\/wp\/v2\/media?parent=4333"}],"wp:term":[{"taxonomy":"product_cat","embeddable":true,"href":"http:\/\/klubmamgdynia.pl\/index.php\/wp-json\/wp\/v2\/product_cat?post=4333"},{"taxonomy":"product_tag","embeddable":true,"href":"http:\/\/klubmamgdynia.pl\/index.php\/wp-json\/wp\/v2\/product_tag?post=4333"}],"curies":[{"name":"wp","href":"https:\/\/api.w.org\/{rel}","templated":true}]}}