{"id":4337,"date":"2025-07-24T13:37:53","date_gmt":"2025-07-24T11:37:53","guid":{"rendered":"http:\/\/klubmamgdynia.pl\/?post_type=product&#038;p=4337"},"modified":"2026-04-07T10:47:58","modified_gmt":"2026-04-07T08:47:58","slug":"vigantoletten-1000-j-m-90-tabl","status":"publish","type":"product","link":"http:\/\/klubmamgdynia.pl\/index.php\/produkt\/vigantoletten-1000-j-m-90-tabl\/","title":{"rendered":"Vigantoletten 1000 j.m. 90 tabl"},"content":{"rendered":"<p>Vigantoletten 1000 j.m. 90 tabl<\/p>\n<p>Witamina D3 (cholekalcyferolu)\u00a0 wp\u0142ywa na prac\u0119 mi\u0119\u015bnia sercowego, stymuluje wydzielanie insuliny, zapobiega stanom zapalnym, reguluje ci\u015bnienie krwi i wzrost kom\u00f3rek. Niedob\u00f3r witaminy D mo\u017ce by\u0107 przyczyn\u0105 wielu schorze\u0144.Jednym z powod\u00f3w zmniejszonej produkcji endogennej witaminy D jest zbyt kr\u00f3tkie przebywanie na s\u0142o\u0144cu, dotyczy to g\u0142\u00f3wnie pracownik\u00f3w biurowych. Ponadto na stan ten mo\u017ce wp\u0142ywa\u0107 ograniczone spo\u017cycie z pokarmem, oty\u0142o\u015b\u0107, kt\u00f3ra przyczynia si\u0119 do zaburzenia metabolizmu witaminy D1.                            <\/p>\n<p>            Sk\u0142ad<\/p>\n<p>1 tabletka zawiera 25 \u00b5g cholekalcyferolu, co odpowiada 1000 j.m. witaminy D                            <\/p>\n<p>            Wskazania<\/p>\n<p>Zapobieganie krzywicy i osteomalacji u dzieci i doros\u0142ych; zapobieganie schorzeniom w przypadku wyst\u0119powania ryzyka niedoboru witaminy D u dzieci i doros\u0142ych; zapobieganie niedoborom witaminy D u dzieci i doros\u0142ych i leczenie wspomagaj\u0105ce w osteoporozie u doros\u0142ych.                            <\/p>\n<p>            Dzia\u0142anie<\/p>\n<p>\u00a0zapobieganie niedoborom witaminy D u dzieci i doros\u0142ych\u00a0zapobieganie krzywicy i osteomalacji u dzieci i doros\u0142ych\u00a0zapobieganie schorzeniom w przypadku wyst\u0119powania ryzyka niedoboru witaminy D u dzieci i doros\u0142ych\u00a0leczenie wspomagaj\u0105ce w osteoporozie u doros\u0142ych                            <\/p>\n<p>            Dawkowanie<\/p>\n<p>Doro\u015bli (w tym osoby w podesz\u0142ym wieku) i dzieci: 1\/2 tabletki na dob\u0119 (co odpowiada 0,0125 mg lub 500 j.m. witaminy D). U noworodk\u00f3w, niemowl\u0105t i ma\u0142ych dzieci lek nale\u017cy stosowa\u0107 jedynie pod nadzorem lekarza. Leczenie wspomagaj\u0105ce w osteoporozie u doros\u0142ych: 1 tabletka na dob\u0119 (co odpowiada 0,025 mg lub 1000 j.m. witaminy D). Nie nale\u017cy stosowa\u0107 produktu leczniczego d\u0142ugotrwale lub w wi\u0119kszych dawkach bez nadzoru lekarza. Ponadto bez nadzoru lekarza nie nale\u017cy stosowa\u0107 jednocze\u015bnie innych lek\u00f3w czy suplement\u00f3w diety oraz innego rodzaju \u015brodk\u00f3w spo\u017cywczych zawieraj\u0105cych witamin\u0119 D (cholekalcyferol), kalcytriol lub inne metabolity i analogi witaminy D.<\/p>\n<h2>Vigantoletten 1000 j.m. 90 tabl Merck<\/h2>\n<p>gdzie strumyk p\u0142ynie z wolna, janusz korczak cytaty, urodziny dziecka pomys\u0142y, wierszyki na \u015bmigusa dyngusa, zak\u0142adka do ksi\u0105\u017cki szablon, imiona \u017ce\u0144skie nietypowe, posz\u0142a ola na spacerek, ozdoby wielkanocne kt\u00f3re mog\u0105 zrobi\u0107 dzieci, zagadki wielkanocne do druku, dzieci z bullerbyn quiz, mateusz imi\u0119, origami kotek<\/p>\n<p>yyyyy<\/p>\n<p>&nbsp;<\/p>\n","protected":false},"excerpt":{"rendered":"<p>Vigantoletten 1000 j.m. 90 tabl Witamina D3 (cholekalcyferolu)\u00a0 wp\u0142ywa na prac\u0119 mi\u0119\u015bnia sercowego, stymuluje wydzielanie insuliny, zapobiega stanom zapalnym, reguluje ci\u015bnienie krwi i wzrost kom\u00f3rek. Niedob\u00f3r witaminy D mo\u017ce by\u0107 przyczyn\u0105 wielu schorze\u0144.Jednym z powod\u00f3w zmniejszonej produkcji endogennej witaminy D jest zbyt kr\u00f3tkie przebywanie na s\u0142o\u0144cu, dotyczy to g\u0142\u00f3wnie pracownik\u00f3w biurowych. Ponadto na stan ten [&hellip;]<\/p>\n","protected":false},"featured_media":4338,"comment_status":"closed","ping_status":"open","template":"","meta":[],"product_cat":[1217,1218],"product_tag":[585,787,783,607],"class_list":["post-4337","product","type-product","status-publish","has-post-thumbnail","hentry","product_cat-merck","product_cat-witaminy-i-mineraly","product_tag-kolorowanki-dla-chlopcow","product_tag-nauka-pisania-wyrazow-dla-dzieci-do-druku-pdf","product_tag-prezenty-na-roczek-dla-chlopca","product_tag-zarty-na-prima-aprilis-dla-rodzicow"],"_links":{"self":[{"href":"http:\/\/klubmamgdynia.pl\/index.php\/wp-json\/wp\/v2\/product\/4337","targetHints":{"allow":["GET"]}}],"collection":[{"href":"http:\/\/klubmamgdynia.pl\/index.php\/wp-json\/wp\/v2\/product"}],"about":[{"href":"http:\/\/klubmamgdynia.pl\/index.php\/wp-json\/wp\/v2\/types\/product"}],"replies":[{"embeddable":true,"href":"http:\/\/klubmamgdynia.pl\/index.php\/wp-json\/wp\/v2\/comments?post=4337"}],"wp:featuredmedia":[{"embeddable":true,"href":"http:\/\/klubmamgdynia.pl\/index.php\/wp-json\/wp\/v2\/media\/4338"}],"wp:attachment":[{"href":"http:\/\/klubmamgdynia.pl\/index.php\/wp-json\/wp\/v2\/media?parent=4337"}],"wp:term":[{"taxonomy":"product_cat","embeddable":true,"href":"http:\/\/klubmamgdynia.pl\/index.php\/wp-json\/wp\/v2\/product_cat?post=4337"},{"taxonomy":"product_tag","embeddable":true,"href":"http:\/\/klubmamgdynia.pl\/index.php\/wp-json\/wp\/v2\/product_tag?post=4337"}],"curies":[{"name":"wp","href":"https:\/\/api.w.org\/{rel}","templated":true}]}}