{"id":4343,"date":"2014-10-23T11:24:00","date_gmt":"2014-10-23T09:24:00","guid":{"rendered":"http:\/\/klubmamgdynia.pl\/index.php\/produkt\/barbie-rewind-workin-out-gimnastyczka-gtj87\/"},"modified":"2026-04-06T22:11:47","modified_gmt":"2026-04-06T20:11:47","slug":"barbie-rewind-workin-out-gimnastyczka-gtj87","status":"publish","type":"product","link":"http:\/\/klubmamgdynia.pl\/index.php\/produkt\/barbie-rewind-workin-out-gimnastyczka-gtj87\/","title":{"rendered":"Barbie Rewind Workin Out Gimnastyczka GTJ87"},"content":{"rendered":"<p>Seria Barbie Rewind rozpoczyna si\u0119 wraz z edycj\u0105 z lat 80., kolekcj\u0105 upami\u0119tniaj\u0105c\u0105 nasze ulubione stylizacje popkultury z tej dekady.                            <\/p>\n<p>Gotowa na zaj\u0119cia aerobiku, ta lalka Barbie Rewind ma na sobie r\u00f3\u017cowe body z nadrukowanym logo Barbie, ocieplaczami na nogi i niezb\u0119dnymi opaskami. Wysoki kucyk z boku, tenis\u00f3wki i b\u0142yszcz\u0105cy pasek dope\u0142niaj\u0105 jej wyrazistego wygl\u0105du.                            <\/p>\n<p>Akcesoria z lat 80. obejmuj\u0105 hantle, worek, stepper do aerobiku i szczotk\u0119 do w\u0142os\u00f3w Barbie w stylu retro.                            <\/p>\n<p>Kultowe rysy twarzy i zginane kolana sprawi\u0105, \u017ce ta lalka Barbie Rewind natychmiast stanie si\u0119 ulubie\u0144cem kolekcjoner\u00f3w!                            <\/p>\n<p>Nostalgiczne opakowanie z motywem VHS. W zestawie certyfikat autentyczno\u015bci. Lalka nie mo\u017ce sta\u0107 sama.<\/p>\n<h2>Barbie Rewind Workin Out Gimnastyczka GTJ87 Mattel<\/h2>\n<p>quiz online, zagadki matematyczne logiczne, test z opowie\u015bci z narnii, filmy wigilijne dla dzieci, paloma, kanapki na urodziny dziecka, parasol szablon do wydruku, esmeralda, plac zabaw warszawa, kartka walentynkowa r\u0119cznie robiona \u0142atwa, bajki dla chlopcow, zagadki halloween dla dzieci, dorian, zagadki o wio\u015bnie dla dzieci, prezent dla nastolatka, liwia imi\u0119, najtrudniejsze zagadki<\/p>\n<p>yyyyy<\/p>\n<p>&nbsp;<\/p>\n","protected":false},"excerpt":{"rendered":"<p>Seria Barbie Rewind rozpoczyna si\u0119 wraz z edycj\u0105 z lat 80., kolekcj\u0105 upami\u0119tniaj\u0105c\u0105 nasze ulubione stylizacje popkultury z tej dekady. Gotowa na zaj\u0119cia aerobiku, ta lalka Barbie Rewind ma na sobie r\u00f3\u017cowe body z nadrukowanym logo Barbie, ocieplaczami na nogi i niezb\u0119dnymi opaskami. Wysoki kucyk z boku, tenis\u00f3wki i b\u0142yszcz\u0105cy pasek dope\u0142niaj\u0105 jej wyrazistego wygl\u0105du. [&hellip;]<\/p>\n","protected":false},"featured_media":4344,"comment_status":"closed","ping_status":"open","template":"","meta":[],"product_cat":[65,289],"product_tag":[838,681,688,584],"class_list":["post-4343","product","type-product","status-publish","has-post-thumbnail","hentry","product_cat-lalki","product_cat-mattel","product_tag-bajki-dla-dzieci-na-dobranoc","product_tag-flagi-europy-quiz","product_tag-kolysanki-tekst","product_tag-liwia"],"_links":{"self":[{"href":"http:\/\/klubmamgdynia.pl\/index.php\/wp-json\/wp\/v2\/product\/4343","targetHints":{"allow":["GET"]}}],"collection":[{"href":"http:\/\/klubmamgdynia.pl\/index.php\/wp-json\/wp\/v2\/product"}],"about":[{"href":"http:\/\/klubmamgdynia.pl\/index.php\/wp-json\/wp\/v2\/types\/product"}],"replies":[{"embeddable":true,"href":"http:\/\/klubmamgdynia.pl\/index.php\/wp-json\/wp\/v2\/comments?post=4343"}],"wp:featuredmedia":[{"embeddable":true,"href":"http:\/\/klubmamgdynia.pl\/index.php\/wp-json\/wp\/v2\/media\/4344"}],"wp:attachment":[{"href":"http:\/\/klubmamgdynia.pl\/index.php\/wp-json\/wp\/v2\/media?parent=4343"}],"wp:term":[{"taxonomy":"product_cat","embeddable":true,"href":"http:\/\/klubmamgdynia.pl\/index.php\/wp-json\/wp\/v2\/product_cat?post=4343"},{"taxonomy":"product_tag","embeddable":true,"href":"http:\/\/klubmamgdynia.pl\/index.php\/wp-json\/wp\/v2\/product_tag?post=4343"}],"curies":[{"name":"wp","href":"https:\/\/api.w.org\/{rel}","templated":true}]}}