{"id":4345,"date":"2012-10-21T03:58:16","date_gmt":"2012-10-21T01:58:16","guid":{"rendered":"http:\/\/klubmamgdynia.pl\/index.php\/produkt\/300-strzalek-do-wyrzutni-n-strike-elite-abz00146\/"},"modified":"2026-05-17T22:39:00","modified_gmt":"2026-05-17T20:39:00","slug":"300-strzalek-do-wyrzutni-n-strike-elite-abz00146","status":"publish","type":"product","link":"http:\/\/klubmamgdynia.pl\/index.php\/produkt\/300-strzalek-do-wyrzutni-n-strike-elite-abz00146\/","title":{"rendered":"300 Strza\u0142ek Do Wyrzutni N-Strike Elite Abz00146"},"content":{"rendered":"<p>300 strza\u0142ek do wyrzutni Nerf N-Strike Elite<br \/>\nDoskona\u0142a zabawa dla ka\u017cdego ch\u0142opca i dziewczynki<br \/>\nBezpieczne strza\u0142ki<br \/>\nDla dzieci od 8 roku \u017cycia<br \/>\nWymiary strza\u0142ki: \u015brednica 1,2 cm, d\u0142ugo\u015b\u0107 7 cm<br \/>\nKolor: niebieski<br \/>\nZestaw: 200 strza\u0142ek do wyrzutni Nerf N-Strike Elite                            <\/p>\n<p>Postaw na jako\u015b\u0107!<br \/>\nNasze strza\u0142ki zbudowane s\u0105 z wysokiej jako\u015bci materia\u0142\u00f3w, dzi\u0119ki czemu mog\u0105 by\u0107 u\u017cytkowane przez bardzo d\u0142ugi czas.<br \/>\nSpr\u0119\u017cysta pianka<br \/>\nPrzez zastosowanie spr\u0119\u017cystej pianki strza\u0142ki nie deformuj\u0105 si\u0119 i utrzymuj\u0105 pierwotny kszta\u0142t przez d\u0142ugi czas. Dzi\u0119ki temu nie zacinaj\u0105 si\u0119 w wyrzutni i pozwalaj\u0105 na dalekie strza\u0142y.                            <\/p>\n<p>Kompatybilne z wszystkimi wyrzutniami<br \/>\nNerf N-Strike<br \/>\nStrza\u0142ki pasuj\u0105 do wszystkich wyrzutni Nerf opr\u00f3cz wyrzutni z serii Mega (du\u017ce pomara\u0144czowe strza\u0142ki)<br \/>\nStrza\u0142ki zbudowane s\u0105 wysokiej jako\u015bci z elastycznej pianki oraz gumowej g\u0142owicy, kt\u00f3ra jest pusta w \u015brodku.<\/p>\n<h2>300 Strza\u0142ek Do Wyrzutni N-Strike Elite Abz00146 Hasbro<\/h2>\n<p>kajko i kokosz szko\u0142a latania &#8211; test do wydruku, \u015bwinka peppa kolorowanka do druku, ozdoby choinkowe dla dzieci, wycinanki puzzle do druku, kolorowanka super zings, zabawy ruchowe dla dzieci w przedszkolu, kolorowanki antystresowe do druku, wystawy dla dzieci warszawa, quiz bajki, pawe\u0142, nauka polskiego dla dzieci z ukrainy, prezent dla 7 latki, zagadki matematyczne z odpowiedziami, zagadki s\u0142owne, zimowe zabawy dla dzieci, ida swieta wielkanocne ida swieta, zagadki co to jest, otto, aurelia imie, zemsta test wiedzy, nadia imi\u0119<\/p>\n<p>yyyyy<\/p>\n<p>&nbsp;<\/p>\n","protected":false},"excerpt":{"rendered":"<p>300 strza\u0142ek do wyrzutni Nerf N-Strike Elite Doskona\u0142a zabawa dla ka\u017cdego ch\u0142opca i dziewczynki Bezpieczne strza\u0142ki Dla dzieci od 8 roku \u017cycia Wymiary strza\u0142ki: \u015brednica 1,2 cm, d\u0142ugo\u015b\u0107 7 cm Kolor: niebieski Zestaw: 200 strza\u0142ek do wyrzutni Nerf N-Strike Elite Postaw na jako\u015b\u0107! Nasze strza\u0142ki zbudowane s\u0105 z wysokiej jako\u015bci materia\u0142\u00f3w, dzi\u0119ki czemu mog\u0105 by\u0107 [&hellip;]<\/p>\n","protected":false},"featured_media":4346,"comment_status":"closed","ping_status":"open","template":"","meta":[],"product_cat":[129,40],"product_tag":[648,613,842,630,640,616],"class_list":["post-4345","product","type-product","status-publish","has-post-thumbnail","hentry","product_cat-hasbro","product_cat-zabawki-militarne","product_tag-dobrej-nocy-i-sza","product_tag-na-wyspach-bergamutach","product_tag-plac-zabaw-poznan","product_tag-podchwytliwe-zagadki-z-odpowiedziami","product_tag-prezent-dla-rocznej-dziewczynki","product_tag-test-mikolajek-25-pytan"],"_links":{"self":[{"href":"http:\/\/klubmamgdynia.pl\/index.php\/wp-json\/wp\/v2\/product\/4345","targetHints":{"allow":["GET"]}}],"collection":[{"href":"http:\/\/klubmamgdynia.pl\/index.php\/wp-json\/wp\/v2\/product"}],"about":[{"href":"http:\/\/klubmamgdynia.pl\/index.php\/wp-json\/wp\/v2\/types\/product"}],"replies":[{"embeddable":true,"href":"http:\/\/klubmamgdynia.pl\/index.php\/wp-json\/wp\/v2\/comments?post=4345"}],"wp:featuredmedia":[{"embeddable":true,"href":"http:\/\/klubmamgdynia.pl\/index.php\/wp-json\/wp\/v2\/media\/4346"}],"wp:attachment":[{"href":"http:\/\/klubmamgdynia.pl\/index.php\/wp-json\/wp\/v2\/media?parent=4345"}],"wp:term":[{"taxonomy":"product_cat","embeddable":true,"href":"http:\/\/klubmamgdynia.pl\/index.php\/wp-json\/wp\/v2\/product_cat?post=4345"},{"taxonomy":"product_tag","embeddable":true,"href":"http:\/\/klubmamgdynia.pl\/index.php\/wp-json\/wp\/v2\/product_tag?post=4345"}],"curies":[{"name":"wp","href":"https:\/\/api.w.org\/{rel}","templated":true}]}}