{"id":4347,"date":"2018-11-22T05:57:06","date_gmt":"2018-11-22T04:57:06","guid":{"rendered":"http:\/\/klubmamgdynia.pl\/index.php\/produkt\/niania-gsm-city-elektroniczna-niania-2-4\/"},"modified":"2026-04-29T11:54:32","modified_gmt":"2026-04-29T09:54:32","slug":"niania-gsm-city-elektroniczna-niania-2-4","status":"publish","type":"product","link":"http:\/\/klubmamgdynia.pl\/index.php\/produkt\/niania-gsm-city-elektroniczna-niania-2-4\/","title":{"rendered":"Niania Gsm City Elektroniczna Niania 2.4"},"content":{"rendered":"<p>ELEKTRONICZNA NIANIAProducent: Baby SensoTransmisja audio i wideoProsta instalacja\u015awiat\u0142o podczerwone zapewnia o\u015bwietlenie w nocyKo\u0142ysanka z 4 melodiamiKomunikacja obustronnaKolorowy wy\u015bwietlacz 2,4\u201d w odbiornikuOdbiornik nie wymaga kablaPomiar temperatury otoczeniaOpieka 24 godziny na dob\u0119 Niania elektroniczna to niewielkie urz\u0105dzenie sk\u0142adaj\u0105ce si\u0119 zazwyczaj z dw\u00f3ch element\u00f3w. Jej dzia\u0142anie polega na zdalnym nadzorze dziecka. Urz\u0105dzenie transmituje sygna\u0142 audio a tak\u017ce wideo. Nadajnik, kt\u00f3ry nagrywa zachowanie dziecka znajduje si\u0119 w pobli\u017cu \u0142\u00f3\u017ceczka. Podgl\u0105d obrazu lub ods\u0142uch d\u017awi\u0119ku jest mo\u017cliwy w odbiorniku, kt\u00f3ry znajduje si\u0119 w pobli\u017cu rodzica.Dwukierunkowa komunikacjaNiemowl\u0119ta s\u0105 bardzo wra\u017cliwe na bod\u017ace zewn\u0119trzne. W szczeg\u00f3lno\u015bci te d\u017awi\u0119kowe. Nic tak nie uspokaja, jak spokojny g\u0142os matki. Baby Senso posiada mo\u017cliwo\u015b\u0107 komunikacji dwukierunkowej. Oznacza to, \u017ce mama ma mo\u017cliwo\u015b\u0107 przekazywania komunikat\u00f3w g\u0142osowych bezpo\u015brednio do odbiornika znajduj\u0105cego si\u0119 przy \u0142\u00f3\u017ceczku. Niekiedy jedno zdanie wystarczy aby ukoi\u0107 niepok\u00f3j dziecka.Podgl\u0105d w ciemno\u015bciDzi\u0119ki wbudowaniu diod podczerwonych kamera jest w stanie \u201ewidzie\u0107\u201d nawet w najwi\u0119kszych ciemno\u015bciach. \u015awiat\u0142o podczerwone nie jest widzialne dla oka ludzkiego, dzi\u0119ki temu podczas korzystania z urz\u0105dzania nie ma ryzyka, \u017ce dziecko obudzi si\u0119 z powodu zbyt jasnego otoczenia.Niemowlak pod kontrol\u0105Opieka nad niemowlakiem bywa skomplikowana. Odpowiednie godziny karmienia, nietypowe pory snu, czy podwy\u017cszone temperatury. To tylko nieliczne przyk\u0142ady problem\u00f3w z jakimi m\u0142odzi rodzice musz\u0105 si\u0119 zmierzy\u0107. Na szcz\u0119\u015bcie technologia jest w stanie pom\u00f3c w tym najtrudniejszym etapie. PARAMETRY ORAZ FUNKCJE:* Baby room wykrywania temperatury* wbudowany mikrofon i g\u0142o\u015bnik\/dwukierunkowy d\u017awi\u0119k komunikacji* wbudowany akumulator li-baterii w odbiornik* 200 m zasi\u0119g transmisji* Night Vision Odleg\u0142o\u015b\u0107: Min.5m* Lullaby: 4 ko\u0142ysanki* 2.4 GHz wireless digital technology, bez zak\u0142\u00f3ce\u0144, nie wyciek prywatno\u015bci* 2.4 cal ekran TFT LCDSpecyfikacja techniczna Odbiornik:Napi\u0119cie: DC 5VTemperatura pracy: 0\u00ba C &#8211; 40\u00b0 CCz\u0119stotliwo\u015b\u0107 pracy: 2,4 GHz -2.4835GHzWy\u015bwietlacz: kolorowy 2,4&#8243;Nadajnik:Napi\u0119cie: DC 5VMoc wyj\u015bciowa: 17dB<\/p>\n<h2>Niania Gsm City Elektroniczna Niania 2.4 <\/h2>\n<p>najlepsze pranki na prima aprilis, zadania dla 7 latka do druku, pomysly na prima aprilis, mira imie, podzi\u0119kowania dla nauczyciela cytaty, karmen imie, kolorowanka lol, wiosna zagadki s\u0142owne, stare bajki, kolorowanka uk\u0142ad s\u0142oneczny dla dzieci do druku, alfons, prezent na roczek dla dziecka, opis rodzina, \u015bmieszne zagadki z odpowiedziami, gad\u017cety dla nastolatki, gry dla nastolatk\u00f3w, prezenty dla rocznego dziecka, pch\u0142y na noc, estera<\/p>\n<p>yyyyy<\/p>\n<p>&nbsp;<\/p>\n","protected":false},"excerpt":{"rendered":"<p>ELEKTRONICZNA NIANIAProducent: Baby SensoTransmisja audio i wideoProsta instalacja\u015awiat\u0142o podczerwone zapewnia o\u015bwietlenie w nocyKo\u0142ysanka z 4 melodiamiKomunikacja obustronnaKolorowy wy\u015bwietlacz 2,4\u201d w odbiornikuOdbiornik nie wymaga kablaPomiar temperatury otoczeniaOpieka 24 godziny na dob\u0119 Niania elektroniczna to niewielkie urz\u0105dzenie sk\u0142adaj\u0105ce si\u0119 zazwyczaj z dw\u00f3ch element\u00f3w. Jej dzia\u0142anie polega na zdalnym nadzorze dziecka. Urz\u0105dzenie transmituje sygna\u0142 audio a tak\u017ce wideo. [&hellip;]<\/p>\n","protected":false},"featured_media":4348,"comment_status":"closed","ping_status":"open","template":"","meta":[],"product_cat":[899],"product_tag":[673,663,655,665,762,778],"class_list":["post-4347","product","type-product","status-publish","has-post-thumbnail","hentry","product_cat-nianie-elektroniczne-i-monitory-oddechu","product_tag-juz-blisko-koleda-tekst","product_tag-kolorowanki-dla-dzieci-do-druku","product_tag-najlepsze-zagadki","product_tag-proste-zagadki","product_tag-trudne-zagadki-dla-dzieci","product_tag-zabawki-na-roczek-dla-chlopca"],"_links":{"self":[{"href":"http:\/\/klubmamgdynia.pl\/index.php\/wp-json\/wp\/v2\/product\/4347","targetHints":{"allow":["GET"]}}],"collection":[{"href":"http:\/\/klubmamgdynia.pl\/index.php\/wp-json\/wp\/v2\/product"}],"about":[{"href":"http:\/\/klubmamgdynia.pl\/index.php\/wp-json\/wp\/v2\/types\/product"}],"replies":[{"embeddable":true,"href":"http:\/\/klubmamgdynia.pl\/index.php\/wp-json\/wp\/v2\/comments?post=4347"}],"wp:featuredmedia":[{"embeddable":true,"href":"http:\/\/klubmamgdynia.pl\/index.php\/wp-json\/wp\/v2\/media\/4348"}],"wp:attachment":[{"href":"http:\/\/klubmamgdynia.pl\/index.php\/wp-json\/wp\/v2\/media?parent=4347"}],"wp:term":[{"taxonomy":"product_cat","embeddable":true,"href":"http:\/\/klubmamgdynia.pl\/index.php\/wp-json\/wp\/v2\/product_cat?post=4347"},{"taxonomy":"product_tag","embeddable":true,"href":"http:\/\/klubmamgdynia.pl\/index.php\/wp-json\/wp\/v2\/product_tag?post=4347"}],"curies":[{"name":"wp","href":"https:\/\/api.w.org\/{rel}","templated":true}]}}