{"id":4349,"date":"2014-06-03T15:19:47","date_gmt":"2014-06-03T13:19:47","guid":{"rendered":"http:\/\/klubmamgdynia.pl\/index.php\/produkt\/kinderkraft-bujaczek-flo-mietowy\/"},"modified":"2026-04-24T16:22:21","modified_gmt":"2026-04-24T14:22:21","slug":"kinderkraft-bujaczek-flo-mietowy","status":"publish","type":"product","link":"http:\/\/klubmamgdynia.pl\/index.php\/produkt\/kinderkraft-bujaczek-flo-mietowy\/","title":{"rendered":"Kinderkraft Bujaczek FLO mi\u0119towy"},"content":{"rendered":"<h2>Kinderkraft Bujaczek FLO mi\u0119towy Kinderkraft<\/h2>\n<p>\u015bwi\u0105teczne filmy familijne, zagadka logiczna dla dzieci, proste origami dla dzieci, maski dla dzieci do druku, bajka do czytania na dobranoc, pia, ach \u015bpij kochanie tekst, co oznacza jordan, kr\u00f3tkie zagadki logiczne, co na roczek dla ch\u0142opca, prezent na roczek dla chlopca, piosenki na dobranoc tekst, dla nastolatk\u00f3w prezenty, cytaty ma\u0142y ksi\u0105\u017ce, krok jak narysowa\u0107 konia<\/p>\n<p>yyyyy<\/p>\n<p>&nbsp;<\/p>\n","protected":false},"excerpt":{"rendered":"<p>Kinderkraft Bujaczek FLO mi\u0119towy Kinderkraft \u015bwi\u0105teczne filmy familijne, zagadka logiczna dla dzieci, proste origami dla dzieci, maski dla dzieci do druku, bajka do czytania na dobranoc, pia, ach \u015bpij kochanie tekst, co oznacza jordan, kr\u00f3tkie zagadki logiczne, co na roczek dla ch\u0142opca, prezent na roczek dla chlopca, piosenki na dobranoc tekst, dla nastolatk\u00f3w prezenty, cytaty [&hellip;]<\/p>\n","protected":false},"featured_media":4350,"comment_status":"closed","ping_status":"open","template":"","meta":[],"product_cat":[59,1156],"product_tag":[827,837,806],"class_list":["post-4349","product","type-product","status-publish","has-post-thumbnail","hentry","product_cat-kinderkraft","product_cat-lezaczki-bujaki-i-hustawki-niemowlece","product_tag-bajki-dla-niemowlat","product_tag-cicha-noc-po-angielsku","product_tag-prezent-dla-dziecka-na-roczek"],"_links":{"self":[{"href":"http:\/\/klubmamgdynia.pl\/index.php\/wp-json\/wp\/v2\/product\/4349","targetHints":{"allow":["GET"]}}],"collection":[{"href":"http:\/\/klubmamgdynia.pl\/index.php\/wp-json\/wp\/v2\/product"}],"about":[{"href":"http:\/\/klubmamgdynia.pl\/index.php\/wp-json\/wp\/v2\/types\/product"}],"replies":[{"embeddable":true,"href":"http:\/\/klubmamgdynia.pl\/index.php\/wp-json\/wp\/v2\/comments?post=4349"}],"wp:featuredmedia":[{"embeddable":true,"href":"http:\/\/klubmamgdynia.pl\/index.php\/wp-json\/wp\/v2\/media\/4350"}],"wp:attachment":[{"href":"http:\/\/klubmamgdynia.pl\/index.php\/wp-json\/wp\/v2\/media?parent=4349"}],"wp:term":[{"taxonomy":"product_cat","embeddable":true,"href":"http:\/\/klubmamgdynia.pl\/index.php\/wp-json\/wp\/v2\/product_cat?post=4349"},{"taxonomy":"product_tag","embeddable":true,"href":"http:\/\/klubmamgdynia.pl\/index.php\/wp-json\/wp\/v2\/product_tag?post=4349"}],"curies":[{"name":"wp","href":"https:\/\/api.w.org\/{rel}","templated":true}]}}