{"id":435,"date":"2015-11-14T18:40:22","date_gmt":"2015-11-14T17:40:22","guid":{"rendered":"http:\/\/klubmamgdynia.pl\/?post_type=product&#038;p=435"},"modified":"2026-05-17T21:59:10","modified_gmt":"2026-05-17T19:59:10","slug":"swede-tarcza-z-rzutkami-magnetyczna-u434","status":"publish","type":"product","link":"http:\/\/klubmamgdynia.pl\/index.php\/produkt\/swede-tarcza-z-rzutkami-magnetyczna-u434\/","title":{"rendered":"Swede Tarcza Z Rzutkami Magnetyczna U434"},"content":{"rendered":"<p>PROMOCJA &#8211; TANIA DOSTAWA ! &#8211; swede Tarcza z rzutkami magnetyczna U434 &#8211; PACZKOMAT, POCZTA, KURIER<\/p>\n<h2>Swede Tarcza Z Rzutkami Magnetyczna U434 Swede<\/h2>\n<p>zagadki wielkanocne dla dzieci, kira, origami dla dzieci, cytaty o przyja\u017ani ma\u0142y ksi\u0105\u017c\u0119, prezenty dla nastolatk\u00f3w, cytat matka<\/p>\n<p>yyyyy<\/p>\n<p>&nbsp;<\/p>\n","protected":false},"excerpt":{"rendered":"<p>PROMOCJA &#8211; TANIA DOSTAWA ! &#8211; swede Tarcza z rzutkami magnetyczna U434 &#8211; PACZKOMAT, POCZTA, KURIER Swede Tarcza Z Rzutkami Magnetyczna U434 Swede zagadki wielkanocne dla dzieci, kira, origami dla dzieci, cytaty o przyja\u017ani ma\u0142y ksi\u0105\u017c\u0119, prezenty dla nastolatk\u00f3w, cytat matka yyyyy &nbsp;<\/p>\n","protected":false},"featured_media":436,"comment_status":"closed","ping_status":"open","template":"","meta":[],"product_cat":[130,171],"product_tag":[583,643,736,679,713],"class_list":["post-435","product","type-product","status-publish","has-post-thumbnail","hentry","product_cat-gry-dzieciece","product_cat-swede","product_tag-kolysanki-dla-dzieci-tekst","product_tag-prezent-dla-17-latki","product_tag-zabawki-na-roczek","product_tag-zabawki-na-roczek-dla-dziewczynki","product_tag-zagadki-logiczne-z-odpowiedziami"],"_links":{"self":[{"href":"http:\/\/klubmamgdynia.pl\/index.php\/wp-json\/wp\/v2\/product\/435","targetHints":{"allow":["GET"]}}],"collection":[{"href":"http:\/\/klubmamgdynia.pl\/index.php\/wp-json\/wp\/v2\/product"}],"about":[{"href":"http:\/\/klubmamgdynia.pl\/index.php\/wp-json\/wp\/v2\/types\/product"}],"replies":[{"embeddable":true,"href":"http:\/\/klubmamgdynia.pl\/index.php\/wp-json\/wp\/v2\/comments?post=435"}],"wp:featuredmedia":[{"embeddable":true,"href":"http:\/\/klubmamgdynia.pl\/index.php\/wp-json\/wp\/v2\/media\/436"}],"wp:attachment":[{"href":"http:\/\/klubmamgdynia.pl\/index.php\/wp-json\/wp\/v2\/media?parent=435"}],"wp:term":[{"taxonomy":"product_cat","embeddable":true,"href":"http:\/\/klubmamgdynia.pl\/index.php\/wp-json\/wp\/v2\/product_cat?post=435"},{"taxonomy":"product_tag","embeddable":true,"href":"http:\/\/klubmamgdynia.pl\/index.php\/wp-json\/wp\/v2\/product_tag?post=435"}],"curies":[{"name":"wp","href":"https:\/\/api.w.org\/{rel}","templated":true}]}}