{"id":4351,"date":"2012-05-30T11:14:57","date_gmt":"2012-05-30T09:14:57","guid":{"rendered":"http:\/\/klubmamgdynia.pl\/index.php\/produkt\/pegaz-traktor-na-banki-mydlane-z-dzwiekiem\/"},"modified":"2026-05-17T21:38:06","modified_gmt":"2026-05-17T19:38:06","slug":"pegaz-traktor-na-banki-mydlane-z-dzwiekiem","status":"publish","type":"product","link":"http:\/\/klubmamgdynia.pl\/index.php\/produkt\/pegaz-traktor-na-banki-mydlane-z-dzwiekiem\/","title":{"rendered":"Pegaz Traktor Na Ba\u0144ki Mydlane Z D\u017awi\u0119kiem"},"content":{"rendered":"<p>W\u00f3z stra\u017cacki Jupiter inspirowany bajk\u0105 Stra\u017cak Sam do robienia baniek mydlanych. Pojazd ratunkowy zosta\u0142 wykonany w klasycznych czerwono-\u017c\u00f3\u0142tych barwach stra\u017cy po\u017carnej. Pojazd posiada figurk\u0119 Stra\u017caka Sama na dachu pojazdu. Dodatkowo auto zosta\u0142o wyposa\u017cone w specjalny guzik za pomoc\u0105 kt\u00f3rego uruchamiany jest specjalny mechanizm, kt\u00f3ry wytwarza ba\u0144ki mydlane. Jupiterem mo\u017cna bawi\u0107 si\u0119 jak zwyk\u0142ym pojazdem lub dzieci mog\u0105 puszcza\u0107 ba\u0144ki mydlane.Najwa\u017cniejsze cechy zabawki :motyw bajkowego bohatera: Stra\u017cak Samw\u00f3z stra\u017cacki z funkcj\u0105 robienia baniek mydlanychbutelka z p\u0142ynem do robienia baniek &#8211; 120 ml pod podwoziem pojazdu znajduje si\u0119 korekpo otwarciu korka mo\u017cna opr\u00f3\u017cni\u0107 zbiornik z p\u0142ynem,do puszczania baniek lub zabawy Jupiterem jak zwyk\u0142ym pojazdem<\/p>\n<h2>Pegaz Traktor Na Ba\u0144ki Mydlane Z D\u017awi\u0119kiem <\/h2>\n<p>rzadkie imiona \u017ce\u0144skie polskie, jednoro\u017cec kolorowanka do druku, pani wiosna do druku, jeremi imi\u0119, opisy do zdj z dzieckiem, najlepsze pranki na prima aprilis, prezent dla jedenastolatka<\/p>\n<p>yyyyy<\/p>\n<p>&nbsp;<\/p>\n","protected":false},"excerpt":{"rendered":"<p>W\u00f3z stra\u017cacki Jupiter inspirowany bajk\u0105 Stra\u017cak Sam do robienia baniek mydlanych. Pojazd ratunkowy zosta\u0142 wykonany w klasycznych czerwono-\u017c\u00f3\u0142tych barwach stra\u017cy po\u017carnej. Pojazd posiada figurk\u0119 Stra\u017caka Sama na dachu pojazdu. Dodatkowo auto zosta\u0142o wyposa\u017cone w specjalny guzik za pomoc\u0105 kt\u00f3rego uruchamiany jest specjalny mechanizm, kt\u00f3ry wytwarza ba\u0144ki mydlane. Jupiterem mo\u017cna bawi\u0107 si\u0119 jak zwyk\u0142ym pojazdem lub [&hellip;]<\/p>\n","protected":false},"featured_media":4352,"comment_status":"closed","ping_status":"open","template":"","meta":[],"product_cat":[472],"product_tag":[681,853,677,639,826,732,735],"class_list":["post-4351","product","type-product","status-publish","has-post-thumbnail","hentry","product_cat-banki-mydlane","product_tag-flagi-europy-quiz","product_tag-kolorowanki-do-druku-dla-doroslych","product_tag-milosz-imie","product_tag-nela-imie","product_tag-prezent-dla-15-latka","product_tag-prezent-dla-rocznego-chlopca","product_tag-prezent-na-roczek-dziewczynka"],"_links":{"self":[{"href":"http:\/\/klubmamgdynia.pl\/index.php\/wp-json\/wp\/v2\/product\/4351","targetHints":{"allow":["GET"]}}],"collection":[{"href":"http:\/\/klubmamgdynia.pl\/index.php\/wp-json\/wp\/v2\/product"}],"about":[{"href":"http:\/\/klubmamgdynia.pl\/index.php\/wp-json\/wp\/v2\/types\/product"}],"replies":[{"embeddable":true,"href":"http:\/\/klubmamgdynia.pl\/index.php\/wp-json\/wp\/v2\/comments?post=4351"}],"wp:featuredmedia":[{"embeddable":true,"href":"http:\/\/klubmamgdynia.pl\/index.php\/wp-json\/wp\/v2\/media\/4352"}],"wp:attachment":[{"href":"http:\/\/klubmamgdynia.pl\/index.php\/wp-json\/wp\/v2\/media?parent=4351"}],"wp:term":[{"taxonomy":"product_cat","embeddable":true,"href":"http:\/\/klubmamgdynia.pl\/index.php\/wp-json\/wp\/v2\/product_cat?post=4351"},{"taxonomy":"product_tag","embeddable":true,"href":"http:\/\/klubmamgdynia.pl\/index.php\/wp-json\/wp\/v2\/product_tag?post=4351"}],"curies":[{"name":"wp","href":"https:\/\/api.w.org\/{rel}","templated":true}]}}