{"id":4353,"date":"2017-01-17T05:54:52","date_gmt":"2017-01-17T04:54:52","guid":{"rendered":"http:\/\/klubmamgdynia.pl\/index.php\/produkt\/latajaca-magiczna-wrozka-sterowana-dlonia-blue\/"},"modified":"2026-04-22T22:07:36","modified_gmt":"2026-04-22T20:07:36","slug":"latajaca-magiczna-wrozka-sterowana-dlonia-blue","status":"publish","type":"product","link":"http:\/\/klubmamgdynia.pl\/index.php\/produkt\/latajaca-magiczna-wrozka-sterowana-dlonia-blue\/","title":{"rendered":"Lataj\u0105ca Magiczna Wr\u00f3\u017cka Sterowana D\u0142oni\u0105 &#8211; blue"},"content":{"rendered":"<p>Magiczna Wr\u00f3\u017cka, kt\u00f3ra sama lata i \u015bwieci, sterowana jest d\u0142oni\u0105 za pomoc\u0105 czujnika ruchu znajduj\u0105cego si\u0119 w nogach. Wystarczy uruchomi\u0107 wr\u00f3\u017ck\u0119 za pomoc\u0105 przycisku znajduj\u0105cego si\u0119 na sukience lalki. Gdy sukieneczka zacznie si\u0119 obraca\u0107, wr\u00f3\u017cka gotowa jest do latania. Puszczamy lalk\u0119 w g\u00f3r\u0119 i nad jej nogami sterujemy d\u0142oni\u0105 gdzie ma lecie\u0107. W trakcie latania wr\u00f3\u017cki jej sukienka miga kolorowymi \u015bwiate\u0142kami, uatrakcyjniaj\u0105c w ten spos\u00f3b zabaw\u0119. Zabawk\u0105 mo\u017cna bawi\u0107 si\u0119 w domu, jak i w ogrodzie.Wr\u00f3\u017ck\u0119 mo\u017cna na\u0142adowa\u0107 za pomoc\u0105 do\u0142\u0105czonego do zestawu kabla USB.Zawarto\u015b\u0107 opakowania:- lataj\u0105ca wr\u00f3\u017cka- kabel USB do \u0142adowania- para zapasowych skrzyde\u0142Odpowiedni wiek: 3 lata+Wysoko\u015b\u0107 lalki: 19 cmSpos\u00f3b \u0142adowania: \u0142adowanie USBWymiary opakowania: 16 (szer.) x 5,5 (g\u0142.) x 19 (wys.) cmInformacja od producenta: Nie nadaje si\u0119 dla dzieci w wieku poni\u017cej 36 miesi\u0119cy. Zawiera ma\u0142e cz\u0119\u015bci, kt\u00f3re \u0142atwo po\u0142kn\u0105\u0107 lub kt\u00f3re mog\u0105 si\u0119 dosta\u0107 do dr\u00f3g oddechowych. Niebezpiecze\u0144stwo uduszenia.<\/p>\n<h2>Lataj\u0105ca Magiczna Wr\u00f3\u017cka Sterowana D\u0142oni\u0105 &#8211; blue Nobo Kids<\/h2>\n<p>prezent dla nastolatk\u00f3w, quiz o wio\u015bnie, konkurencje sportowe dla dzieci, kolorowanka lego, zagadki dla dzieci 9 10 lat z odpowiedziami, atrakcje dla dzieci warszawa, wiersz o wakacjach, quizy o koniach, zadania logiczne dla dzieci, quizy o koniach, na roczek dla dziewczynki, zabawki na roczek dla ch\u0142opca, zagadki na logik\u0119, kolorowanki lego friends, piosenki na dobranoc tekst, ju\u017c blisko kol\u0119da tekst, rysunki krok po kroku<\/p>\n<p>yyyyy<\/p>\n<p>&nbsp;<\/p>\n","protected":false},"excerpt":{"rendered":"<p>Magiczna Wr\u00f3\u017cka, kt\u00f3ra sama lata i \u015bwieci, sterowana jest d\u0142oni\u0105 za pomoc\u0105 czujnika ruchu znajduj\u0105cego si\u0119 w nogach. Wystarczy uruchomi\u0107 wr\u00f3\u017ck\u0119 za pomoc\u0105 przycisku znajduj\u0105cego si\u0119 na sukience lalki. Gdy sukieneczka zacznie si\u0119 obraca\u0107, wr\u00f3\u017cka gotowa jest do latania. Puszczamy lalk\u0119 w g\u00f3r\u0119 i nad jej nogami sterujemy d\u0142oni\u0105 gdzie ma lecie\u0107. W trakcie latania [&hellip;]<\/p>\n","protected":false},"featured_media":4354,"comment_status":"closed","ping_status":"open","template":"","meta":[],"product_cat":[65,91],"product_tag":[668,585,806,672],"class_list":["post-4353","product","type-product","status-publish","has-post-thumbnail","hentry","product_cat-lalki","product_cat-nobo-kids","product_tag-atrakcje-dla-dzieci-wroclaw","product_tag-kolorowanki-dla-chlopcow","product_tag-prezent-dla-dziecka-na-roczek","product_tag-trudne-zagadki-z-odpowiedziami"],"_links":{"self":[{"href":"http:\/\/klubmamgdynia.pl\/index.php\/wp-json\/wp\/v2\/product\/4353","targetHints":{"allow":["GET"]}}],"collection":[{"href":"http:\/\/klubmamgdynia.pl\/index.php\/wp-json\/wp\/v2\/product"}],"about":[{"href":"http:\/\/klubmamgdynia.pl\/index.php\/wp-json\/wp\/v2\/types\/product"}],"replies":[{"embeddable":true,"href":"http:\/\/klubmamgdynia.pl\/index.php\/wp-json\/wp\/v2\/comments?post=4353"}],"wp:featuredmedia":[{"embeddable":true,"href":"http:\/\/klubmamgdynia.pl\/index.php\/wp-json\/wp\/v2\/media\/4354"}],"wp:attachment":[{"href":"http:\/\/klubmamgdynia.pl\/index.php\/wp-json\/wp\/v2\/media?parent=4353"}],"wp:term":[{"taxonomy":"product_cat","embeddable":true,"href":"http:\/\/klubmamgdynia.pl\/index.php\/wp-json\/wp\/v2\/product_cat?post=4353"},{"taxonomy":"product_tag","embeddable":true,"href":"http:\/\/klubmamgdynia.pl\/index.php\/wp-json\/wp\/v2\/product_tag?post=4353"}],"curies":[{"name":"wp","href":"https:\/\/api.w.org\/{rel}","templated":true}]}}