{"id":4355,"date":"2024-11-05T23:19:54","date_gmt":"2024-11-05T22:19:54","guid":{"rendered":"http:\/\/klubmamgdynia.pl\/?post_type=product&#038;p=4355"},"modified":"2026-04-04T20:05:12","modified_gmt":"2026-04-04T18:05:12","slug":"tissi-krzeselko-do-karmienia-szary","status":"publish","type":"product","link":"http:\/\/klubmamgdynia.pl\/index.php\/produkt\/tissi-krzeselko-do-karmienia-szary\/","title":{"rendered":"Tissi Krzese\u0142ko Do Karmienia Szary"},"content":{"rendered":"<p>Instrukcja monta\u017cu Krzese\u0142ko, kt\u00f3re ro\u015bnie z dzieckiem Krzese\u0142ko tiSsi\u00ae DawOst utrzyma dziecko w odpowiedniej wysoko\u015bci. Zosta\u0142o tak skonstruowane aby dziecko mog\u0142o w odpowiednim odst\u0119pie siedzie\u0107 w raz z rodzicami przy stole. Dzi\u0119ki temu dziecko mo\u017ce te\u017c nawi\u0105za\u0107 wi\u0119kszy kontakt z rodzicem. Spe\u0142nia wszelkie internationalne procesy bezpiecze\u0144stwa. Praktyczny pa\u0142\u0105k do krzese\u0142ka.&#8221;Dziecko bezpiecznie i wygodnie siedzi w krzese\u0142ku.&#8221; Bezpiecze\u0144stwo i wysokiej jako\u015bci wykonanie z materia\u0142\u00f3w ekologicznych to priorytet przy produkcji artyku\u0142\u00f3w danej marki. Szczeg\u00f3\u0142y: krzese\u0142ko do karmienia kolor: szary materia\u0142: masywne drewno bukowe, lakierowane wymiary: szeroko\u015b\u0107 x d\u0142ugo\u015b\u0107 x wysoko\u015b\u0107 43 x 50 x 81 cm podn\u00f3\u017cek i siedzisko regulowane pod wzgl\u0119dem wysoko\u015bci i g\u0142\u0119boko\u015bci krzese\u0142ko do karmienia nie przechyla si\u0119 wysokiej jako\u015bci drewno bukowe zagwarantuje d\u0142ug\u0105 \u017cywotno\u015b\u0107 posiada 3-punktowy pas bezpiecze\u0144stwa ergonomiczne wykonanie ro\u015bnie wraz z dzieckiem max. obci\u0105\u017cenie: 85 kg waga produktu: ok. 6 kg pa\u0142\u0105k bezpiecze\u0144stwa kolor: szary materia\u0142: masywne drewno bukowe, lakierowane wymiary: szeroko\u015b\u0107 x d\u0142ugo\u015b\u0107 x wysoko\u015b\u0107 39 x 40 x 4 cm regulowana g\u0142\u0119boko\u015b\u0107 pasuje do ka\u017cdego sto\u0142u w kuchni wysokiej jako\u015bci drewno zagwarantuje d\u0142ug\u0105 \u017cywotno\u015b\u0107 ro\u015bnie wraz z dzieckiem stabilny \u0142atwo\u015b\u0107 monta\u017cu Wysy\u0142ka obejmuje: krzese\u0142ko do karmienia pas bezpiecze\u0144stwa pa\u0142\u0105k bezpiecze\u0144stwa boczne stopki Uwaga: Opcjonalne akcesoria nie s\u0105 cz\u0119\u015bci\u0105 wysy\u0142ki.<\/p>\n<h2>Tissi Krzese\u0142ko Do Karmienia Szary Tissi<\/h2>\n<p>quiz zemsta, hymn g\u00f3rniczy, gabriela imie, cytat matka, filmy disneya, halloween 2021 dla dzieci, testy z lektury zemsta<\/p>\n<p>yyyyy<\/p>\n<p>&nbsp;<\/p>\n","protected":false},"excerpt":{"rendered":"<p>Instrukcja monta\u017cu Krzese\u0142ko, kt\u00f3re ro\u015bnie z dzieckiem Krzese\u0142ko tiSsi\u00ae DawOst utrzyma dziecko w odpowiedniej wysoko\u015bci. Zosta\u0142o tak skonstruowane aby dziecko mog\u0142o w odpowiednim odst\u0119pie siedzie\u0107 w raz z rodzicami przy stole. Dzi\u0119ki temu dziecko mo\u017ce te\u017c nawi\u0105za\u0107 wi\u0119kszy kontakt z rodzicem. Spe\u0142nia wszelkie internationalne procesy bezpiecze\u0144stwa. Praktyczny pa\u0142\u0105k do krzese\u0142ka.&#8221;Dziecko bezpiecznie i wygodnie siedzi w [&hellip;]<\/p>\n","protected":false},"featured_media":4356,"comment_status":"closed","ping_status":"open","template":"","meta":[],"product_cat":[158,1219],"product_tag":[578,784,766,749,869],"class_list":["post-4355","product","type-product","status-publish","has-post-thumbnail","hentry","product_cat-krzeselka-do-karmienia","product_cat-tissi","product_tag-fajne-zarty-na-prima-aprilis","product_tag-hymn-gorniczy","product_tag-kira","product_tag-najlepsze-zarty-na-prima-aprilis","product_tag-zagadki-na-logike"],"_links":{"self":[{"href":"http:\/\/klubmamgdynia.pl\/index.php\/wp-json\/wp\/v2\/product\/4355","targetHints":{"allow":["GET"]}}],"collection":[{"href":"http:\/\/klubmamgdynia.pl\/index.php\/wp-json\/wp\/v2\/product"}],"about":[{"href":"http:\/\/klubmamgdynia.pl\/index.php\/wp-json\/wp\/v2\/types\/product"}],"replies":[{"embeddable":true,"href":"http:\/\/klubmamgdynia.pl\/index.php\/wp-json\/wp\/v2\/comments?post=4355"}],"wp:featuredmedia":[{"embeddable":true,"href":"http:\/\/klubmamgdynia.pl\/index.php\/wp-json\/wp\/v2\/media\/4356"}],"wp:attachment":[{"href":"http:\/\/klubmamgdynia.pl\/index.php\/wp-json\/wp\/v2\/media?parent=4355"}],"wp:term":[{"taxonomy":"product_cat","embeddable":true,"href":"http:\/\/klubmamgdynia.pl\/index.php\/wp-json\/wp\/v2\/product_cat?post=4355"},{"taxonomy":"product_tag","embeddable":true,"href":"http:\/\/klubmamgdynia.pl\/index.php\/wp-json\/wp\/v2\/product_tag?post=4355"}],"curies":[{"name":"wp","href":"https:\/\/api.w.org\/{rel}","templated":true}]}}