{"id":4357,"date":"2017-11-16T03:56:37","date_gmt":"2017-11-16T02:56:37","guid":{"rendered":"http:\/\/klubmamgdynia.pl\/index.php\/produkt\/plug-do-quada-atv-phyton-125\/"},"modified":"2026-05-17T23:38:46","modified_gmt":"2026-05-17T21:38:46","slug":"plug-do-quada-atv-phyton-125","status":"publish","type":"product","link":"http:\/\/klubmamgdynia.pl\/index.php\/produkt\/plug-do-quada-atv-phyton-125\/","title":{"rendered":"P\u0142ug do quada ATV PHYTON 125"},"content":{"rendered":"<p>Sprzedam p\u0142ug d\u0142ugo\u015bci 100 cm na konstrukcji ruchomej, idealny do Quada Phyton 125, p\u0142ug reaguje na nier\u00f3wno\u015bci np. kamie\u0144, trawa, nier\u00f3wna kostka , jest ruchomy na spr\u0119\u017cynach, 2 spr\u0119\u017cyny amortyzuj\u0105ce od do\u0142u , 2 z g\u00f3ry napinaj\u0105ce wraz ze \u015brubami rzymskimi..P\u0142ug wyposa\u017cony w r\u0105czk\u0119 do unoszenia r\u0119cznego oraz \u0142a\u0144cuszek do transportu. P\u0142ug odgarnia \u015bnieg w lew\u0105 , praw\u0105 stron\u0119 i na wprost, zako\u0144czony gum\u0105.P\u0142ug dostosowany pod wyci\u0105gark\u0119 elektryczn\u0105, a jego mocowanie jest bardzo proste , tak jak i niezale\u017cne od konstrukcji p\u0142uga, mechanizmu uchylnego, mocowanie montuje si\u0119 na sta\u0142e do pojazdu np. quada , ci\u0105gniczka, kosiarki , r\u00f3\u017cnych pojazd\u00f3w mechanicznych.P\u0142ug ma bardzo solidn\u0105 konstrukcj\u0119 . Kolor CZARNY, jak na zdj\u0119ciach. UWAGA: posiadamy \u0142a\u0144cuchy \u015bniegowe na ko\u0142a , dost\u0119pne na naszych pozosta\u0142ych ofertach na allegro.tel. 605 37 64 67 lub 601 500 061.Uwaga mamy inne rozmiary p\u0142ug\u00f3w .Faktura: faktura VATUszkodzony:<\/p>\n<h2>P\u0142ug do quada ATV PHYTON 125 <\/h2>\n<p>g\u0142upie zagadki, irma, lol surprise kolorowanka, quiz o dinozaurach, nauka literek do druku, ozdoby choinkowe dla dzieci, podchwytliwe zagadki dla doros\u0142ych, imie leon, narysowa\u0107 rysunki \u0142atwe, imiona dla dzieci 2019, szablon serce kolorowanka, prezent dla 14 letniej dziewczyny<\/p>\n<p>yyyyy<\/p>\n<p>&nbsp;<\/p>\n","protected":false},"excerpt":{"rendered":"<p>Sprzedam p\u0142ug d\u0142ugo\u015bci 100 cm na konstrukcji ruchomej, idealny do Quada Phyton 125, p\u0142ug reaguje na nier\u00f3wno\u015bci np. kamie\u0144, trawa, nier\u00f3wna kostka , jest ruchomy na spr\u0119\u017cynach, 2 spr\u0119\u017cyny amortyzuj\u0105ce od do\u0142u , 2 z g\u00f3ry napinaj\u0105ce wraz ze \u015brubami rzymskimi..P\u0142ug wyposa\u017cony w r\u0105czk\u0119 do unoszenia r\u0119cznego oraz \u0142a\u0144cuszek do transportu. P\u0142ug odgarnia \u015bnieg w [&hellip;]<\/p>\n","protected":false},"featured_media":4358,"comment_status":"closed","ping_status":"open","template":"","meta":[],"product_cat":[1210],"product_tag":[663,695,850,805],"class_list":["post-4357","product","type-product","status-publish","has-post-thumbnail","hentry","product_cat-quady-i-atv","product_tag-kolorowanki-dla-dzieci-do-druku","product_tag-rzadkie-imiona-zenskie","product_tag-wroclaw-atrakcje-dla-dzieci","product_tag-znaczenie-imienia-alan"],"_links":{"self":[{"href":"http:\/\/klubmamgdynia.pl\/index.php\/wp-json\/wp\/v2\/product\/4357","targetHints":{"allow":["GET"]}}],"collection":[{"href":"http:\/\/klubmamgdynia.pl\/index.php\/wp-json\/wp\/v2\/product"}],"about":[{"href":"http:\/\/klubmamgdynia.pl\/index.php\/wp-json\/wp\/v2\/types\/product"}],"replies":[{"embeddable":true,"href":"http:\/\/klubmamgdynia.pl\/index.php\/wp-json\/wp\/v2\/comments?post=4357"}],"wp:featuredmedia":[{"embeddable":true,"href":"http:\/\/klubmamgdynia.pl\/index.php\/wp-json\/wp\/v2\/media\/4358"}],"wp:attachment":[{"href":"http:\/\/klubmamgdynia.pl\/index.php\/wp-json\/wp\/v2\/media?parent=4357"}],"wp:term":[{"taxonomy":"product_cat","embeddable":true,"href":"http:\/\/klubmamgdynia.pl\/index.php\/wp-json\/wp\/v2\/product_cat?post=4357"},{"taxonomy":"product_tag","embeddable":true,"href":"http:\/\/klubmamgdynia.pl\/index.php\/wp-json\/wp\/v2\/product_tag?post=4357"}],"curies":[{"name":"wp","href":"https:\/\/api.w.org\/{rel}","templated":true}]}}