{"id":4361,"date":"2016-10-19T21:49:19","date_gmt":"2016-10-19T19:49:19","guid":{"rendered":"http:\/\/klubmamgdynia.pl\/index.php\/produkt\/bluebird-puzzle-1000el-oxana-zaika-owls-sowy\/"},"modified":"2026-05-17T22:47:01","modified_gmt":"2026-05-17T20:47:01","slug":"bluebird-puzzle-1000el-oxana-zaika-owls-sowy","status":"publish","type":"product","link":"http:\/\/klubmamgdynia.pl\/index.php\/produkt\/bluebird-puzzle-1000el-oxana-zaika-owls-sowy\/","title":{"rendered":"Bluebird Puzzle 1000El. Oxana Zaika Owls Sowy"},"content":{"rendered":"<p>PUZZLE: 1000 ELEMENT\u00d3W PRODUCENT: BLUEBIRDNAZWA: OWLS &#8211; SOWY AUTOR: OXANA ZAIKAINDEX: 70414 KOD EAN: 3663384704147ROZMIAR: 680 x 480 mmWYMIARY PUDE\u0141KA: 330 x 230 x 35 mmOWLS &#8211; SOWY BLUEBIRD to stosunkowo m\u0142oda marka na rynku puzzli, kt\u00f3ra szybko zdobywa coraz wi\u0119ksze uznanie w\u015br\u00f3d fan\u00f3w puzzli, dzi\u0119ki swojej jako\u015bci wykonania i \u017cywych barw, a tak\u017ce portfolio wzor\u00f3w zawieraj\u0105cym wielu znanych grafik\u00f3w, ilustrator\u00f3w i malarzy.Co ciekawe, Bluebird cz\u0119\u015b\u0107 swojej produkcji puzzli wykonuje r\u00f3wnie\u017c w Polsce.<\/p>\n<h2>Bluebird Puzzle 1000El. Oxana Zaika Owls Sowy Bluebird<\/h2>\n<p>aneta, zagadki dla dzieci 6-7 lat, listy do \u015bwi\u0119tego miko\u0142aja, glupie zagadki, w uk\u0142adzie s\u0142onecznym tekst, cookie dough przepis<\/p>\n<p>yyyyy<\/p>\n<p>&nbsp;<\/p>\n","protected":false},"excerpt":{"rendered":"<p>PUZZLE: 1000 ELEMENT\u00d3W PRODUCENT: BLUEBIRDNAZWA: OWLS &#8211; SOWY AUTOR: OXANA ZAIKAINDEX: 70414 KOD EAN: 3663384704147ROZMIAR: 680 x 480 mmWYMIARY PUDE\u0141KA: 330 x 230 x 35 mmOWLS &#8211; SOWY BLUEBIRD to stosunkowo m\u0142oda marka na rynku puzzli, kt\u00f3ra szybko zdobywa coraz wi\u0119ksze uznanie w\u015br\u00f3d fan\u00f3w puzzli, dzi\u0119ki swojej jako\u015bci wykonania i \u017cywych barw, a tak\u017ce portfolio [&hellip;]<\/p>\n","protected":false},"featured_media":4362,"comment_status":"closed","ping_status":"open","template":"","meta":[],"product_cat":[1220,90],"product_tag":[679,634,607],"class_list":["post-4361","product","type-product","status-publish","has-post-thumbnail","hentry","product_cat-bluebird","product_cat-puzzle","product_tag-zabawki-na-roczek-dla-dziewczynki","product_tag-zagadki-wielkanocne-dla-dzieci","product_tag-zarty-na-prima-aprilis-dla-rodzicow"],"_links":{"self":[{"href":"http:\/\/klubmamgdynia.pl\/index.php\/wp-json\/wp\/v2\/product\/4361","targetHints":{"allow":["GET"]}}],"collection":[{"href":"http:\/\/klubmamgdynia.pl\/index.php\/wp-json\/wp\/v2\/product"}],"about":[{"href":"http:\/\/klubmamgdynia.pl\/index.php\/wp-json\/wp\/v2\/types\/product"}],"replies":[{"embeddable":true,"href":"http:\/\/klubmamgdynia.pl\/index.php\/wp-json\/wp\/v2\/comments?post=4361"}],"wp:featuredmedia":[{"embeddable":true,"href":"http:\/\/klubmamgdynia.pl\/index.php\/wp-json\/wp\/v2\/media\/4362"}],"wp:attachment":[{"href":"http:\/\/klubmamgdynia.pl\/index.php\/wp-json\/wp\/v2\/media?parent=4361"}],"wp:term":[{"taxonomy":"product_cat","embeddable":true,"href":"http:\/\/klubmamgdynia.pl\/index.php\/wp-json\/wp\/v2\/product_cat?post=4361"},{"taxonomy":"product_tag","embeddable":true,"href":"http:\/\/klubmamgdynia.pl\/index.php\/wp-json\/wp\/v2\/product_tag?post=4361"}],"curies":[{"name":"wp","href":"https:\/\/api.w.org\/{rel}","templated":true}]}}