{"id":4363,"date":"2025-06-08T06:52:18","date_gmt":"2025-06-08T04:52:18","guid":{"rendered":"http:\/\/klubmamgdynia.pl\/?post_type=product&#038;p=4363"},"modified":"2026-04-06T06:25:38","modified_gmt":"2026-04-06T04:25:38","slug":"mattel-masters-of-the-universe-scare-glow-gnn84-gnn94","status":"publish","type":"product","link":"http:\/\/klubmamgdynia.pl\/index.php\/produkt\/mattel-masters-of-the-universe-scare-glow-gnn84-gnn94\/","title":{"rendered":"Mattel Masters of The Universe Scare Glow GNN84 GNN94"},"content":{"rendered":"<p>Figurka Scare Glow o wysoko\u015bci oko\u0142o 14 cm, wyprodukowana przez cenion\u0105 mark\u0119 Mattel. Wzorowana bezpo\u015brednio na oryginalnej serii figurek, jak i animowanym serialu Masters of the Universe \/ W\u0142adcy wszech\u015bwiata.                            <\/p>\n<p>Figurka zosta\u0142a wykonana na styl oryginalnej serii z dawnych lat. Posiada w zestawie dodatkowe akcesoria, oraz jest w pe\u0142ni ruchoma. Zosta\u0142a zapakowana w blister.                            <\/p>\n<p>Masters of The Universe to kultowy film i serial animowany opowiadaj\u0105cy o losach najsilniejszego cz\u0142owieka we wszech\u015bwiecie &#8211; He-Mana oraz jego przyjaci\u00f3\u0142 i ich najwi\u0119kszego wroga z\u0142ego Skeletora, kt\u00f3ry pragnie zdoby\u0107 moc Pos\u0119pnego Czerepu.                            <\/p>\n<p>Zbierz pozosta\u0142e figurki z serii, by wzbogaci\u0107 swoj\u0105 kolekcj\u0119 i wymy\u015bla\u0107 jeszcze wi\u0119cej historyjek                            <\/p>\n<p>            Mattel MASTERS OF THE UNIVERSE Figurka Panthor GVN49<\/p>\n<p>            Mattel MASTERS OF THE UNIVERSE Figurka Ram Man + Akcesoria GVL78<\/p>\n<p>            Mattel MASTERS OF THE UNIVERSE Figurka Clamp Champ + Akcesoria GVL79<\/p>\n<p>            Mattel figurka Masters of the Universe Origins Orko GNN93<\/p>\n<p>            Mattel Masters of The Universe Figurka Skeletor GNN84 GNN88 <\/p>\n<p>            Mattel Masters of The Universe Figurka He Man GNN84 GNN85 <\/p>\n<p>            Mattel Masters of The Universe Scare Glow GNN84 GNN94 <\/p>\n<p>            Mattel Masters of The Universe Prince Adam &amp; Sky Sled GPP30 <\/p>\n<p>            Mattel Masters of The Universe Figurka Battle Cat GNN70<\/p>\n<h2>Mattel Masters of The Universe Scare Glow GNN84 GNN94 Mattel<\/h2>\n<p>kwiecie\u0144 plecie\u0144 wiersz, iwo imie, darmowe kolorowanki do druku, pokemon do druku, rysunki do druku, cytaty rodzina, iwo imi\u0119, psi patrol do druku, kolorowanki dla ch\u0142opc\u00f3w, dary jesieni kolorowanki jesie\u0144, bajki do czytania na dobranoc, opisy do zdj\u0119\u0107 dziecka, krecik bajka, planety do druku dla dzieci, zadania dla 7 latka do druku, aneta, wroc\u0142aw atrakcje dla dzieci<\/p>\n<p>yyyyy<\/p>\n<p>&nbsp;<\/p>\n","protected":false},"excerpt":{"rendered":"<p>Figurka Scare Glow o wysoko\u015bci oko\u0142o 14 cm, wyprodukowana przez cenion\u0105 mark\u0119 Mattel. Wzorowana bezpo\u015brednio na oryginalnej serii figurek, jak i animowanym serialu Masters of the Universe \/ W\u0142adcy wszech\u015bwiata. Figurka zosta\u0142a wykonana na styl oryginalnej serii z dawnych lat. Posiada w zestawie dodatkowe akcesoria, oraz jest w pe\u0142ni ruchoma. Zosta\u0142a zapakowana w blister. Masters [&hellip;]<\/p>\n","protected":false},"featured_media":4364,"comment_status":"closed","ping_status":"open","template":"","meta":[],"product_cat":[95,289],"product_tag":[837,835,607],"class_list":["post-4363","product","type-product","status-publish","has-post-thumbnail","hentry","product_cat-figurki-makiety-i-zestawy","product_cat-mattel","product_tag-cicha-noc-po-angielsku","product_tag-radosc-dziecka-cytaty","product_tag-zarty-na-prima-aprilis-dla-rodzicow"],"_links":{"self":[{"href":"http:\/\/klubmamgdynia.pl\/index.php\/wp-json\/wp\/v2\/product\/4363","targetHints":{"allow":["GET"]}}],"collection":[{"href":"http:\/\/klubmamgdynia.pl\/index.php\/wp-json\/wp\/v2\/product"}],"about":[{"href":"http:\/\/klubmamgdynia.pl\/index.php\/wp-json\/wp\/v2\/types\/product"}],"replies":[{"embeddable":true,"href":"http:\/\/klubmamgdynia.pl\/index.php\/wp-json\/wp\/v2\/comments?post=4363"}],"wp:featuredmedia":[{"embeddable":true,"href":"http:\/\/klubmamgdynia.pl\/index.php\/wp-json\/wp\/v2\/media\/4364"}],"wp:attachment":[{"href":"http:\/\/klubmamgdynia.pl\/index.php\/wp-json\/wp\/v2\/media?parent=4363"}],"wp:term":[{"taxonomy":"product_cat","embeddable":true,"href":"http:\/\/klubmamgdynia.pl\/index.php\/wp-json\/wp\/v2\/product_cat?post=4363"},{"taxonomy":"product_tag","embeddable":true,"href":"http:\/\/klubmamgdynia.pl\/index.php\/wp-json\/wp\/v2\/product_tag?post=4363"}],"curies":[{"name":"wp","href":"https:\/\/api.w.org\/{rel}","templated":true}]}}