{"id":4365,"date":"2025-06-08T01:59:05","date_gmt":"2025-06-07T23:59:05","guid":{"rendered":"http:\/\/klubmamgdynia.pl\/?post_type=product&#038;p=4365"},"modified":"2026-04-29T20:04:02","modified_gmt":"2026-04-29T18:04:02","slug":"lol-surprise-dezynfekujacy-zel-do-rak-50ml","status":"publish","type":"product","link":"http:\/\/klubmamgdynia.pl\/index.php\/produkt\/lol-surprise-dezynfekujacy-zel-do-rak-50ml\/","title":{"rendered":"LOL Surprise Dezynfekuj\u0105cy \u017cel do r\u0105k 50Ml"},"content":{"rendered":"<p>LOL SURPRISE \u017bel antybakteryjny do r\u0105k CUPCAKE, 50 mlPozwala na dezynfekcj\u0119 r\u0105k bez u\u017cycia wody.Substancje czynne: Etanol 65g \/ 100g; 2-fenoksyetanol 0,1g \/ 100g.<\/p>\n<h2>LOL Surprise Dezynfekuj\u0105cy \u017cel do r\u0105k 50Ml LOL Surprise<\/h2>\n<p>michalina, opowie\u015bci z narni test, wiosna kolorowanka do druku, warszawa z dzieckiem, maska misia do druku, mapa europy do druku, zabawy z pi\u0142k\u0105 dla dzieci, quizy o skokach narciarskich, sara, szlaczki do druku, opis do zdj\u0119cia z dzieckiem<\/p>\n<p>yyyyy<\/p>\n<p>&nbsp;<\/p>\n","protected":false},"excerpt":{"rendered":"<p>LOL SURPRISE \u017bel antybakteryjny do r\u0105k CUPCAKE, 50 mlPozwala na dezynfekcj\u0119 r\u0105k bez u\u017cycia wody.Substancje czynne: Etanol 65g \/ 100g; 2-fenoksyetanol 0,1g \/ 100g. LOL Surprise Dezynfekuj\u0105cy \u017cel do r\u0105k 50Ml LOL Surprise michalina, opowie\u015bci z narni test, wiosna kolorowanka do druku, warszawa z dzieckiem, maska misia do druku, mapa europy do druku, zabawy z [&hellip;]<\/p>\n","protected":false},"featured_media":4366,"comment_status":"closed","ping_status":"open","template":"","meta":[],"product_cat":[474,294],"product_tag":[654,717,620,857],"class_list":["post-4365","product","type-product","status-publish","has-post-thumbnail","hentry","product_cat-kosmetyki-dla-dzieci-i-niemowlat","product_cat-lol-surprise","product_tag-krotkie-bajki-dla-dzieci-do-czytania","product_tag-prezent-roczek","product_tag-quiz-opowiesci-z-narnii","product_tag-zagadki-dla-dzieci-7-8-lat"],"_links":{"self":[{"href":"http:\/\/klubmamgdynia.pl\/index.php\/wp-json\/wp\/v2\/product\/4365","targetHints":{"allow":["GET"]}}],"collection":[{"href":"http:\/\/klubmamgdynia.pl\/index.php\/wp-json\/wp\/v2\/product"}],"about":[{"href":"http:\/\/klubmamgdynia.pl\/index.php\/wp-json\/wp\/v2\/types\/product"}],"replies":[{"embeddable":true,"href":"http:\/\/klubmamgdynia.pl\/index.php\/wp-json\/wp\/v2\/comments?post=4365"}],"wp:featuredmedia":[{"embeddable":true,"href":"http:\/\/klubmamgdynia.pl\/index.php\/wp-json\/wp\/v2\/media\/4366"}],"wp:attachment":[{"href":"http:\/\/klubmamgdynia.pl\/index.php\/wp-json\/wp\/v2\/media?parent=4365"}],"wp:term":[{"taxonomy":"product_cat","embeddable":true,"href":"http:\/\/klubmamgdynia.pl\/index.php\/wp-json\/wp\/v2\/product_cat?post=4365"},{"taxonomy":"product_tag","embeddable":true,"href":"http:\/\/klubmamgdynia.pl\/index.php\/wp-json\/wp\/v2\/product_tag?post=4365"}],"curies":[{"name":"wp","href":"https:\/\/api.w.org\/{rel}","templated":true}]}}