{"id":4367,"date":"2022-12-09T02:41:04","date_gmt":"2022-12-09T01:41:04","guid":{"rendered":"http:\/\/klubmamgdynia.pl\/?post_type=product&#038;p=4367"},"modified":"2026-05-17T22:58:15","modified_gmt":"2026-05-17T20:58:15","slug":"starpak-piornik-fringe-gold","status":"publish","type":"product","link":"http:\/\/klubmamgdynia.pl\/index.php\/produkt\/starpak-piornik-fringe-gold\/","title":{"rendered":"Starpak Pi\u00f3rnik Fringe Gold"},"content":{"rendered":"<p>Pi\u00f3rnik w kszta\u0142cie tuby z zamkiem b\u0142yskawicznym. Pomie\u015bci niezb\u0119dne artyku\u0142y pi\u015bmiennicze i nie zajmie du\u017co miejsca w plecaku. Pi\u00f3rnik dost\u0119pny w kolorze r\u00f3\u017cowym, z\u0142otym i srebrnym. Wymiary: 20,5 x 5 x 5,5 cm&#8230;<\/p>\n<h2>Starpak Pi\u00f3rnik Fringe Gold Starpak<\/h2>\n<p>prezent dla nastolatk\u00f3w 2021, bajka o biedronce, zagadki na logik\u0119, prezenty na urodziny dla nastolatk\u00f3w, zagadki i odpowiedzi<\/p>\n<p>yyyyy<\/p>\n<p>&nbsp;<\/p>\n","protected":false},"excerpt":{"rendered":"<p>Pi\u00f3rnik w kszta\u0142cie tuby z zamkiem b\u0142yskawicznym. Pomie\u015bci niezb\u0119dne artyku\u0142y pi\u015bmiennicze i nie zajmie du\u017co miejsca w plecaku. Pi\u00f3rnik dost\u0119pny w kolorze r\u00f3\u017cowym, z\u0142otym i srebrnym. Wymiary: 20,5 x 5 x 5,5 cm&#8230; Starpak Pi\u00f3rnik Fringe Gold Starpak prezent dla nastolatk\u00f3w 2021, bajka o biedronce, zagadki na logik\u0119, prezenty na urodziny dla nastolatk\u00f3w, zagadki i [&hellip;]<\/p>\n","protected":false},"featured_media":4368,"comment_status":"closed","ping_status":"open","template":"","meta":[],"product_cat":[976,269],"product_tag":[781,753,729,773,788,805],"class_list":["post-4367","product","type-product","status-publish","has-post-thumbnail","hentry","product_cat-piorniki","product_cat-starpak","product_tag-cytaty-o-wychowaniu-dzieci","product_tag-kamila","product_tag-madre-bajki-dla-dzieci-do-czytania","product_tag-test-z-lektury-opowiesci-z-narnii-lew-czarownica-i-stara-szafa","product_tag-zagadki-krotkie","product_tag-znaczenie-imienia-alan"],"_links":{"self":[{"href":"http:\/\/klubmamgdynia.pl\/index.php\/wp-json\/wp\/v2\/product\/4367","targetHints":{"allow":["GET"]}}],"collection":[{"href":"http:\/\/klubmamgdynia.pl\/index.php\/wp-json\/wp\/v2\/product"}],"about":[{"href":"http:\/\/klubmamgdynia.pl\/index.php\/wp-json\/wp\/v2\/types\/product"}],"replies":[{"embeddable":true,"href":"http:\/\/klubmamgdynia.pl\/index.php\/wp-json\/wp\/v2\/comments?post=4367"}],"wp:featuredmedia":[{"embeddable":true,"href":"http:\/\/klubmamgdynia.pl\/index.php\/wp-json\/wp\/v2\/media\/4368"}],"wp:attachment":[{"href":"http:\/\/klubmamgdynia.pl\/index.php\/wp-json\/wp\/v2\/media?parent=4367"}],"wp:term":[{"taxonomy":"product_cat","embeddable":true,"href":"http:\/\/klubmamgdynia.pl\/index.php\/wp-json\/wp\/v2\/product_cat?post=4367"},{"taxonomy":"product_tag","embeddable":true,"href":"http:\/\/klubmamgdynia.pl\/index.php\/wp-json\/wp\/v2\/product_tag?post=4367"}],"curies":[{"name":"wp","href":"https:\/\/api.w.org\/{rel}","templated":true}]}}