{"id":4369,"date":"2014-11-10T15:37:26","date_gmt":"2014-11-10T14:37:26","guid":{"rendered":"http:\/\/klubmamgdynia.pl\/index.php\/produkt\/medela-koszulka-dla-kobiet-w-ciazy-i-karmiacych-piersia-bialy-s\/"},"modified":"2026-04-04T02:16:49","modified_gmt":"2026-04-04T00:16:49","slug":"medela-koszulka-dla-kobiet-w-ciazy-i-karmiacych-piersia-bialy-s","status":"publish","type":"product","link":"http:\/\/klubmamgdynia.pl\/index.php\/produkt\/medela-koszulka-dla-kobiet-w-ciazy-i-karmiacych-piersia-bialy-s\/","title":{"rendered":"Medela Koszulka Dla Kobiet W Ci\u0105\u017cy I Karmi\u0105cych Piersi\u0105 Bia\u0142y S"},"content":{"rendered":"<p>Medela Koszulka Dla Kobiet W Ci\u0105\u017cy I Karmi\u0105cych Piersi\u0105 Bia\u0142a                            <\/p>\n<p>Komfortowa koszulka do karmienia Medela &#8211; wygodna koszulka ze zintegrowanym biustonoszem oraz klipsem umo\u017cliwiaj\u0105cym odpi\u0119cie miseczki jedn\u0105 r\u0119k\u0105.Elegancka i praktyczna bielizna przeznaczona do wygodnego karmienia piersi\u0105 lub noszenia podczas ci\u0105\u017cy. Mo\u017ce by\u0107 zak\u0142adana pod ubranie jako bluzka, element codziennego ubioru.Dzi\u0119ki wci\u0119ciu z gumk\u0105 pod biustem, dopasowuje si\u0119 do rosn\u0105cego brzuszka przysz\u0142ej mamyNie posiada szw\u00f3w ani fiszbin &#8211; zapewnia wysoki komfort noszenia.Elastyczny, rozci\u0105gliwy materia\u0142, z kt\u00f3rego zosta\u0142a wykonana bielizna jest delikatny dla sk\u00f3ry i jedwabi\u015bcie mi\u0119kki w dotyku.Wygodne zapi\u0119cie &#8222;open-and-close&#8221; pozwala zapina\u0107 i rozpina\u0107 miseczk\u0119 jedn\u0105 r\u0119k\u0105.Umo\u017cliwia dyskretne karmienie piersi\u0105 poza domem.Umo\u017cliwia zastosowanie wk\u0142adek laktacyjnych.                            <\/p>\n<p>Posiada certyfikat \u00d6ko-Tex Standard 100 &#8211; tekstylia godne zaufania.Materia\u0142:\u00a0mikrofibra (poliamid 91%, elastan 9%).Kolor: bia\u0142yJAK DOBRA\u0106 ROZMIAR?Ka\u017cda kobieta jest inna, a Medela uwzgl\u0119dnia te r\u00f3\u017cnice. Je\u017celi nie mo\u017cesz znale\u017a\u0107 swojego rozmiaru w naszej tabeli rozmiar\u00f3w, radzimy wybra\u0107 rozmiar Medela najbardziej zbli\u017cony do Twoich wymiar\u00f3w.                            <\/p>\n<p>SPRAWD\u0179 KOSZULKI MEDELA\u00a0                            <\/p>\n<p>Medela Koszulka R\u00f3\u017cowa                            <\/p>\n<p>Medela Koszulka Niebieska                            <\/p>\n<p>Medela Koszulka Czarna                            <\/p>\n<p>Medela Koszulka Bia\u0142a<\/p>\n<h2>Medela Koszulka Dla Kobiet W Ci\u0105\u017cy I Karmi\u0105cych Piersi\u0105 Bia\u0142y S Medela<\/h2>\n<p>kolorowanki pokemon, anio\u0142 rysunek prosty, przyja\u017a\u0144, literki do druku, wr\u00f3zby andrzejkowe dla dzieci, \u017carty \u017carty na prima aprilis, zagadki trudne, kolorowanki dla ch\u0142opc\u00f3w do druku, miriam imie<\/p>\n<p>yyyyy<\/p>\n<p>&nbsp;<\/p>\n","protected":false},"excerpt":{"rendered":"<p>Medela Koszulka Dla Kobiet W Ci\u0105\u017cy I Karmi\u0105cych Piersi\u0105 Bia\u0142a Komfortowa koszulka do karmienia Medela &#8211; wygodna koszulka ze zintegrowanym biustonoszem oraz klipsem umo\u017cliwiaj\u0105cym odpi\u0119cie miseczki jedn\u0105 r\u0119k\u0105.Elegancka i praktyczna bielizna przeznaczona do wygodnego karmienia piersi\u0105 lub noszenia podczas ci\u0105\u017cy. Mo\u017ce by\u0107 zak\u0142adana pod ubranie jako bluzka, element codziennego ubioru.Dzi\u0119ki wci\u0119ciu z gumk\u0105 pod biustem, [&hellip;]<\/p>\n","protected":false},"featured_media":4370,"comment_status":"closed","ping_status":"open","template":"","meta":[],"product_cat":[258,267],"product_tag":[654,590,764,751,653],"class_list":["post-4369","product","type-product","status-publish","has-post-thumbnail","hentry","product_cat-bielizna-ciazowa","product_cat-medela","product_tag-krotkie-bajki-dla-dzieci-do-czytania","product_tag-plac-zabaw-warszawa","product_tag-prezenty-na-roczek-dla-dziewczynki","product_tag-psi-patrol-kolorowanka","product_tag-warszawa-dla-dzieci"],"_links":{"self":[{"href":"http:\/\/klubmamgdynia.pl\/index.php\/wp-json\/wp\/v2\/product\/4369","targetHints":{"allow":["GET"]}}],"collection":[{"href":"http:\/\/klubmamgdynia.pl\/index.php\/wp-json\/wp\/v2\/product"}],"about":[{"href":"http:\/\/klubmamgdynia.pl\/index.php\/wp-json\/wp\/v2\/types\/product"}],"replies":[{"embeddable":true,"href":"http:\/\/klubmamgdynia.pl\/index.php\/wp-json\/wp\/v2\/comments?post=4369"}],"wp:featuredmedia":[{"embeddable":true,"href":"http:\/\/klubmamgdynia.pl\/index.php\/wp-json\/wp\/v2\/media\/4370"}],"wp:attachment":[{"href":"http:\/\/klubmamgdynia.pl\/index.php\/wp-json\/wp\/v2\/media?parent=4369"}],"wp:term":[{"taxonomy":"product_cat","embeddable":true,"href":"http:\/\/klubmamgdynia.pl\/index.php\/wp-json\/wp\/v2\/product_cat?post=4369"},{"taxonomy":"product_tag","embeddable":true,"href":"http:\/\/klubmamgdynia.pl\/index.php\/wp-json\/wp\/v2\/product_tag?post=4369"}],"curies":[{"name":"wp","href":"https:\/\/api.w.org\/{rel}","templated":true}]}}