{"id":4371,"date":"2019-05-31T13:17:04","date_gmt":"2019-05-31T11:17:04","guid":{"rendered":"http:\/\/klubmamgdynia.pl\/index.php\/produkt\/smoby-trojkolowa-hulajnoga-twist-kraina-lodu-frozen\/"},"modified":"2026-05-01T10:38:47","modified_gmt":"2026-05-01T08:38:47","slug":"smoby-trojkolowa-hulajnoga-twist-kraina-lodu-frozen","status":"publish","type":"product","link":"http:\/\/klubmamgdynia.pl\/index.php\/produkt\/smoby-trojkolowa-hulajnoga-twist-kraina-lodu-frozen\/","title":{"rendered":"Smoby Tr\u00f3jko\u0142owa Hulajnoga Twist Kraina Lodu Frozen"},"content":{"rendered":"<p>Hulajnoga to doskona\u0142a propozycja zabawy w sportowym charakterze. Jazda na hulajnodze aktywuje do pracy mn\u00f3stwo mi\u0119\u015bni, a jednocze\u015bnie &#8211; ma wp\u0142yw na sprawno\u015b\u0107 j\u0119zykow\u0105 dzieci.Hulajnoga tr\u00f3jko\u0142owa na licencji bajki Kraina Lodu powsta\u0142a z my\u015bl\u0105 o m\u0142odszych wielbicielach bajki. Intuicyjna tr\u00f3jko\u0142owa hulajnoga posiada szeroki i stabilny podest oraz wyprofilowane uchwyty. Dzi\u0119ki temu jest idealn\u0105 pierwsz\u0105 hulajnog\u0105, kt\u00f3ra u\u0142atwia nauk\u0119 i gwarantuje wygod\u0119 podczas jazdy oraz wspiera rozw\u00f3j psychoruchowy dziecka.Charakterystyka:- hulajnoga na licencji bajki Kraina Lodu- konstrukcja aluminiowo-plastikowa- maksymalne obci\u0105\u017cenie &#8211; 20kg- antypo\u015blizgowe ko\u0142a- szeroki i stabilny podest [img-95050-left-thickbox_default]<\/p>\n<h2>Smoby Tr\u00f3jko\u0142owa Hulajnoga Twist Kraina Lodu Frozen Smoby<\/h2>\n<p>testy katarynka, milosz imie, jakie prezenty na roczek, znaczenie imiona dawid, gda\u0144sk atrakcje dla m\u0142odzie\u017cy, miko\u0142ajek quiz, maski do wydruku, literki do pisania do druku, test narnia lew czarownica i stara szafa, kolorowanka piesek do druku, pan twardowski na ksi\u0119\u017cycu wiersz, kolorowanki pi\u0142karskie<\/p>\n<p>yyyyy<\/p>\n<p>&nbsp;<\/p>\n","protected":false},"excerpt":{"rendered":"<p>Hulajnoga to doskona\u0142a propozycja zabawy w sportowym charakterze. Jazda na hulajnodze aktywuje do pracy mn\u00f3stwo mi\u0119\u015bni, a jednocze\u015bnie &#8211; ma wp\u0142yw na sprawno\u015b\u0107 j\u0119zykow\u0105 dzieci.Hulajnoga tr\u00f3jko\u0142owa na licencji bajki Kraina Lodu powsta\u0142a z my\u015bl\u0105 o m\u0142odszych wielbicielach bajki. Intuicyjna tr\u00f3jko\u0142owa hulajnoga posiada szeroki i stabilny podest oraz wyprofilowane uchwyty. Dzi\u0119ki temu jest idealn\u0105 pierwsz\u0105 hulajnog\u0105, [&hellip;]<\/p>\n","protected":false},"featured_media":4372,"comment_status":"closed","ping_status":"open","template":"","meta":[],"product_cat":[315,556],"product_tag":[722,799,698],"class_list":["post-4371","product","type-product","status-publish","has-post-thumbnail","hentry","product_cat-hulajnogi-dla-dzieci","product_cat-smoby","product_tag-cytaty-o-przyjazni","product_tag-zagadka-logiczna","product_tag-zagadki-dla-przedszkolakow"],"_links":{"self":[{"href":"http:\/\/klubmamgdynia.pl\/index.php\/wp-json\/wp\/v2\/product\/4371","targetHints":{"allow":["GET"]}}],"collection":[{"href":"http:\/\/klubmamgdynia.pl\/index.php\/wp-json\/wp\/v2\/product"}],"about":[{"href":"http:\/\/klubmamgdynia.pl\/index.php\/wp-json\/wp\/v2\/types\/product"}],"replies":[{"embeddable":true,"href":"http:\/\/klubmamgdynia.pl\/index.php\/wp-json\/wp\/v2\/comments?post=4371"}],"wp:featuredmedia":[{"embeddable":true,"href":"http:\/\/klubmamgdynia.pl\/index.php\/wp-json\/wp\/v2\/media\/4372"}],"wp:attachment":[{"href":"http:\/\/klubmamgdynia.pl\/index.php\/wp-json\/wp\/v2\/media?parent=4371"}],"wp:term":[{"taxonomy":"product_cat","embeddable":true,"href":"http:\/\/klubmamgdynia.pl\/index.php\/wp-json\/wp\/v2\/product_cat?post=4371"},{"taxonomy":"product_tag","embeddable":true,"href":"http:\/\/klubmamgdynia.pl\/index.php\/wp-json\/wp\/v2\/product_tag?post=4371"}],"curies":[{"name":"wp","href":"https:\/\/api.w.org\/{rel}","templated":true}]}}