{"id":4373,"date":"2012-04-24T14:41:07","date_gmt":"2012-04-24T12:41:07","guid":{"rendered":"http:\/\/klubmamgdynia.pl\/index.php\/produkt\/leantoys-motor-na-akumulator-jt568-pomaranczowy\/"},"modified":"2026-04-06T10:01:37","modified_gmt":"2026-04-06T08:01:37","slug":"leantoys-motor-na-akumulator-jt568-pomaranczowy","status":"publish","type":"product","link":"http:\/\/klubmamgdynia.pl\/index.php\/produkt\/leantoys-motor-na-akumulator-jt568-pomaranczowy\/","title":{"rendered":"Leantoys Motor Na Akumulator Jt568 Pomara\u0144czowy"},"content":{"rendered":"<p>Mam okazj\u0119 zaoferowa\u0107 Pa\u0144stwu:jednoosobowy,nowy,pe\u0142nowarto\u015bciowy,na akumulator,oryginalnie zapakowany,wykonany z trwa\u0142ego pierwszej klasy plastikuMotor posiada naklejki imituj\u0105ce pojazdy policyjne (JT568)1 x silnik (1x18W) + akumulator (1x6V)1 bieg do przodu,1 bieg do ty\u0142u.Zabawka jest przeznaczona dla dzieci powy\u017cej 3 lat i posiada certyfikat CE.Silnik: 1x18WAkumulator: 1x6VKo\u0142a: Plastikowe z gumowym bie\u017cnikiem\u015awiat\u0142a: Tak &#8211; podczas jazdyBiegi: 1 bieg do przodu &#8211; 1 bieg do ty\u0142uWymiary: 79 cm x 46 cm x 54 cmATRAKCJE NASZEGO POJAZDU:w\u0142\u0105cznik imituj\u0105cy rozruch pojazdu,\u015bwiec\u0105ce, przednie \u015bwiat\u0142apodczas jazdy,1 bieg do przodu,1 bieg do ty\u0142u,klakson,elektryczny hamulec, dzia\u0142aj\u0105cy po zdj\u0119ciu nogi z peda\u0142u gazu,du\u017ce ko\u0142a otoczone gumowym bie\u017cnikiem zapewniaj\u0105cym komfortow\u0105 jazd\u0119 po twardym pod\u0142o\u017cu,imitacja pr\u0119dko\u015bciomierzy,du\u017ce wygodnie wyprofilowane siedzenie.WYMIARY POJAZDU:d\u0142ugo\u015b\u0107 ok. 79 cm,szeroko\u015b\u0107 ok. 46 cm,wysoko\u015b\u0107 ok. 54 cm,\u015brednica ko\u0142a prz\u00f3d ok. 26 cm,\u015brednica ko\u0142a prz\u00f3d ok. 18 cm,siedzenie ok. 46 cm x 19 cm,wysoko\u015b\u0107 zawieszenia ok. 5 cm.Czas \u0142adowania 8 &#8211; 10 h.Pr\u0119dko\u015b\u0107 pojazdu 3 &#8211; 6 km\/h pierwszy bieg.Czas jazdy do 1 &#8211; 2 h.<\/p>\n<h2>Leantoys Motor Na Akumulator Jt568 Pomara\u0144czowy Lean Toys<\/h2>\n<p>kartka walentynkow\u0105 przedszkole, opis o dziecku, papugi do druku, maski zwierz\u0105t szablony do druku, na wyspach bergamutach, quizy miko\u0142ajek, park ujazdowski, \u017cyczenia wielkanocne dla dzieci kr\u00f3tkie, spongebob kolorowanka, \u015bmieszne zagadki matematyczne, ma\u0142y ksi\u0105\u017c\u0119 cytaty o mi\u0142o\u015bci, znaczenia imienia alicja, jacek, na wyspach bergamuta, by\u0142a sobie \u017cabka ma\u0142a tekst, test z lektury magiczne drzewo czerwone krzes\u0142o, stare wiersze dla dzieci, kartk\u00f3wki z zegara, bajka terapeutyczna o emocjach<\/p>\n<p>yyyyy<\/p>\n<p>&nbsp;<\/p>\n","protected":false},"excerpt":{"rendered":"<p>Mam okazj\u0119 zaoferowa\u0107 Pa\u0144stwu:jednoosobowy,nowy,pe\u0142nowarto\u015bciowy,na akumulator,oryginalnie zapakowany,wykonany z trwa\u0142ego pierwszej klasy plastikuMotor posiada naklejki imituj\u0105ce pojazdy policyjne (JT568)1 x silnik (1x18W) + akumulator (1x6V)1 bieg do przodu,1 bieg do ty\u0142u.Zabawka jest przeznaczona dla dzieci powy\u017cej 3 lat i posiada certyfikat CE.Silnik: 1x18WAkumulator: 1x6VKo\u0142a: Plastikowe z gumowym bie\u017cnikiem\u015awiat\u0142a: Tak &#8211; podczas jazdyBiegi: 1 bieg do przodu &#8211; [&hellip;]<\/p>\n","protected":false},"featured_media":4374,"comment_status":"closed","ping_status":"open","template":"","meta":[],"product_cat":[73,946],"product_tag":[681,678,692],"class_list":["post-4373","product","type-product","status-publish","has-post-thumbnail","hentry","product_cat-lean-toys","product_cat-motorki-i-skutery","product_tag-flagi-europy-quiz","product_tag-prezent-na-roczek-dla-dziewczynki","product_tag-prezenty-na-roczek"],"_links":{"self":[{"href":"http:\/\/klubmamgdynia.pl\/index.php\/wp-json\/wp\/v2\/product\/4373","targetHints":{"allow":["GET"]}}],"collection":[{"href":"http:\/\/klubmamgdynia.pl\/index.php\/wp-json\/wp\/v2\/product"}],"about":[{"href":"http:\/\/klubmamgdynia.pl\/index.php\/wp-json\/wp\/v2\/types\/product"}],"replies":[{"embeddable":true,"href":"http:\/\/klubmamgdynia.pl\/index.php\/wp-json\/wp\/v2\/comments?post=4373"}],"wp:featuredmedia":[{"embeddable":true,"href":"http:\/\/klubmamgdynia.pl\/index.php\/wp-json\/wp\/v2\/media\/4374"}],"wp:attachment":[{"href":"http:\/\/klubmamgdynia.pl\/index.php\/wp-json\/wp\/v2\/media?parent=4373"}],"wp:term":[{"taxonomy":"product_cat","embeddable":true,"href":"http:\/\/klubmamgdynia.pl\/index.php\/wp-json\/wp\/v2\/product_cat?post=4373"},{"taxonomy":"product_tag","embeddable":true,"href":"http:\/\/klubmamgdynia.pl\/index.php\/wp-json\/wp\/v2\/product_tag?post=4373"}],"curies":[{"name":"wp","href":"https:\/\/api.w.org\/{rel}","templated":true}]}}