{"id":4375,"date":"2020-05-15T14:57:59","date_gmt":"2020-05-15T12:57:59","guid":{"rendered":"http:\/\/klubmamgdynia.pl\/index.php\/produkt\/bayer-foresto-obroza-przeciw-pchlom-i-kleszczom-dla-psow-powyzej-8kg\/"},"modified":"2026-05-17T22:30:04","modified_gmt":"2026-05-17T20:30:04","slug":"bayer-foresto-obroza-przeciw-pchlom-i-kleszczom-dla-psow-powyzej-8kg","status":"publish","type":"product","link":"http:\/\/klubmamgdynia.pl\/index.php\/produkt\/bayer-foresto-obroza-przeciw-pchlom-i-kleszczom-dla-psow-powyzej-8kg\/","title":{"rendered":"Bayer Foresto Obro\u017ca Przeciw Pch\u0142om I Kleszczom Dla Ps\u00f3w Powy\u017cej 8Kg"},"content":{"rendered":"<p>Bayer Foresto Obro\u017ca Przeciw Pch\u0142om I Kleszczom Dla Ps\u00f3w Powy\u017cej 8KgCharakterystyka obro\u017cy Bayer ForestoForesto to obro\u017ca insektob\u00f3jcza w kolorze szarym, bezzapachowa.Psy:W celu leczenia i zapobiegania infestacji pche\u0142 (Ctenocephalides felis) przez okres 7 do 8 miesi\u0119cy. Skuteczno\u015b\u0107 przeciwpchelna zostaje osi\u0105gni\u0119ta natychmiast po za\u0142o\u017ceniu obro\u017cy Foresto. W celu ochrony bezpo\u015bredniego otoczenia zwierz\u0119cia przed rozwojem larw pche\u0142 przez 8 miesi\u0119cy. Foresto mo\u017ce by\u0107 stosowane jako element strategii zwalczania alergicznego pchlego zapalenia sk\u00f3ry (APZS).Foresto\u00a0wykazuje d\u0142ugotrwa\u0142\u0105 skuteczno\u015b\u0107 roztoczob\u00f3jcz\u0105\u00a0(zabija kleszcze) w przypadku infestacji kleszczy (Ixodes ricinus, Rhipicephalus sanguineus, Dermacentor reticulatus) oraz odstraszaj\u0105c\u0105 (zapobiega \u017cerowaniu) przy infestacji kleszczy (Ixodes ricinus, Rhipicephalus sanguineus) przez okres 8 miesi\u0119cy.\u00a0Foresto wykazuje skuteczne dzia\u0142anie przeciwko larwom, nimfom i doros\u0142ym osobnikom kleszczy.                            <\/p>\n<p>W przypadku uprzedniego wyst\u0119powania kleszczy u psa przed rozpocz\u0119ciem leczenia, za\u0142o\u017cenie obro\u017cy Foresto mo\u017ce w ci\u0105gu 48 godzin nie spowodowa\u0107 \u015bmierci paj\u0119czak\u00f3w; kleszcze mog\u0105 pozosta\u0107 wczepione i widoczne. Dlatego te\u017c, zaleca si\u0119 usuni\u0119cie kleszczy wyst\u0119puj\u0105cych ju\u017c na zwierz\u0119ciu w momencie zak\u0142adania obro\u017cy. Dzia\u0142anie zapobiegaj\u0105ce infestacji nowych kleszczy rozpoczyna si\u0119 w ci\u0105gu 2 dni po za\u0142o\u017ceniu obro\u017cy.W celu leczenia infestacji wszo\u0142\u00f3w (Trichodectes canis).Najlepiej gdy obro\u017ca Foresto jest zak\u0142adana przed pocz\u0105tkiem sezonu wyst\u0119powania pche\u0142 lub kleszczy.Sk\u0142ad obro\u017cy Bayer Foresto:-Imidaklopryd, flumetryna-Substancje pomocnicze: tytanu dwutlenek (E 171), \u017celaza tlenek czarny (E 172), di-n-butylu adypinian, glikolu propylenowego dikaprylokapronian, olej sojowy epoksydowany, kwas stearynowy, polichlorek winyluJedna obro\u017ca zawiera imidaklopryd w dawce 4,5 g oraz flumetryn\u0119 w dawce 2,03 g jako substancje czynne.Uwagi:Obro\u017ca Foresto jest wodoodporna; jej skuteczno\u015b\u0107 pozostaje niezmieniona w przypadku zmoczenia zwierz\u0119cia.Przeciwskazania do stosowania obro\u017cy Foresto:Nie stosowa\u0107 u szczeni\u0105t w wieku poni\u017cej 7 tygodni.Nie stosowa\u0107 w przypadku potwierdzonej nadwra\u017cliwo\u015bci na substancje czynne lub na dowoln\u0105 substancj\u0119 pomocnicz\u0105.Specjalne ostrze\u017cenia dotycz\u0105ce stosowania:Og\u00f3\u0142em, w ci\u0105gu 24 do 48 godzin po infestacji produkt spowoduje \u015bmier\u0107 kleszczy i ich odpadanie od \u017cywiciela, bez mo\u017cliwo\u015bci uprzedniego po\u017cywienia si\u0119 krwi\u0105. Nie mo\u017cna wykluczy\u0107 ryzyka wczepienia si\u0119 pojedynczych kleszczy po zastosowaniu leczenia. Dlatego te\u017c, nie mo\u017cna ca\u0142kowicie wykluczy\u0107 ryzyka przenoszenia chor\u00f3b zaka\u017anych przez kleszcze, w przypadku wyst\u0105pienia niekorzystnych warunk\u00f3w.                            <\/p>\n<p>Tak jak w przypadku wszystkich produkt\u00f3w do d\u0142ugotrwa\u0142ego stosowania miejscowego, okresy nadmiernego sezonowego zrzucania sier\u015bci mog\u0105 prowadzi\u0107 do tymczasowego niewielkiego zmniejszenia skuteczno\u015bci leczenia w wyniku utraty tej cz\u0119\u015bci dawki substancji czynnych, kt\u00f3ra zosta\u0142a rozprowadzona na sier\u015bci. Uzupe\u0142nienie dawki substancji czynnych z obro\u017cy rozpoczyna si\u0119 natychmiast, dzi\u0119ki czemu pe\u0142na skuteczno\u015b\u0107 zostaje ponownie osi\u0105gni\u0119ta bez konieczno\u015bci stosowania dodatkowego leczenia lub wymiany obro\u017cy.Dla uzyskania optymalnego efektu eliminacji pche\u0142 przy silnej inwazji w pomieszczeniach domowych, mo\u017ce by\u0107 konieczne zastosowanie w \u015brodowisku odpowiedniego \u015brodka insektob\u00f3jczego.Spos\u00f3b u\u017cycia obro\u017cy Foresto:Do stosowania na sk\u00f3r\u0119. Jedna obro\u017ca do za\u0142o\u017cenia wok\u00f3\u0142 szyi zwierz\u0119cia.Psy (o masie cia\u0142a &gt; 8 kg).                            <\/p>\n<p>Nale\u017cy wyj\u0105\u0107 obro\u017c\u0119 Foresto z torebki ochronnej bezpo\u015brednio przed zastosowaniem. Nale\u017cy rozwin\u0105\u0107 obro\u017c\u0119 i upewni\u0107 si\u0119, \u017ce na jej wewn\u0119trznej stronie nie ma \u017cadnych pozosta\u0142o\u015bci plastikowych \u0142\u0105cze\u0144. Nale\u017cy za\u0142o\u017cy\u0107 obro\u017c\u0119 na szyj\u0119 zwierz\u0119cia i dostosowa\u0107 jej d\u0142ugo\u015b\u0107 nie zaciskaj\u0105c zbyt mocno (wskaz\u00f3wka: powinno by\u0107 mo\u017cliwe wsuni\u0119cie dw\u00f3ch palc\u00f3w pomi\u0119dzy obro\u017c\u0119 a szyj\u0119 zwierz\u0119cia). Nale\u017cy przeci\u0105gn\u0105\u0107 woln\u0105 ko\u0144c\u00f3wk\u0119 obro\u017cy przez szlufk\u0119 i odci\u0105\u0107 niepotrzebny odcinek na d\u0142ugo\u015bci 2 cm.Zwierz\u0119 powinno nosi\u0107 obro\u017c\u0119 Foresto nieprzerwanie w celu zapewnienia 8-miesi\u0119cznego okresu ochrony. Obro\u017c\u0119 nale\u017cy zdj\u0105\u0107 po up\u0142ywie okresu leczenia. Nale\u017cy okresowo sprawdza\u0107 i dostosowywa\u0107 zamocowanie obro\u017cy, je\u017celi b\u0119dzie to konieczne, w szczeg\u00f3lno\u015bci w okresie szybkiego rozwoju koci\u0105t\/szczeni\u0105t.Obro\u017ca Foresto zosta\u0142a wyposa\u017cona w mechanizm zamkni\u0119cia zabezpieczaj\u0105cego przed niepo\u017c\u0105danym otwarciem. W przypadku zaczepienia obro\u017cy o jaki\u015b przedmiot (cho\u0107 wyst\u0105pienie takiego zdarzenia jest ma\u0142o prawdopodobne), kot b\u0119dzie w stanie samodzielnie poszerzy\u0107 obro\u017c\u0119 wystarczaj\u0105co, aby m\u00f3c szybko si\u0119 uwolni\u0107.Nie stosowa\u0107 Foresto u szczeni\u0105t w wieku poni\u017cej 7 tygodni.Nie stosowa\u0107 w przypadku potwierdzonej nadwra\u017cliwo\u015bci na substancje czynne lub na dowoln\u0105 substancj\u0119 pomocnicz\u0105.<\/p>\n<h2>Bayer Foresto Obro\u017ca Przeciw Pch\u0142om I Kleszczom Dla Ps\u00f3w Powy\u017cej 8Kg Bayer<\/h2>\n<p>sta\u0142a pod \u015bniegiem, najpi\u0119kniejsze cytaty dziecko cytaty, psi patrol kolorowanka do druku, kolorowanka robot, quiz o wio\u015bnie, kolorowanka ksi\u0119\u017cniczka, karty pracy do druku za darmo, kolorowanka dla dzieci<\/p>\n<p>yyyyy<\/p>\n<p>&nbsp;<\/p>\n","protected":false},"excerpt":{"rendered":"<p>Bayer Foresto Obro\u017ca Przeciw Pch\u0142om I Kleszczom Dla Ps\u00f3w Powy\u017cej 8KgCharakterystyka obro\u017cy Bayer ForestoForesto to obro\u017ca insektob\u00f3jcza w kolorze szarym, bezzapachowa.Psy:W celu leczenia i zapobiegania infestacji pche\u0142 (Ctenocephalides felis) przez okres 7 do 8 miesi\u0119cy. Skuteczno\u015b\u0107 przeciwpchelna zostaje osi\u0105gni\u0119ta natychmiast po za\u0142o\u017ceniu obro\u017cy Foresto. W celu ochrony bezpo\u015bredniego otoczenia zwierz\u0119cia przed rozwojem larw pche\u0142 przez [&hellip;]<\/p>\n","protected":false},"featured_media":4376,"comment_status":"closed","ping_status":"open","template":"","meta":[],"product_cat":[1163,1054],"product_tag":[670,723,661,812],"class_list":["post-4375","product","type-product","status-publish","has-post-thumbnail","hentry","product_cat-bayer","product_cat-higiena-psow","product_tag-irma","product_tag-krotkie-bajki-do-czytania-na-dobranoc","product_tag-swinka-peppa-kolorowanka","product_tag-zagadki-logiczne-na-inteligencje"],"_links":{"self":[{"href":"http:\/\/klubmamgdynia.pl\/index.php\/wp-json\/wp\/v2\/product\/4375","targetHints":{"allow":["GET"]}}],"collection":[{"href":"http:\/\/klubmamgdynia.pl\/index.php\/wp-json\/wp\/v2\/product"}],"about":[{"href":"http:\/\/klubmamgdynia.pl\/index.php\/wp-json\/wp\/v2\/types\/product"}],"replies":[{"embeddable":true,"href":"http:\/\/klubmamgdynia.pl\/index.php\/wp-json\/wp\/v2\/comments?post=4375"}],"wp:featuredmedia":[{"embeddable":true,"href":"http:\/\/klubmamgdynia.pl\/index.php\/wp-json\/wp\/v2\/media\/4376"}],"wp:attachment":[{"href":"http:\/\/klubmamgdynia.pl\/index.php\/wp-json\/wp\/v2\/media?parent=4375"}],"wp:term":[{"taxonomy":"product_cat","embeddable":true,"href":"http:\/\/klubmamgdynia.pl\/index.php\/wp-json\/wp\/v2\/product_cat?post=4375"},{"taxonomy":"product_tag","embeddable":true,"href":"http:\/\/klubmamgdynia.pl\/index.php\/wp-json\/wp\/v2\/product_tag?post=4375"}],"curies":[{"name":"wp","href":"https:\/\/api.w.org\/{rel}","templated":true}]}}