{"id":4379,"date":"2020-01-13T10:33:12","date_gmt":"2020-01-13T09:33:12","guid":{"rendered":"http:\/\/klubmamgdynia.pl\/index.php\/produkt\/herlitz-zeszyt-a5-32k-kratka-ekipa-10szt\/"},"modified":"2026-04-28T00:22:11","modified_gmt":"2026-04-27T22:22:11","slug":"herlitz-zeszyt-a5-32k-kratka-ekipa-10szt","status":"publish","type":"product","link":"http:\/\/klubmamgdynia.pl\/index.php\/produkt\/herlitz-zeszyt-a5-32k-kratka-ekipa-10szt\/","title":{"rendered":"Herlitz Zeszyt A5\/32K Kratka Ekipa 10Szt"},"content":{"rendered":"<p>Opakowanie zbiorcze 10 sztuk.Ekipa to kolekcja artyku\u0142\u00f3w dla wszystkich, kt\u00f3rzy znaj\u0105 i \u015bledz\u0105 losy Friza i jego Ekipy! Za projekty graficzne produkt\u00f3w odpowiada Ekipa.Na ok\u0142adkach mo\u017cna znale\u017a\u0107 ukryte wizerunki przyjaci\u00f3\u0142, kt\u00f3rzy na co dzie\u0144 umilaj\u0105 czas mieszka\u0144com domu Ekipy.W\u015br\u00f3d 4 projekt\u00f3w znajduje si\u0119 tak\u017ce jeden projekt po\u015bwi\u0119cony nowej grupie polskich influencer\u00f3w &#8211; Genzie.Ok\u0142adki zeszyt\u00f3w wykonane s\u0105 z grubego papieru 200 g.Na ok\u0142adce wewn\u0119trznej znajduje si\u0119 grafika wraz z etykiet\u0105 do wpisania danych w\u0142a\u015bciciela zeszytu a na ok\u0142adce tylnej &#8211; \u015bci\u0105ga z tabliczki mno\u017cenia.Specyfikacja:Format: A5.Ilo\u015b\u0107 kartek: 32.Grubo\u015b\u0107 kartek: 70 g.Liniatura: niebieska kratka.Ok\u0142adka: papier 200 g.EAN: 0009554742Najcz\u0119\u015bciej zadawane pytaniaJakiego typu bruliony s\u0105 najlepsze do notatek?Dzieci lubi\u0105 notesy w kratk\u0119, ale do zaj\u0119\u0107 z j\u0119zyka polskiego obowi\u0105zkowy jest zeszyt w linie \u2013 w pocz\u0105tkowych latach szko\u0142y podstawowej wykorzystuje si\u0119 bruliony z trzema liniami do nauki pisania a tak\u017ce kaligrafii, a dopiero w kolejnych latach u\u017cywa si\u0119 rozwi\u0105za\u0144 ze zwyk\u0142ymi liniami, bez linii pomocniczych. Niemal\u017ce do wszystkich innych przedmiot\u00f3w mog\u0105 by\u0107 zeszyt\u00f3w w kratk\u0119. Wyj\u0105tek stanowi geometria, gdzie potrzebny jest brulion bez wzoru, muzyka, gdzie nale\u017cy mie\u0107 zeszyt do nut w pi\u0119ciolini\u0119. Za\u015b na plastyk\u0119 potrzebne s\u0105 bloki b\u0105d\u017a szkicowniki. Niekt\u00f3rzy uczniowie preferuj\u0105 zeszyty w rozmiarze A5, inni A4. Podobnie jest z ok\u0142adk\u0105 \u2013 wiele os\u00f3b wybiera twarde zeszyty, z kolei inni uczniowie wol\u0105 mi\u0119kk\u0105. Podczas kupowania zeszyt\u00f3w do nauki najlepiej spyta\u0107 swoj\u0105 pociech\u0119 o preferencje. Za\u015b starsi uczniowie mog\u0105 samodzielnie zam\u00f3wi\u0107 nowe bruliony.Jakiego typu bruliony s\u0105 najlepsze do rysowania?W\u015br\u00f3d naszych produkt\u00f3w mo\u017cna znale\u017a\u0107 bruliony w linie i w kratk\u0119, a tak\u017ce i notesy bez wzor\u00f3w oraz szkicowniki. Zeszyty bez wzoru wy\u015bmienicie nadaj\u0105 si\u0119 do lekcji z geometrii. Za\u015b szkicowniki a tak\u017ce bloki mog\u0105 by\u0107 stosowane na zaj\u0119ciach plastycznych. Je\u015bli Twoje dziecko ma ponadprzeci\u0119tne zdolno\u015bci plastyczne lub po prostu bardzo uwielbia malowa\u0107 \u2013 kup szkicownik lub ko\u0142oszkicownik z kartkami o wysokiej gramaturze, jakie pozwalaj\u0105 na zastosowanie wielu r\u00f3\u017cnych produkt\u00f3w do rysowania a tak\u017ce malowania. Grube kartki nie niszczej\u0105 od du\u017cej ilo\u015bci farb wody, ponadto s\u0105 wyj\u0105tkowo estetyczne.Jakie bruliony mo\u017cna zakupi\u0107 do szko\u0142y?W naszej szerokiej ofercie mo\u017cna znale\u017a\u0107 wiele r\u00f3\u017cnych rozwi\u0105za\u0144. Zapewniamy w sprzeda\u017cy zeszyty, ale tak\u017ce i notesy bloki dla artyst\u00f3w, bruliony do nauki pisania oraz kaligrafii, zeszyty bez wzor\u00f3w do malowania ale geometrii, bruliony w kratk\u0119, kt\u00f3re sprawdz\u0105 si\u0119 w przypadku wielu zaj\u0119\u0107 oraz zeszyty w typowe linie do j\u0119zyka polskiego i ewentualnie do j\u0119zyka obcego. Nasze bruliony oraz notatniki i inne produkty nadaj\u0105 si\u0119 znakomicie do ka\u017cdych zaj\u0119\u0107 i na ka\u017cdym poziomie nauki.Jakiego typu bruliony wybra\u0107 do klas 1-3 szko\u0142y podstawowej?Najm\u0142odsi uczniowie w pocz\u0105tkowych klasach podstaw\u00f3wki powinny posiada\u0107 notesy w linie (w trzy kolorowe linie do nauki pisania a tak\u017ce \u0107wicze\u0144 kaligrafii), kratk\u0119 i r\u00f3wnie\u017c bruliony g\u0142adkie do rysowania. Uczniowie pierwszej, drugiej i trzeciej klasy podstaw\u00f3wki powinni mie\u0107 w notesy o wymiarach A5 b\u0105d\u017a A4 a tak\u017ce posiada\u0107 po 16 stron, dlatego \u017ce nie powinny by\u0107 zbyt du\u017ce i nie powinny mie\u0107 negatywnego wp\u0142ywu na kr\u0119gos\u0142up ucznia. W klasie drugiej i trzeciej mo\u017cna ju\u017c kupi\u0107 zeszyty 32-kartkowe o rozmiarze A5 lub A4.Dlaczego warto zaopatrzy\u0107 si\u0119 w komplet brulion\u00f3w do szko\u0142y?Przez wszystkie lata edukacji dzieci zr\u00f3\u017cnicowanych szk\u00f3\u0142 musz\u0105 mie\u0107 pewn\u0105 liczb\u0119 notes\u00f3w do notatek. Mo\u017cna zaopatrzy\u0107 si\u0119 w nie osobno b\u0105d\u017a w specjalnym zestawie, w kt\u00f3rym mo\u017cna znale\u017a\u0107 kilka notes\u00f3w o pasuj\u0105cych do siebie ok\u0142adkach. Je\u015bli Twoje dziecko lubi jaki\u015b motyw, pragnie komplet pasuj\u0105cych do siebie ok\u0142adek, a Ty chcia\u0142by\u015b troch\u0119 zmniejszy\u0107 wydatki \u2013 kup komplet. Posiadamy komplety z brulionami dla ch\u0142opc\u00f3w i dziewczynek, a tak\u017ce z neutralnymi kolorami, w formacie A5 lub A4, z grubymi b\u0105d\u017a standardowymi cienkimi ok\u0142adkami. Nasze notesy sprawdzaj\u0105 si\u0119 znakomicie na ka\u017cdym poziomie nauki.Jakiego typu bruliony zakupi\u0107 do klas 4-8 podstaw\u00f3wki?Dzieci, kt\u00f3re si\u0119 ucz\u0105 w klasach 4-6 podstaw\u00f3wki musz\u0105 posiada\u0107 bruliony z 32- b\u0105d\u017a 60 kartkami w formacie A5 albo A4. Do ka\u017cdych zaj\u0119\u0107 warto mie\u0107 osobny notes. Warto kupi\u0107 brulion, kt\u00f3rego b\u0119dzie mo\u017cna wykorzystywa\u0107 przez ca\u0142y semestr, co znacznie u\u0142atwi nauk\u0119 a tak\u017ce szukanie informacji podanych przez pedagoga na lekcjach. Zeszyt do lekcji z j\u0119zyka polskiego musi by\u0107 w linie, natomiast do geometrii musi by\u0107 g\u0142adki, do muzyki z pi\u0119ciolini\u0105, a w przypadku pozosta\u0142ych zaj\u0119\u0107 \u2013 w kratk\u0119. W starszych klasach 7-8 warto kupi\u0107 zeszyty albo notatniki z 60 b\u0105d\u017a nawet 96 kartkami.Gdzie zaopatrzy\u0107 si\u0119 w zeszyty i notesy do szko\u0142y?W naszej szerokiej ofercie mo\u017cna zaopatrzy\u0107 si\u0119 w r\u00f3\u017cnego rodzaju zeszyty, notesy i bloki, kt\u00f3re s\u0105 niezb\u0119dne do nauki w szkole podstawowej, szkole ponadgimnazjalnej i na studiach. Posiadamy bruliony w r\u00f3\u017cnorodnych formatach oraz z unikalnymi, pi\u0119knymi ok\u0142adkami, ponadto oferujemy niskie ceny i b\u0142yskawiczn\u0105 wysy\u0142k\u0119 na obszarze ca\u0142ej Polski. Nasze zeszyty mo\u017cna zakupi\u0107 przez ca\u0142y rok, nie tylko przed zacz\u0119ciem kolejnego roku nauki.Jakiego rodzaju notesy zakupi\u0107 do szko\u0142y \u015bredniej?W wypadku szk\u00f3\u0142 ponadpodstawowych dzieci powinny kupi\u0107 wi\u0119ksze zeszyty ni\u017c w podstaw\u00f3wce. Warto, \u017ceby posiada\u0142y 96 stron oraz rozmiar A5 b\u0105d\u017a A4, co usprawnia powt\u00f3rk\u0119 do egzamin\u00f3w oraz kartk\u00f3wek. M\u0142odzie\u017c powinna posiada\u0107 jeden brulion do jednego przedmiotu przez dwa semestry, dzi\u0119ki czemu w jednym zeszycie b\u0119dzie znajdowa\u0142a si\u0119 ca\u0142a niezb\u0119dna wiedza do test\u00f3w rocznych albo p\u00f3\u0142rocznych lub egzaminu maturalnego, co znacznie u\u0142atwia nauk\u0119 oraz poszukiwania potrzebnych informacji.Jak du\u017co brulion\u00f3w potrzebuje ucze\u0144 do szko\u0142y?Dzieci ucz\u0105ce si\u0119 w pierwszych klasach podstaw\u00f3wki zazwyczaj potrzebuj\u0105 oko\u0142o sze\u015b\u0107 cienkich brulion\u00f3w &#8211; 2 w linie do nauki pisania a tak\u017ce kilka w standardow\u0105 kratk\u0119. Mo\u017ce im si\u0119 przyda\u0107 tak\u017ce jeden brulion g\u0142adki. W starszych klasach podstaw\u00f3wki, dzieci potrzebuj\u0105 minimum jeden notes w zwyk\u0142e linie, oko\u0142o 7-10 zeszyt\u00f3w w kratk\u0119 oraz jeden do muzyki z pi\u0119ciolini\u0105 a tak\u017ce jeden bez wzor\u00f3w do lekcji z geometrii. W szko\u0142ach \u015brednich uczniowie musz\u0105 mie\u0107 minimum jeden zeszyt w standardowe linie i oko\u0142o 14 brulion\u00f3w w kratk\u0119. Wszelkie zeszyty mo\u017cna kupi\u0107 w naszej ksi\u0119garni internetowej.<\/p>\n<h2>Herlitz Zeszyt A5\/32K Kratka Ekipa 10Szt Herlitz<\/h2>\n<p>pomys\u0142 na prezent dla 7 latki, quizy online, pisanki woskiem wzory, quizy o skokach narciarskich, cytaty korczaka, \u017carty prima aprilis, kolorowanka pokemon<\/p>\n<p>yyyyy<\/p>\n<p>&nbsp;<\/p>\n","protected":false},"excerpt":{"rendered":"<p>Opakowanie zbiorcze 10 sztuk.Ekipa to kolekcja artyku\u0142\u00f3w dla wszystkich, kt\u00f3rzy znaj\u0105 i \u015bledz\u0105 losy Friza i jego Ekipy! Za projekty graficzne produkt\u00f3w odpowiada Ekipa.Na ok\u0142adkach mo\u017cna znale\u017a\u0107 ukryte wizerunki przyjaci\u00f3\u0142, kt\u00f3rzy na co dzie\u0144 umilaj\u0105 czas mieszka\u0144com domu Ekipy.W\u015br\u00f3d 4 projekt\u00f3w znajduje si\u0119 tak\u017ce jeden projekt po\u015bwi\u0119cony nowej grupie polskich influencer\u00f3w &#8211; Genzie.Ok\u0142adki zeszyt\u00f3w wykonane [&hellip;]<\/p>\n","protected":false},"featured_media":4380,"comment_status":"closed","ping_status":"open","template":"","meta":[],"product_cat":[1221,325],"product_tag":[867,821,806,785],"class_list":["post-4379","product","type-product","status-publish","has-post-thumbnail","hentry","product_cat-herlitz","product_cat-szkolne-artykuly-papiernicze","product_tag-kolorowanki-dla-dziewczynek","product_tag-marianna","product_tag-prezent-dla-dziecka-na-roczek","product_tag-prezent-dla-nastolatkow"],"_links":{"self":[{"href":"http:\/\/klubmamgdynia.pl\/index.php\/wp-json\/wp\/v2\/product\/4379","targetHints":{"allow":["GET"]}}],"collection":[{"href":"http:\/\/klubmamgdynia.pl\/index.php\/wp-json\/wp\/v2\/product"}],"about":[{"href":"http:\/\/klubmamgdynia.pl\/index.php\/wp-json\/wp\/v2\/types\/product"}],"replies":[{"embeddable":true,"href":"http:\/\/klubmamgdynia.pl\/index.php\/wp-json\/wp\/v2\/comments?post=4379"}],"wp:featuredmedia":[{"embeddable":true,"href":"http:\/\/klubmamgdynia.pl\/index.php\/wp-json\/wp\/v2\/media\/4380"}],"wp:attachment":[{"href":"http:\/\/klubmamgdynia.pl\/index.php\/wp-json\/wp\/v2\/media?parent=4379"}],"wp:term":[{"taxonomy":"product_cat","embeddable":true,"href":"http:\/\/klubmamgdynia.pl\/index.php\/wp-json\/wp\/v2\/product_cat?post=4379"},{"taxonomy":"product_tag","embeddable":true,"href":"http:\/\/klubmamgdynia.pl\/index.php\/wp-json\/wp\/v2\/product_tag?post=4379"}],"curies":[{"name":"wp","href":"https:\/\/api.w.org\/{rel}","templated":true}]}}