{"id":4383,"date":"2012-11-22T04:23:37","date_gmt":"2012-11-22T03:23:37","guid":{"rendered":"http:\/\/klubmamgdynia.pl\/index.php\/produkt\/herlitz-zeszyt-a5-96k-niebieski-linia-1szt\/"},"modified":"2026-04-24T12:52:00","modified_gmt":"2026-04-24T10:52:00","slug":"herlitz-zeszyt-a5-96k-niebieski-linia-1szt","status":"publish","type":"product","link":"http:\/\/klubmamgdynia.pl\/index.php\/produkt\/herlitz-zeszyt-a5-96k-niebieski-linia-1szt\/","title":{"rendered":"Herlitz Zeszyt A5\/96K Niebieski Linia 1Szt"},"content":{"rendered":"<p>KOLOR NIEBIESKIOk\u0142adka: papier barwiony w masie 270 gr,t\u0142oczenie na ok\u0142adce zewn\u0119trznej: herlitz classic collection,grubo\u015b\u0107 papieru: 70g\/m2.<\/p>\n<h2>Herlitz Zeszyt A5\/96K Niebieski Linia 1Szt Herlitz<\/h2>\n<p>quiz o zwierz\u0119tach domowych, kolorowanki miasto, wroc\u0142aw i okolice atrakcje, kolorowanki psi patrol<\/p>\n<p>yyyyy<\/p>\n<p>&nbsp;<\/p>\n","protected":false},"excerpt":{"rendered":"<p>KOLOR NIEBIESKIOk\u0142adka: papier barwiony w masie 270 gr,t\u0142oczenie na ok\u0142adce zewn\u0119trznej: herlitz classic collection,grubo\u015b\u0107 papieru: 70g\/m2. Herlitz Zeszyt A5\/96K Niebieski Linia 1Szt Herlitz quiz o zwierz\u0119tach domowych, kolorowanki miasto, wroc\u0142aw i okolice atrakcje, kolorowanki psi patrol yyyyy &nbsp;<\/p>\n","protected":false},"featured_media":4384,"comment_status":"closed","ping_status":"open","template":"","meta":[],"product_cat":[1221,325],"product_tag":[719,740,697],"class_list":["post-4383","product","type-product","status-publish","has-post-thumbnail","hentry","product_cat-herlitz","product_cat-szkolne-artykuly-papiernicze","product_tag-dziecko-cytaty-zlote-mysli","product_tag-fajne-prezenty-dla-nastolatkow","product_tag-krotkie-bajki-do-czytania"],"_links":{"self":[{"href":"http:\/\/klubmamgdynia.pl\/index.php\/wp-json\/wp\/v2\/product\/4383","targetHints":{"allow":["GET"]}}],"collection":[{"href":"http:\/\/klubmamgdynia.pl\/index.php\/wp-json\/wp\/v2\/product"}],"about":[{"href":"http:\/\/klubmamgdynia.pl\/index.php\/wp-json\/wp\/v2\/types\/product"}],"replies":[{"embeddable":true,"href":"http:\/\/klubmamgdynia.pl\/index.php\/wp-json\/wp\/v2\/comments?post=4383"}],"wp:featuredmedia":[{"embeddable":true,"href":"http:\/\/klubmamgdynia.pl\/index.php\/wp-json\/wp\/v2\/media\/4384"}],"wp:attachment":[{"href":"http:\/\/klubmamgdynia.pl\/index.php\/wp-json\/wp\/v2\/media?parent=4383"}],"wp:term":[{"taxonomy":"product_cat","embeddable":true,"href":"http:\/\/klubmamgdynia.pl\/index.php\/wp-json\/wp\/v2\/product_cat?post=4383"},{"taxonomy":"product_tag","embeddable":true,"href":"http:\/\/klubmamgdynia.pl\/index.php\/wp-json\/wp\/v2\/product_tag?post=4383"}],"curies":[{"name":"wp","href":"https:\/\/api.w.org\/{rel}","templated":true}]}}