{"id":4385,"date":"2014-10-22T14:32:03","date_gmt":"2014-10-22T12:32:03","guid":{"rendered":"http:\/\/klubmamgdynia.pl\/index.php\/produkt\/barbie-lalka-kariera-deluxe-pediatra-gyk01-gyj98\/"},"modified":"2026-05-17T23:01:32","modified_gmt":"2026-05-17T21:01:32","slug":"barbie-lalka-kariera-deluxe-pediatra-gyk01-gyj98","status":"publish","type":"product","link":"http:\/\/klubmamgdynia.pl\/index.php\/produkt\/barbie-lalka-kariera-deluxe-pediatra-gyk01-gyj98\/","title":{"rendered":"Barbie Lalka Kariera deluxe Pediatra GYK01 GYJ98"},"content":{"rendered":"<p>Te wyj\u0105tkowe lalki Barbie Deluxe z linii Kariera inspiruj\u0105 dzieci do realizowania ambitnych marze\u0144! Ka\u017cda lalka ma tematyczny str\u00f3j pasuj\u0105cy do jej zawodu, a tak\u017ce specjalne akcesoria umo\u017cliwaj\u0105ce jej wykonywanie pracy.                            <\/p>\n<p>Ka\u017cda lalka ma tematyczny str\u00f3j pasuj\u0105cy do jej zawodu, a tak\u017ce specjalne akcesoria umo\u017cliwaj\u0105ce jej wykonywanie pracy                            <\/p>\n<p>Mnogo\u015b\u0107 detali i realistyczne wykonanie sprawiaj\u0105, \u017ce odgrywanie przyg\u00f3d b\u0119dzie jeszcze lepsze.                            <\/p>\n<p>Barbie sprawdzi\u0142a si\u0119 ju\u017c w ponad 200 zawodach i kontynuuje swoj\u0105 niezwyk\u0142\u0105 przygod\u0119.                            <\/p>\n<p>Odkryj i zbierz inne lalki oraz zabawki Barbie z linii Kariera, aby zabawa by\u0142a jeszcze bardziej r\u00f3\u017cnorodna, bo kiedy dzieci bawi\u0105 si\u0119 Barbie, mog\u0105 by\u0107 kim chc\u0105 (zabawki sprzedawane oddzielnie, zale\u017cnie od dost\u0119pno\u015bci). Lalka nie stoi samodzielnie. Zestawy s\u0105 sprzedawane oddzielnie. Kolory i elementy dekoracyjne mog\u0105 si\u0119 r\u00f3\u017cni\u0107.<\/p>\n<h2>Barbie Lalka Kariera deluxe Pediatra GYK01 GYJ98 Barbie<\/h2>\n<p>bajki na dobranoc do czytania, zagadki matematyczne dla przedszkolak\u00f3w, co kupi\u0107 ch\u0142opcu na roczek, sentencja dla dziecka, quizy dla dzieci 10 lat, quiz flagi, znaczenie imiona monika, maski do druku kolorowe, dobrej nocy i sza, eneduerabe, materac do basenu, kolorowanka europa, henryk, bajki o ksi\u0119\u017cniczkach do czytania, zabawki na roczek dla ch\u0142opca, prezenty dla nastolatki, \u015bwinka peppa dom<\/p>\n<p>yyyyy<\/p>\n<p>&nbsp;<\/p>\n","protected":false},"excerpt":{"rendered":"<p>Te wyj\u0105tkowe lalki Barbie Deluxe z linii Kariera inspiruj\u0105 dzieci do realizowania ambitnych marze\u0144! Ka\u017cda lalka ma tematyczny str\u00f3j pasuj\u0105cy do jej zawodu, a tak\u017ce specjalne akcesoria umo\u017cliwaj\u0105ce jej wykonywanie pracy. Ka\u017cda lalka ma tematyczny str\u00f3j pasuj\u0105cy do jej zawodu, a tak\u017ce specjalne akcesoria umo\u017cliwaj\u0105ce jej wykonywanie pracy Mnogo\u015b\u0107 detali i realistyczne wykonanie sprawiaj\u0105, \u017ce [&hellip;]<\/p>\n","protected":false},"featured_media":4386,"comment_status":"closed","ping_status":"open","template":"","meta":[],"product_cat":[173,65],"product_tag":[755,612,674,787,620,796],"class_list":["post-4385","product","type-product","status-publish","has-post-thumbnail","hentry","product_cat-barbie","product_cat-lalki","product_tag-henryk","product_tag-kolorowanki-do-druku","product_tag-miasto-dzieci","product_tag-nauka-pisania-wyrazow-dla-dzieci-do-druku-pdf","product_tag-quiz-opowiesci-z-narnii","product_tag-zagatki"],"_links":{"self":[{"href":"http:\/\/klubmamgdynia.pl\/index.php\/wp-json\/wp\/v2\/product\/4385","targetHints":{"allow":["GET"]}}],"collection":[{"href":"http:\/\/klubmamgdynia.pl\/index.php\/wp-json\/wp\/v2\/product"}],"about":[{"href":"http:\/\/klubmamgdynia.pl\/index.php\/wp-json\/wp\/v2\/types\/product"}],"replies":[{"embeddable":true,"href":"http:\/\/klubmamgdynia.pl\/index.php\/wp-json\/wp\/v2\/comments?post=4385"}],"wp:featuredmedia":[{"embeddable":true,"href":"http:\/\/klubmamgdynia.pl\/index.php\/wp-json\/wp\/v2\/media\/4386"}],"wp:attachment":[{"href":"http:\/\/klubmamgdynia.pl\/index.php\/wp-json\/wp\/v2\/media?parent=4385"}],"wp:term":[{"taxonomy":"product_cat","embeddable":true,"href":"http:\/\/klubmamgdynia.pl\/index.php\/wp-json\/wp\/v2\/product_cat?post=4385"},{"taxonomy":"product_tag","embeddable":true,"href":"http:\/\/klubmamgdynia.pl\/index.php\/wp-json\/wp\/v2\/product_tag?post=4385"}],"curies":[{"name":"wp","href":"https:\/\/api.w.org\/{rel}","templated":true}]}}