{"id":4387,"date":"2013-07-31T05:53:28","date_gmt":"2013-07-31T03:53:28","guid":{"rendered":"http:\/\/klubmamgdynia.pl\/index.php\/produkt\/adar-maszyna-rolnicza-z-napedem-538474\/"},"modified":"2026-04-19T09:00:09","modified_gmt":"2026-04-19T07:00:09","slug":"adar-maszyna-rolnicza-z-napedem-538474","status":"publish","type":"product","link":"http:\/\/klubmamgdynia.pl\/index.php\/produkt\/adar-maszyna-rolnicza-z-napedem-538474\/","title":{"rendered":"Adar Maszyna Rolnicza Z Nap\u0119dem 538474"},"content":{"rendered":"<p>Kombajn z przyczep\u0105, PVC.Wymiary opakowania 26x8x7cm.Mix wzor\u00f3w,wysy\u0142ka losowa&#8230;.<\/p>\n<h2>Adar Maszyna Rolnicza Z Nap\u0119dem 538474 Adar<\/h2>\n<p>malowanie kamieni, znaki drogowe test, kawa\u0142 na prima aprilis, cytaty dziecko, zagadki dla m\u0142odzie\u017cy, ekskluzywny prezent na roczek, zagadki na inteligencje, wierszyki na lany poniedzia\u0142ek, kotki dwa tekst, list do sw mikolaja, zagadki logiczne, opisy do zdj\u0119\u0107 dziecka, zagadki matematyczne, kr\u00f3tkie zagadki logiczne, zagadki na logike, bal halloween dla dzieci 2021<\/p>\n<p>yyyyy<\/p>\n<p>&nbsp;<\/p>\n","protected":false},"excerpt":{"rendered":"<p>Kombajn z przyczep\u0105, PVC.Wymiary opakowania 26x8x7cm.Mix wzor\u00f3w,wysy\u0142ka losowa&#8230;. Adar Maszyna Rolnicza Z Nap\u0119dem 538474 Adar malowanie kamieni, znaki drogowe test, kawa\u0142 na prima aprilis, cytaty dziecko, zagadki dla m\u0142odzie\u017cy, ekskluzywny prezent na roczek, zagadki na inteligencje, wierszyki na lany poniedzia\u0142ek, kotki dwa tekst, list do sw mikolaja, zagadki logiczne, opisy do zdj\u0119\u0107 dziecka, zagadki matematyczne, [&hellip;]<\/p>\n","protected":false},"featured_media":4388,"comment_status":"closed","ping_status":"open","template":"","meta":[],"product_cat":[175,83],"product_tag":[603,719,745,774,876,709],"class_list":["post-4387","product","type-product","status-publish","has-post-thumbnail","hentry","product_cat-adar","product_cat-auta-i-inne-pojazdy-do-zabawy","product_tag-bajki-do-czytania","product_tag-dziecko-cytaty-zlote-mysli","product_tag-prezent-dla-15-latki","product_tag-prezent-na-roczek-nie-zabawka","product_tag-przyjazn","product_tag-zagadki-dla-dzieci-6-7-lat"],"_links":{"self":[{"href":"http:\/\/klubmamgdynia.pl\/index.php\/wp-json\/wp\/v2\/product\/4387","targetHints":{"allow":["GET"]}}],"collection":[{"href":"http:\/\/klubmamgdynia.pl\/index.php\/wp-json\/wp\/v2\/product"}],"about":[{"href":"http:\/\/klubmamgdynia.pl\/index.php\/wp-json\/wp\/v2\/types\/product"}],"replies":[{"embeddable":true,"href":"http:\/\/klubmamgdynia.pl\/index.php\/wp-json\/wp\/v2\/comments?post=4387"}],"wp:featuredmedia":[{"embeddable":true,"href":"http:\/\/klubmamgdynia.pl\/index.php\/wp-json\/wp\/v2\/media\/4388"}],"wp:attachment":[{"href":"http:\/\/klubmamgdynia.pl\/index.php\/wp-json\/wp\/v2\/media?parent=4387"}],"wp:term":[{"taxonomy":"product_cat","embeddable":true,"href":"http:\/\/klubmamgdynia.pl\/index.php\/wp-json\/wp\/v2\/product_cat?post=4387"},{"taxonomy":"product_tag","embeddable":true,"href":"http:\/\/klubmamgdynia.pl\/index.php\/wp-json\/wp\/v2\/product_tag?post=4387"}],"curies":[{"name":"wp","href":"https:\/\/api.w.org\/{rel}","templated":true}]}}