{"id":4389,"date":"2017-08-24T01:33:32","date_gmt":"2017-08-23T23:33:32","guid":{"rendered":"http:\/\/klubmamgdynia.pl\/index.php\/produkt\/quad-linhai-200-2x4-2018-dostawa-serwis-promocja\/"},"modified":"2026-05-01T11:53:00","modified_gmt":"2026-05-01T09:53:00","slug":"quad-linhai-200-2x4-2018-dostawa-serwis-promocja","status":"publish","type":"product","link":"http:\/\/klubmamgdynia.pl\/index.php\/produkt\/quad-linhai-200-2x4-2018-dostawa-serwis-promocja\/","title":{"rendered":"QUAD LINHAI 200 2&#215;4 2018 DOSTAWA SERWIS &#8211; PROMOCJA"},"content":{"rendered":"<p>LINHAI 200 2x4QUAD FABRYCZNIE NOWYPrzygotowany do rejestracji w PolsceHOMOLOGACJA DROGOWA CI\u0104GNIK CENA BRUTTO &#8211; FAKTURA VAT-23%&#8212;&#8212;&#8212;&#8212;&#8212;&#8212;&#8212;&#8212;&#8212;&#8212;&#8212;&#8212;&#8212;&#8212;&#8212;&#8212;&#8212; Nap\u0119d 2&#215;4 &#8211; na ty\u0142 wa\u0142 kardana- Skrzynia automatyczna + beg wsteczny&#8212;&#8212;&#8212;&#8212;&#8212;&#8212;&#8212;&#8212;&#8212;&#8212;&#8212;&#8212;&#8212;&#8212;&#8212;&#8212;&#8211;Ca\u0142a oferta na stronie: quadycentrum.plAkcesoria w cenie pojazdu:- Wyci\u0105garka 3000lbs- Os\u0142ony r\u0105k- \u015awiat\u0142a led- Hak holowniczy- Kufer oraz zestaw zimowy (grzane manetki,kciuk i siedzenie)Dost\u0119pne kolory: bia\u0142y, czarny&#8212;&#8212;&#8212;&#8212;&#8212;&#8212;&#8212;&#8212;&#8212;&#8212;&#8212;&#8212;&#8212;&#8212;&#8212;&#8212;&#8211;Zamawiaj\u0105c Quada w naszej firmie masz gwarancj\u0119 ekspresowej dostawy przez naszego pracownika w ci\u0105gu 24 godzin w ka\u017cde miejsce na terenie ca\u0142ej Polski.Tylko u nas nie musisz ryzykowa\u0107 wp\u0142acaniem zaliczki przed dostaw\u0105 pojazdu. ( widzisz co odbierasz dopiero p\u0142acisz )Quad obj\u0119ty 2-letni\u0105 og\u00f3lnopolsk\u0105 gwarancj\u0105 realizowan\u0105 w ka\u017cdym serwisie LINHAI na terenie ca\u0142ego kraju.&#8212;&#8212;&#8212;&#8212;&#8212;&#8212;&#8212;&#8212;&#8212;&#8212;&#8212;&#8212;&#8212;&#8212;&#8212;&#8212;&#8212;&#8212;&#8212;&#8212;&#8212;&#8212;&#8212;&#8212;&#8212;&#8212;&#8212;&#8212;&#8212;&#8212;&#8212;&#8212;&#8212;-UWAGA &#8211; NOWO\u015a\u0106 !!!Wychodz\u0105c na przeciw potrzebom rynku i naszych klient\u00f3w udost\u0119pniamy us\u0142ug\u0119 mobilnego serwisu realizuj\u0105cego przegl\u0105dy gwarancyjne Quad\u00f3w na terenie ca\u0142ego kraju.Nasz serwis mobilny w ci\u0105gu kilku dni od zg\u0142oszenia przegl\u0105du doje\u017cd\u017ca na miejsce postoju quada w celu wykonania niezb\u0119dnych czynno\u015bci serwisowych:wymiana olej\u00f3w w silniku i mostach wraz z filtramismarowanie zawieszenia i wa\u0142\u00f3w nap\u0119dowychpe\u0142na diagnostyka komputerem serwisowymsprawdzenie pozosta\u0142ych element\u00f3w pojazduKoszt us\u0142ugi mobilnej &#8211; 450z\u0142 brutto + dojazd(us\u0142uga mobilna dost\u0119pna tylko dla pojazd\u00f3w zakupionych w naszej firmie)&#8212;&#8212;&#8212;&#8212;&#8212;&#8212;&#8212;&#8212;&#8212;&#8212;&#8212;&#8212;&#8212;&#8212;&#8212;&#8212;&#8211;NASZEGO QUADA MO\u017bESZ ZAM\u00d3WI\u0106 NIE WYCHODZ\u0104C Z DOMUZAP\u0141ACISZ PRZY ODBIORZE POJAZDUNIE POBIERAMY ZALICZEKMO\u017bLIWA DOSTAWA POJAZDU NA TERENIE CA\u0141EGO KRAJU &#8211; po uzgodnieniuSpecyfikacja techniczna:Silnik: czterosuwowy, jednocylindrowy SOH, ch\u0142odzony ciecz\u0105Pojemno\u015b\u0107: 177 cm3Max. wydajno\u015b\u0107: 10 kM \/ 6200 ot.\/minNap\u0119d: 2x4Skrzynia bieg\u00f3w: automatyczna CVT z wariatoremZawieszenie: McPherson z przodu, z ty\u0142u o\u015bNap\u0119d k\u00f3\u0142: wa\u0142 kardanaD\u0142ugo\u015b\u0107 ca\u0142kowita: 2160 mmSzeroko\u015b\u0107 ca\u0142kowita: 1140 mmWysoko\u015b\u0107 ca\u0142kowita: 1250 mmPrze\u015bwit: 253 mmWysoko\u015b\u0107 siedziska: 915 mmOpony prz\u00f3d: AT 22 x 7 &#8211; 10Opony ty\u0142: AT 22 x 10 &#8211; 10Hamulce (P\/T): tarcze hydrauliczne\/ tarcza hydraulicznaZbiornik paliwa: 12,5 lWaga: 295 kgW ofercie posiadamy inne modele Linhai :- Linhai 500 4&#215;4 na ga\u017aniku ci\u0105gnik rolniczy cena 20990z\u0142 brutto- Linhai 500 4&#215;4 na wtrysku sam. inny euro-4 cena 22500z\u0142 brutto- Linhai 400 4&#215;4 na wtrysku sam. inny euro-4 cena 19590z\u0142 brutto- Linhai 300 4&#215;4 na ga\u017aniku ci\u0105gnik rolniczy cena 16900z\u0142 brutto- Linhai 550 4&#215;4 na wtrysku sam. inny euro-4 cena 21900z\u0142 brutto- Linhai 550Long 4&#215;4 na wtrysku sam. inny euro-4 cena 23250z\u0142 brutto- Linhai 550Long Wspomaganie 4&#215;4 na wtrysku sam. inny euro-4 cena 24900z\u0142 brutto- Linhai 750 4&#215;4 na wtrysku Ci\u0105gnik rolniczy cena 27250z\u0142 bruttoDODATKOWE WYPOSA\u017bENIE :- p\u0142ug \u015bnie\u017cny &#8211; 1200 z\u0142 &#8211; dop\u0142ata- wyci\u0105garka &#8211; 300 z\u0142 &#8211; w cenie- kufer (materia\u0142owy) &#8211; 300 z\u0142 &#8211; dop\u0142ata- du\u017cy kufer z oparciem na tylny baga\u017cnik &#8211; 1000z\u0142 &#8211; w cenie- \u0142a\u0144cuchy \u015bniegowe na 2 ko\u0142a &#8211; 150 z\u0142 &#8211; dop\u0142ata- pokrowiec na quada -150 z\u0142 &#8211; dop\u0142ata&#8212;&#8212;&#8212;&#8212;&#8212;&#8212;&#8212;&#8212;&#8212;&#8212;&#8212;&#8212;&#8212;&#8212;&#8212;&#8212;&#8211;Dla klient\u00f3w indywidualnych i firm wprowadzili\u015bmyprosty i wygodny system sprzeda\u017cy ratalnej ( bez zastawu i ubezpieczenia ).Wype\u0142nij formularz ratalny na stronie: quadynaraty.pl &#8211; a my oddzwonimy z decyzj\u0105.&#8212;&#8212;&#8212;&#8212;&#8212;&#8212;&#8212;&#8212;&#8212;&#8212;&#8212;&#8212;&#8212;&#8212;&#8212;&#8212;&#8211;ADRES FIRMY :99-314 Wa\u0142y A nr 9PRACUJEMY W GODZINACH :Poniedzia\u0142ek &#8211; Pi\u0105tek : 8 &#8211; 17Sobota : 9 &#8211; 13Niedziela : po uzgodnieniu tel.&#8212;&#8212;&#8212;&#8212;&#8212;&#8212;&#8212;&#8212;&#8212;&#8212;&#8212;&#8212;&#8212;&#8212;&#8212;&#8212;&#8211;Mo\u017cesz dzwoni\u0107 w godz. 8 &#8211; 20Sprzeda\u017c pojazd\u00f3w &#8211; 609 903 003Sprzeda\u017c pojazd\u00f3w &#8211; 609 900 900Sprzeda\u017c ratalna &#8211; 796 299 599SERWIS i CZ\u0118\u015aCI &#8211; 609 900 900 ( poniedzia\u0142ek-pi\u0105tek 8-17 )e-mail : biuro@agromania.euFaktura: faktura VATUszkodzony: Nie<\/p>\n<h2>QUAD LINHAI 200 2&#215;4 2018 DOSTAWA SERWIS &#8211; PROMOCJA <\/h2>\n<p>domki z rolek po papierze toaletowym, nauka zegara do druku, prezent na pierwsze urodziny, uk\u0142ad s\u0142oneczny kolorowanka, traktor do druku, zabawki na roczek, zagadki na myslenie, afryka kazika test, prezenty roczek, jak narysowac kota, kuba imi\u0119, quizy o flagach, szlaczki<\/p>\n<p>yyyyy<\/p>\n<p>&nbsp;<\/p>\n","protected":false},"excerpt":{"rendered":"<p>LINHAI 200 2x4QUAD FABRYCZNIE NOWYPrzygotowany do rejestracji w PolsceHOMOLOGACJA DROGOWA CI\u0104GNIK CENA BRUTTO &#8211; FAKTURA VAT-23%&#8212;&#8212;&#8212;&#8212;&#8212;&#8212;&#8212;&#8212;&#8212;&#8212;&#8212;&#8212;&#8212;&#8212;&#8212;&#8212;&#8212; Nap\u0119d 2&#215;4 &#8211; na ty\u0142 wa\u0142 kardana- Skrzynia automatyczna + beg wsteczny&#8212;&#8212;&#8212;&#8212;&#8212;&#8212;&#8212;&#8212;&#8212;&#8212;&#8212;&#8212;&#8212;&#8212;&#8212;&#8212;&#8211;Ca\u0142a oferta na stronie: quadycentrum.plAkcesoria w cenie pojazdu:- Wyci\u0105garka 3000lbs- Os\u0142ony r\u0105k- \u015awiat\u0142a led- Hak holowniczy- Kufer oraz zestaw zimowy (grzane manetki,kciuk i siedzenie)Dost\u0119pne kolory: bia\u0142y, czarny&#8212;&#8212;&#8212;&#8212;&#8212;&#8212;&#8212;&#8212;&#8212;&#8212;&#8212;&#8212;&#8212;&#8212;&#8212;&#8212;&#8211;Zamawiaj\u0105c Quada [&hellip;]<\/p>\n","protected":false},"featured_media":4390,"comment_status":"closed","ping_status":"open","template":"","meta":[],"product_cat":[1210],"product_tag":[676,789],"class_list":["post-4389","product","type-product","status-publish","has-post-thumbnail","hentry","product_cat-quady-i-atv","product_tag-bursztynek","product_tag-kaczuszka"],"_links":{"self":[{"href":"http:\/\/klubmamgdynia.pl\/index.php\/wp-json\/wp\/v2\/product\/4389","targetHints":{"allow":["GET"]}}],"collection":[{"href":"http:\/\/klubmamgdynia.pl\/index.php\/wp-json\/wp\/v2\/product"}],"about":[{"href":"http:\/\/klubmamgdynia.pl\/index.php\/wp-json\/wp\/v2\/types\/product"}],"replies":[{"embeddable":true,"href":"http:\/\/klubmamgdynia.pl\/index.php\/wp-json\/wp\/v2\/comments?post=4389"}],"wp:featuredmedia":[{"embeddable":true,"href":"http:\/\/klubmamgdynia.pl\/index.php\/wp-json\/wp\/v2\/media\/4390"}],"wp:attachment":[{"href":"http:\/\/klubmamgdynia.pl\/index.php\/wp-json\/wp\/v2\/media?parent=4389"}],"wp:term":[{"taxonomy":"product_cat","embeddable":true,"href":"http:\/\/klubmamgdynia.pl\/index.php\/wp-json\/wp\/v2\/product_cat?post=4389"},{"taxonomy":"product_tag","embeddable":true,"href":"http:\/\/klubmamgdynia.pl\/index.php\/wp-json\/wp\/v2\/product_tag?post=4389"}],"curies":[{"name":"wp","href":"https:\/\/api.w.org\/{rel}","templated":true}]}}