{"id":439,"date":"2019-04-19T14:48:16","date_gmt":"2019-04-19T12:48:16","guid":{"rendered":"http:\/\/klubmamgdynia.pl\/index.php\/produkt\/emporio-armani-ea-1087-3345-52-rozm-m\/"},"modified":"2026-04-06T21:01:19","modified_gmt":"2026-04-06T19:01:19","slug":"emporio-armani-ea-1087-3345-52-rozm-m","status":"publish","type":"product","link":"http:\/\/klubmamgdynia.pl\/index.php\/produkt\/emporio-armani-ea-1087-3345-52-rozm-m\/","title":{"rendered":"Emporio Armani Ea 1087 3345 52 Rozm. M"},"content":{"rendered":"<p>Teraz w Aurum-Optics do ka\u017cdego zam\u00f3wienia dodajemy wyj\u0105tkowe korzy\u015bci &#8211; w zale\u017cno\u015bci od rodzaju okular\u00f3w.SPRAWD\u0179 DODATKOWE KORZY\u015aCIOkulary EA 1087 3345 52 &#8211; wysoka jako\u015b\u0107 i doskona\u0142y stylOkulary korekcyjne Emporio Armani EA 1087 3345 52 to doskona\u0142y wyb\u00f3r dla ka\u017cdej kobiety poszukuj\u0105cej stylowego dodatku. Te oprawki korekcyjne charakteryzuje nie tylko doskona\u0142y design &#8211; gwarantuj\u0105 one tak\u017ce najwy\u017cszy komfort widzenia. Markowe okulary Emporio ArmaniNowoczesno\u015b\u0107 po\u0142\u0105czona z klasyk\u0105 w\u0142oskiej elegancji. Jeden z najs\u0142ynniejszych na \u015bwiecie dom\u00f3w mody mark\u0105 Emporio Armani wychodzi naprzeciw potrzebom osobom m\u0142odym, dynamicznym i stawiaj\u0105cym na doskona\u0142y styl. Okulary Emporio Armani to wyb\u00f3r idealny dla ka\u017cdego, kto chce prezentowa\u0107 si\u0119 modnie w ka\u017cdej sytuacji&#8230;.<\/p>\n<h2>Emporio Armani Ea 1087 3345 52 Rozm. M <\/h2>\n<p>bardzo trudne zagadki, prezenty dla nastolatkow, cytat dla mamy, kotki do druku, imi\u0119 mia, zagadki dla dzieci 10-12 lat, koty kolorowanka, quizy o koniach, plac zabaw pozna\u0144, szablon zaproszenia na urodziny do wydruku czarno bia\u0142e<\/p>\n<p>yyyyy<\/p>\n<p>&nbsp;<\/p>\n","protected":false},"excerpt":{"rendered":"<p>Teraz w Aurum-Optics do ka\u017cdego zam\u00f3wienia dodajemy wyj\u0105tkowe korzy\u015bci &#8211; w zale\u017cno\u015bci od rodzaju okular\u00f3w.SPRAWD\u0179 DODATKOWE KORZY\u015aCIOkulary EA 1087 3345 52 &#8211; wysoka jako\u015b\u0107 i doskona\u0142y stylOkulary korekcyjne Emporio Armani EA 1087 3345 52 to doskona\u0142y wyb\u00f3r dla ka\u017cdej kobiety poszukuj\u0105cej stylowego dodatku. Te oprawki korekcyjne charakteryzuje nie tylko doskona\u0142y design &#8211; gwarantuj\u0105 one tak\u017ce [&hellip;]<\/p>\n","protected":false},"featured_media":440,"comment_status":"closed","ping_status":"open","template":"","meta":[],"product_cat":[149],"product_tag":[859,669,652,835,782],"class_list":["post-439","product","type-product","status-publish","has-post-thumbnail","hentry","product_cat-okulary-oprawki-i-szkla","product_tag-dobranoc-pchly-na-noc","product_tag-kolorowanki","product_tag-otto","product_tag-radosc-dziecka-cytaty","product_tag-zagadki-dla-dzieci-z-odpowiedziami"],"_links":{"self":[{"href":"http:\/\/klubmamgdynia.pl\/index.php\/wp-json\/wp\/v2\/product\/439","targetHints":{"allow":["GET"]}}],"collection":[{"href":"http:\/\/klubmamgdynia.pl\/index.php\/wp-json\/wp\/v2\/product"}],"about":[{"href":"http:\/\/klubmamgdynia.pl\/index.php\/wp-json\/wp\/v2\/types\/product"}],"replies":[{"embeddable":true,"href":"http:\/\/klubmamgdynia.pl\/index.php\/wp-json\/wp\/v2\/comments?post=439"}],"wp:featuredmedia":[{"embeddable":true,"href":"http:\/\/klubmamgdynia.pl\/index.php\/wp-json\/wp\/v2\/media\/440"}],"wp:attachment":[{"href":"http:\/\/klubmamgdynia.pl\/index.php\/wp-json\/wp\/v2\/media?parent=439"}],"wp:term":[{"taxonomy":"product_cat","embeddable":true,"href":"http:\/\/klubmamgdynia.pl\/index.php\/wp-json\/wp\/v2\/product_cat?post=439"},{"taxonomy":"product_tag","embeddable":true,"href":"http:\/\/klubmamgdynia.pl\/index.php\/wp-json\/wp\/v2\/product_tag?post=439"}],"curies":[{"name":"wp","href":"https:\/\/api.w.org\/{rel}","templated":true}]}}