{"id":4393,"date":"2024-10-06T18:13:47","date_gmt":"2024-10-06T16:13:47","guid":{"rendered":"http:\/\/klubmamgdynia.pl\/?post_type=product&#038;p=4393"},"modified":"2026-04-30T10:47:31","modified_gmt":"2026-04-30T08:47:31","slug":"fiskars-nozyczki-animals-ryba-13-cm-2558","status":"publish","type":"product","link":"http:\/\/klubmamgdynia.pl\/index.php\/produkt\/fiskars-nozyczki-animals-ryba-13-cm-2558\/","title":{"rendered":"Fiskars No\u017cyczki Animals Ryba 13 Cm 2558"},"content":{"rendered":"<p>Charakterystyka produktu:<br \/>\n, ,<br \/>\nR\u0105,czki w kszta\u0142,cie zwierz\u0105,t kt\u00f3,re uczyni\u0105, ci\u0119,cie zabaw\u0105, dla najm\u0142,odszych , ,Wzornictwo w &#8222;zwierzaki&#8221; a\u017c, po same ostrza , ,Ostrza ze stali nierdzewnej odporne na korozj\u0119, , ,D\u0142,ugo\u015b,\u0107, no\u017c,yczek 13 cm<\/p>\n<h2>Fiskars No\u017cyczki Animals Ryba 13 Cm 2558 Fiskars<\/h2>\n<p>mega trudne zagadki logiczne, test z lektury pies kt\u00f3ry je\u017adzi\u0142 kolej\u0105, najrzadsze imiona dla dziewczynek, prezenty dla 16 latki, uk\u0142ad s\u0142oneczny do druku<\/p>\n<p>yyyyy<\/p>\n<p>&nbsp;<\/p>\n","protected":false},"excerpt":{"rendered":"<p>Charakterystyka produktu: , , R\u0105,czki w kszta\u0142,cie zwierz\u0105,t kt\u00f3,re uczyni\u0105, ci\u0119,cie zabaw\u0105, dla najm\u0142,odszych , ,Wzornictwo w &#8222;zwierzaki&#8221; a\u017c, po same ostrza , ,Ostrza ze stali nierdzewnej odporne na korozj\u0119, , ,D\u0142,ugo\u015b,\u0107, no\u017c,yczek 13 cm Fiskars No\u017cyczki Animals Ryba 13 Cm 2558 Fiskars mega trudne zagadki logiczne, test z lektury pies kt\u00f3ry je\u017adzi\u0142 kolej\u0105, najrzadsze [&hellip;]<\/p>\n","protected":false},"featured_media":4394,"comment_status":"closed","ping_status":"open","template":"","meta":[],"product_cat":[1051,297],"product_tag":[716,861,810,600],"class_list":["post-4393","product","type-product","status-publish","has-post-thumbnail","hentry","product_cat-fiskars","product_cat-szkolne-artykuly-plastyczne","product_tag-filmy-animowane-o-swietach","product_tag-jak-narysowac-psa","product_tag-nauka-zegara-do-druku","product_tag-zaproszenia-na-urodziny-do-druku"],"_links":{"self":[{"href":"http:\/\/klubmamgdynia.pl\/index.php\/wp-json\/wp\/v2\/product\/4393","targetHints":{"allow":["GET"]}}],"collection":[{"href":"http:\/\/klubmamgdynia.pl\/index.php\/wp-json\/wp\/v2\/product"}],"about":[{"href":"http:\/\/klubmamgdynia.pl\/index.php\/wp-json\/wp\/v2\/types\/product"}],"replies":[{"embeddable":true,"href":"http:\/\/klubmamgdynia.pl\/index.php\/wp-json\/wp\/v2\/comments?post=4393"}],"wp:featuredmedia":[{"embeddable":true,"href":"http:\/\/klubmamgdynia.pl\/index.php\/wp-json\/wp\/v2\/media\/4394"}],"wp:attachment":[{"href":"http:\/\/klubmamgdynia.pl\/index.php\/wp-json\/wp\/v2\/media?parent=4393"}],"wp:term":[{"taxonomy":"product_cat","embeddable":true,"href":"http:\/\/klubmamgdynia.pl\/index.php\/wp-json\/wp\/v2\/product_cat?post=4393"},{"taxonomy":"product_tag","embeddable":true,"href":"http:\/\/klubmamgdynia.pl\/index.php\/wp-json\/wp\/v2\/product_tag?post=4393"}],"curies":[{"name":"wp","href":"https:\/\/api.w.org\/{rel}","templated":true}]}}