{"id":4395,"date":"2014-03-31T16:46:24","date_gmt":"2014-03-31T14:46:24","guid":{"rendered":"http:\/\/klubmamgdynia.pl\/index.php\/produkt\/newbright-samochod-monster-truck-zielony-124\/"},"modified":"2026-04-06T06:26:00","modified_gmt":"2026-04-06T04:26:00","slug":"newbright-samochod-monster-truck-zielony-124","status":"publish","type":"product","link":"http:\/\/klubmamgdynia.pl\/index.php\/produkt\/newbright-samochod-monster-truck-zielony-124\/","title":{"rendered":"Newbright Samoch\u00f3d Monster Truck Zielony 1:24"},"content":{"rendered":"<p>Kompaktowy monster truck z nadwoziem o du\u017cym odzwierciedleniu szczeg\u00f3\u0142\u00f3w! Ta zasilana z baterii maszyna w skali 1:24 mimo niewielkiego rozmiaru odznacza si\u0119 du\u017cym odzwierciedleniem szczeg\u00f3\u0142\u00f3w i ogromn\u0105 moc\u0105. Do\u0142\u0105czony nadajnik zapewnia pe\u0142n\u0105 kontrol\u0119 nad pojazdem dzi\u0119ki sterowaniu w prawo, w lewo, do przodu i do ty\u0142u. Nadwozie wznosi si\u0119 na czterech poka\u017anych ko\u0142ach, kt\u00f3re daj\u0105 sobie rad\u0119 z szalon\u0105 jazd\u0105 wewn\u0105trz, jak i na zewn\u0105trz pomieszcze\u0144. \u0141adne, lakierowane artystycznie motywy p\u0142omieni po obu stronach nadwozia nie pozwalaj\u0105 oderwa\u0107 wzroku od tego demona pr\u0119dko\u015bci. Samoch\u00f3d i nadajnik s\u0105 zasilane odpowiednio trzema i dwiema bateriami AA (do kupienia osobno). Samoch\u00f3d dost\u0119pny z zielonym (27 MHz) i czerwonym nadwoziem (40 MHz).<\/p>\n<h2>Newbright Samoch\u00f3d Monster Truck Zielony 1:24 <\/h2>\n<p>ja\u015bmina imi\u0119, cytaty korczaka, zagadki dla m\u0142odzie\u017cy, prezent dla nastolatk\u00f3w na \u015bwi\u0119ta, kolorowanka lego friends, stolice europy quiz, cytaty korczaka, najrzadsze imiona w polsce, quizy o koniach, bajki na dobranoc do czytania, quiz o zwierz\u0119tach domowych, kiedy dzieci zbieraja cukierki na halloween, kolorowanki pokemon do druku, kornelia, lektura asiunia &#8211; test, quizy o miko\u0142ajku, trudne zagadki dla doros\u0142ych, przyjazn, kolorowanki pokemon, kolorowanki spongebob, jesienne piosenki dla dzieci<\/p>\n<p>yyyyy<\/p>\n<p>&nbsp;<\/p>\n","protected":false},"excerpt":{"rendered":"<p>Kompaktowy monster truck z nadwoziem o du\u017cym odzwierciedleniu szczeg\u00f3\u0142\u00f3w! Ta zasilana z baterii maszyna w skali 1:24 mimo niewielkiego rozmiaru odznacza si\u0119 du\u017cym odzwierciedleniem szczeg\u00f3\u0142\u00f3w i ogromn\u0105 moc\u0105. Do\u0142\u0105czony nadajnik zapewnia pe\u0142n\u0105 kontrol\u0119 nad pojazdem dzi\u0119ki sterowaniu w prawo, w lewo, do przodu i do ty\u0142u. Nadwozie wznosi si\u0119 na czterech poka\u017anych ko\u0142ach, kt\u00f3re daj\u0105 [&hellip;]<\/p>\n","protected":false},"featured_media":4396,"comment_status":"closed","ping_status":"open","template":"","meta":[],"product_cat":[337],"product_tag":[772,662,821,795],"class_list":["post-4395","product","type-product","status-publish","has-post-thumbnail","hentry","product_cat-zabawki-zdalnie-sterowane","product_tag-45-panstw-europy-i-ich-stolice-quiz","product_tag-bajki-na-dobranoc","product_tag-marianna","product_tag-mini-zoo-warszawa"],"_links":{"self":[{"href":"http:\/\/klubmamgdynia.pl\/index.php\/wp-json\/wp\/v2\/product\/4395","targetHints":{"allow":["GET"]}}],"collection":[{"href":"http:\/\/klubmamgdynia.pl\/index.php\/wp-json\/wp\/v2\/product"}],"about":[{"href":"http:\/\/klubmamgdynia.pl\/index.php\/wp-json\/wp\/v2\/types\/product"}],"replies":[{"embeddable":true,"href":"http:\/\/klubmamgdynia.pl\/index.php\/wp-json\/wp\/v2\/comments?post=4395"}],"wp:featuredmedia":[{"embeddable":true,"href":"http:\/\/klubmamgdynia.pl\/index.php\/wp-json\/wp\/v2\/media\/4396"}],"wp:attachment":[{"href":"http:\/\/klubmamgdynia.pl\/index.php\/wp-json\/wp\/v2\/media?parent=4395"}],"wp:term":[{"taxonomy":"product_cat","embeddable":true,"href":"http:\/\/klubmamgdynia.pl\/index.php\/wp-json\/wp\/v2\/product_cat?post=4395"},{"taxonomy":"product_tag","embeddable":true,"href":"http:\/\/klubmamgdynia.pl\/index.php\/wp-json\/wp\/v2\/product_tag?post=4395"}],"curies":[{"name":"wp","href":"https:\/\/api.w.org\/{rel}","templated":true}]}}