{"id":4397,"date":"2025-02-15T06:05:21","date_gmt":"2025-02-15T05:05:21","guid":{"rendered":"http:\/\/klubmamgdynia.pl\/?post_type=product&#038;p=4397"},"modified":"2026-04-04T02:28:58","modified_gmt":"2026-04-04T00:28:58","slug":"starpak-psi-patrol-zestaw-artystyczny-68el-kredki-farby","status":"publish","type":"product","link":"http:\/\/klubmamgdynia.pl\/index.php\/produkt\/starpak-psi-patrol-zestaw-artystyczny-68el-kredki-farby\/","title":{"rendered":"Starpak Psi Patrol Zestaw Artystyczny 68El Kredki Farby"},"content":{"rendered":"<p>Psi Patrol Zestaw Artystyczny Kredki Farby Pisaki<\/p>\n<h2>Starpak Psi Patrol Zestaw Artystyczny 68El Kredki Farby Starpak<\/h2>\n<p>test opowie\u015b\u0107 wigilijna, domki z rolek po papierze toaletowym, przys\u0142owia o rodzinie, quiz minecraft, cytaty o rodzinie i dzieciach, quiz stolice europy, horror dla dzieci<\/p>\n<p>yyyyy<\/p>\n<p>&nbsp;<\/p>\n","protected":false},"excerpt":{"rendered":"<p>Psi Patrol Zestaw Artystyczny Kredki Farby Pisaki Starpak Psi Patrol Zestaw Artystyczny 68El Kredki Farby Starpak test opowie\u015b\u0107 wigilijna, domki z rolek po papierze toaletowym, przys\u0142owia o rodzinie, quiz minecraft, cytaty o rodzinie i dzieciach, quiz stolice europy, horror dla dzieci yyyyy &nbsp;<\/p>\n","protected":false},"featured_media":4398,"comment_status":"closed","ping_status":"open","template":"","meta":[],"product_cat":[269,297],"product_tag":[776,626,730,787,757,736],"class_list":["post-4397","product","type-product","status-publish","has-post-thumbnail","hentry","product_cat-starpak","product_cat-szkolne-artykuly-plastyczne","product_tag-dobrej-nocy","product_tag-jacek","product_tag-karyna","product_tag-nauka-pisania-wyrazow-dla-dzieci-do-druku-pdf","product_tag-test-z-lektury-ania-z-zielonego-wzgorza-klasa-6-z-odpowiedziami","product_tag-zabawki-na-roczek"],"_links":{"self":[{"href":"http:\/\/klubmamgdynia.pl\/index.php\/wp-json\/wp\/v2\/product\/4397","targetHints":{"allow":["GET"]}}],"collection":[{"href":"http:\/\/klubmamgdynia.pl\/index.php\/wp-json\/wp\/v2\/product"}],"about":[{"href":"http:\/\/klubmamgdynia.pl\/index.php\/wp-json\/wp\/v2\/types\/product"}],"replies":[{"embeddable":true,"href":"http:\/\/klubmamgdynia.pl\/index.php\/wp-json\/wp\/v2\/comments?post=4397"}],"wp:featuredmedia":[{"embeddable":true,"href":"http:\/\/klubmamgdynia.pl\/index.php\/wp-json\/wp\/v2\/media\/4398"}],"wp:attachment":[{"href":"http:\/\/klubmamgdynia.pl\/index.php\/wp-json\/wp\/v2\/media?parent=4397"}],"wp:term":[{"taxonomy":"product_cat","embeddable":true,"href":"http:\/\/klubmamgdynia.pl\/index.php\/wp-json\/wp\/v2\/product_cat?post=4397"},{"taxonomy":"product_tag","embeddable":true,"href":"http:\/\/klubmamgdynia.pl\/index.php\/wp-json\/wp\/v2\/product_tag?post=4397"}],"curies":[{"name":"wp","href":"https:\/\/api.w.org\/{rel}","templated":true}]}}